{"id":5351,"date":"2023-06-13T10:01:03","date_gmt":"2023-06-13T08:01:03","guid":{"rendered":"https:\/\/ambberna.esteri.it\/italia-e-svizzera\/diplomazia-economica\/fare-affari-in-svizzera\/servizi-per-le-imprese\/formazione\/"},"modified":"2023-12-07T16:17:01","modified_gmt":"2023-12-07T14:17:01","slug":"formazione","status":"publish","type":"page","link":"https:\/\/ambberna.esteri.it\/de\/italia-e-svizzera\/diplomazia-economica\/fare-affari-in-svizzera\/servizi-per-le-imprese\/formazione\/","title":{"rendered":"Ausbildung"},"content":{"rendered":"<p><a href=\"https:\/\/www.formez.it\/\"><strong>Ausbildungs- und Studienzentrum &#8211; FORMEZ<\/strong><\/a><\/p>\n<ul>\n<li>Institut, das technische Unterst\u00fctzung sowie Ausbildungs- und Informationsdienste haupts\u00e4chlich f\u00fcr lokale Verwaltungen anbietet;<\/li>\n<li>Beteiligung an Initiativen zur technischen Unterst\u00fctzung und Ausbildung auf nationaler und internationaler Ebene in Zusammenarbeit mit \u00f6ffentlichen und privaten Organisationen;<\/li>\n<li>Der Dienst Sportello Impresa von Formez f\u00fchrt kontinuierliche Ausbildungs-, Unterst\u00fctzungs- und Beratungsaktivit\u00e4ten durch, um die lokalen Beh\u00f6rden bei der Umsetzung und Entwicklung der Sportelli Unici f\u00fcr produktive T\u00e4tigkeiten zu unterst\u00fctzen.<\/li>\n<\/ul>\n","protected":false},"excerpt":{"rendered":"Ausbildungs- und Studienzentrum &#8211; FORMEZ Institut, das technische Unterst\u00fctzung sowie Ausbildungs- und Informationsdienste haupts\u00e4chlich f\u00fcr lokale Verwaltungen anbietet; Beteiligung an Initiativen zur technischen Unterst\u00fctzung und Ausbildung auf nationaler und internationaler Ebene in Zusammenarbeit mit \u00f6ffentlichen und privaten Organisationen; Der Dienst Sportello Impresa von Formez f\u00fchrt kontinuierliche Ausbildungs-, Unterst\u00fctzungs- und Beratungsaktivit\u00e4ten durch, um die lokalen Beh\u00f6rden [&hellip;]","protected":false},"author":4,"featured_media":0,"parent":5294,"menu_order":0,"comment_status":"closed","ping_status":"closed","template":"","meta":{"footnotes":""},"class_list":["post-5351","page","type-page","status-publish","hentry"],"_links":{"self":[{"href":"https:\/\/ambberna.esteri.it\/de\/wp-json\/wp\/v2\/pages\/5351","targetHints":{"allow":["GET"]}}],"collection":[{"href":"https:\/\/ambberna.esteri.it\/de\/wp-json\/wp\/v2\/pages"}],"about":[{"href":"https:\/\/ambberna.esteri.it\/de\/wp-json\/wp\/v2\/types\/page"}],"author":[{"embeddable":true,"href":"https:\/\/ambberna.esteri.it\/de\/wp-json\/wp\/v2\/users\/4"}],"replies":[{"embeddable":true,"href":"https:\/\/ambberna.esteri.it\/de\/wp-json\/wp\/v2\/comments?post=5351"}],"version-history":[{"count":2,"href":"https:\/\/ambberna.esteri.it\/de\/wp-json\/wp\/v2\/pages\/5351\/revisions"}],"predecessor-version":[{"id":5355,"href":"https:\/\/ambberna.esteri.it\/de\/wp-json\/wp\/v2\/pages\/5351\/revisions\/5355"}],"up":[{"embeddable":true,"href":"https:\/\/ambberna.esteri.it\/de\/wp-json\/wp\/v2\/pages\/5294"}],"wp:attachment":[{"href":"https:\/\/ambberna.esteri.it\/de\/wp-json\/wp\/v2\/media?parent=5351"}],"curies":[{"name":"wp","href":"https:\/\/api.w.org\/{rel}","templated":true}]}}