{"id":5360,"date":"2023-06-13T10:01:42","date_gmt":"2023-06-13T08:01:42","guid":{"rendered":"https:\/\/ambberna.esteri.it\/italia-e-svizzera\/diplomazia-economica\/fare-affari-in-svizzera\/servizi-per-le-imprese\/informazioni-settoriali\/"},"modified":"2023-12-07T16:32:20","modified_gmt":"2023-12-07T14:32:20","slug":"informazioni-settoriali","status":"publish","type":"page","link":"https:\/\/ambberna.esteri.it\/de\/italia-e-svizzera\/diplomazia-economica\/fare-affari-in-svizzera\/servizi-per-le-imprese\/informazioni-settoriali\/","title":{"rendered":"Sektorspezifische Informationen"},"content":{"rendered":"<p><span style=\"text-decoration: underline;\"><strong>Nicht-wirtschaftliche \u00f6ffentliche Einrichtungen<\/strong><\/span><\/p>\n<p><a href=\"http:\/\/www.informest.it\/\"><strong>INFORMEST<\/strong><\/a><strong> &#8211; Service- und Dokumentationszentrum f\u00fcr internationale wirtschaftliche Zusammenarbeit<\/strong><\/p>\n<ul>\n<li>Gemeinn\u00fctzige \u00f6ffentliche Einrichtung, die gegr\u00fcndet wurde, um den Marktteilnehmern Informationsdienste, Dokumentationen, Schulungen, Unterst\u00fctzung und Beratung zu den L\u00e4ndern Osteuropas (Balkan, Mittel- und Osteuropa, GUS) und Mittel- und Ostasiens (China, Mongolei, Vietnam) anzubieten;<\/li>\n<li>die Dienstleistungen von Informest zur Nutzung \u00f6ffentlicher F\u00f6rderinstrumente f\u00fcr die Internationalisierung umfassen die Unterst\u00fctzung von Unternehmen bei der Beantragung von F\u00f6rdermitteln oder Beitr\u00e4gen bis zum Abschluss des entsprechenden Verfahrens.<\/li>\n<\/ul>\n<p><strong><a href=\"http:\/\/www.ipi.it\/\">IPI<\/a> &#8211; Institut f\u00fcr Industrief\u00f6rderung<\/strong><\/p>\n<ul>\n<li>Staatliche Einrichtung, die dem Ministerium f\u00fcr produktive T\u00e4tigkeiten untersteht und auf die F\u00f6rderung des Wachstums und der Wettbewerbsf\u00e4higkeit von Produktions- und Wirtschaftssystemen in einem globalisierten internationalen Kontext spezialisiert ist;<\/li>\n<li>beteiligt sich an der Konzeption, Umsetzung und Verwaltung von Programmen, Systemma\u00dfnahmen und Instrumenten zur Unterst\u00fctzung der Entwicklung des italienischen Unternehmertums;<\/li>\n<li>ist im Rahmen der internationalen multilateralen und bilateralen industriellen Kooperationsprozesse t\u00e4tig, die von der italienischen Regierung gef\u00f6rdert werden.<\/li>\n<\/ul>\n<p><span style=\"text-decoration: underline;\"><strong>Einige wichtige repr\u00e4sentative Organisationen<\/strong><\/span><\/p>\n<p><strong><a href=\"https:\/\/www.confindustria.it\/en\">CONFINDUSTRIA<\/a> &#8211; Repr\u00e4sentative Organisation der Produktions- und Dienstleistungsunternehmen in Italien<\/strong><\/p>\n<ul>\n<li>Allgemeiner Verband der italienischen Industrie, der zusammen mit politischen Institutionen und nationalen und internationalen wirtschaftlichen, sozialen und kulturellen Organisationen zum wirtschaftlichen Wachstum und sozialen Fortschritt des Landes beitr\u00e4gt;<\/li>\n<li>interveniert zur Unterst\u00fctzung wirtschaftlicher, politischer, sozialer und kultureller Organisationen im Land und in der Europ\u00e4ischen Union;<\/li>\n<li>vertritt und sch\u00fctzt den Produktionssektor von Waren und Dienstleistungen.<\/li>\n<\/ul>\n<p><strong><a href=\"https:\/\/www.confapi.org\/it\/\">CONFAPI<\/a> &#8211; Italienischer Verband der kleinen und mittleren Unternehmen<\/strong><\/p>\n<ul>\n<li>Verband, der die Interessen der kleinen und mittleren Industrie f\u00f6rdert;<\/li>\n<li>f\u00f6rdert die wirtschaftliche und zivile Entwicklung des Landes in Verbindung mit nationalen und ausl\u00e4ndischen Organisationen und Institutionen.<\/li>\n<\/ul>\n<p><strong><a href=\"https:\/\/www.confcommercio.it\/\">CONFCOMMERCIO<\/a> &#8211; Allgemeiner italienischer Verband f\u00fcr Handel, Tourismus, Dienstleistungen und KMU<\/strong><\/p>\n<ul>\n<li>Verband, der die Gemeinschaftspolitiken in diesem Sektor definiert und mit der Europ\u00e4ischen Union zusammenarbeitet;<\/li>\n<li>unterst\u00fctzt und k\u00fcmmert sich um das Verfahren f\u00fcr die Gew\u00e4hrung von Beitr\u00e4gen f\u00fcr Werbeaktivit\u00e4ten im Ausland;<\/li>\n<li>Identifizierung von Absatzm\u00e4rkten und die Suche nach potenziellen K\u00e4ufern auf internationalen M\u00e4rkten.<\/li>\n<\/ul>\n<p><strong><a href=\"https:\/\/www.confartigianato.it\/\">CONFARTIGIANATO<\/a> &#8211; Informations- und Vertretungsorganisation f\u00fcr Handwerksbetriebe<\/strong><\/p>\n<ul>\n<li>Verband, der die Entwicklung neuer Unternehmen durch Ausbildungsma\u00dfnahmen, Informationen \u00fcber M\u00f6glichkeiten und Einrichtungen auf nationaler und lokaler Ebene unterst\u00fctzt;<\/li>\n<li>bietet eine erste Bewertung der Qualit\u00e4t des Gesch\u00e4ftsvorhabens und bietet grundlegende Beratung in den Bereichen Gesetzgebung, Kredite, Steuern und Umwelt;<\/li>\n<li>bietet eine subventionierte Finanzierung, um das &#8222;Gesch\u00e4ftsprojekt&#8220; mit den notwendigen Instrumenten auszustatten, damit es verwirklicht werden kann.<\/li>\n<\/ul>\n<p><strong><a href=\"https:\/\/www.cna.it\/\">CNA<\/a> &#8211; Nationaler Verband des Handwerks und der kleinen und mittleren Unternehmen<\/strong><\/p>\n<ul>\n<li>Organisation, die Handwerksbetriebe vertritt;<\/li>\n<li>formuliert Strategien f\u00fcr den Sektor, bietet einen Informationsdienst \u00fcber M\u00f6glichkeiten, Programme und Ausschreibungen der Europ\u00e4ischen Union;<\/li>\n<li>vertritt die Welt der Selbstst\u00e4ndigen, indem sie Berater, Fachleute und Mitarbeiter unter dem Namen &#8222;CNA in proprio&#8220; zusammenbringt.<\/li>\n<\/ul>\n<p><strong><a href=\"https:\/\/www.confagricoltura.it\/ita\/\">CONFAGRICOLTURA<\/a> &#8211; Italienische Landwirtschaftsorganisation<\/strong><\/p>\n<ul>\n<li>Verband zur F\u00f6rderung, Unterst\u00fctzung und Koordinierung wirtschaftlicher Aktivit\u00e4ten f\u00fcr einzelne Produkte oder Produktionsbereiche;<\/li>\n<li>vertritt und sch\u00fctzt die Mitgliedsunternehmen gegen\u00fcber den Institutionen;<\/li>\n<li>bietet seinen Mitgliedern qualifizierte Dienstleistungen verschiedener Art an (Rechtsberatung, Ausbildung und technische Unterst\u00fctzung f\u00fcr die Betriebsf\u00fchrung).<\/li>\n<\/ul>\n","protected":false},"excerpt":{"rendered":"Nicht-wirtschaftliche \u00f6ffentliche Einrichtungen INFORMEST &#8211; Service- und Dokumentationszentrum f\u00fcr internationale wirtschaftliche Zusammenarbeit Gemeinn\u00fctzige \u00f6ffentliche Einrichtung, die gegr\u00fcndet wurde, um den Marktteilnehmern Informationsdienste, Dokumentationen, Schulungen, Unterst\u00fctzung und Beratung zu den L\u00e4ndern Osteuropas (Balkan, Mittel- und Osteuropa, GUS) und Mittel- und Ostasiens (China, Mongolei, Vietnam) anzubieten; die Dienstleistungen von Informest zur Nutzung \u00f6ffentlicher F\u00f6rderinstrumente f\u00fcr die Internationalisierung [&hellip;]","protected":false},"author":4,"featured_media":0,"parent":5294,"menu_order":0,"comment_status":"closed","ping_status":"closed","template":"","meta":{"footnotes":""},"class_list":["post-5360","page","type-page","status-publish","hentry"],"_links":{"self":[{"href":"https:\/\/ambberna.esteri.it\/de\/wp-json\/wp\/v2\/pages\/5360","targetHints":{"allow":["GET"]}}],"collection":[{"href":"https:\/\/ambberna.esteri.it\/de\/wp-json\/wp\/v2\/pages"}],"about":[{"href":"https:\/\/ambberna.esteri.it\/de\/wp-json\/wp\/v2\/types\/page"}],"author":[{"embeddable":true,"href":"https:\/\/ambberna.esteri.it\/de\/wp-json\/wp\/v2\/users\/4"}],"replies":[{"embeddable":true,"href":"https:\/\/ambberna.esteri.it\/de\/wp-json\/wp\/v2\/comments?post=5360"}],"version-history":[{"count":2,"href":"https:\/\/ambberna.esteri.it\/de\/wp-json\/wp\/v2\/pages\/5360\/revisions"}],"predecessor-version":[{"id":5364,"href":"https:\/\/ambberna.esteri.it\/de\/wp-json\/wp\/v2\/pages\/5360\/revisions\/5364"}],"up":[{"embeddable":true,"href":"https:\/\/ambberna.esteri.it\/de\/wp-json\/wp\/v2\/pages\/5294"}],"wp:attachment":[{"href":"https:\/\/ambberna.esteri.it\/de\/wp-json\/wp\/v2\/media?parent=5360"}],"curies":[{"name":"wp","href":"https:\/\/api.w.org\/{rel}","templated":true}]}}