{"id":6718,"date":"2023-10-17T12:18:32","date_gmt":"2023-10-17T10:18:32","guid":{"rendered":"https:\/\/ambberna.esteri.it\/italia-e-svizzera\/diplomazia-scientifica\/chi-siamo\/"},"modified":"2024-06-27T16:58:04","modified_gmt":"2024-06-27T14:58:04","slug":"chi-siamo","status":"publish","type":"page","link":"https:\/\/ambberna.esteri.it\/de\/italia-e-svizzera\/diplomazia-scientifica\/chi-siamo\/","title":{"rendered":"Wer wir sind"},"content":{"rendered":"<p style=\"text-align: right;\"><a href=\"https:\/\/ambberna.esteri.it\/italia-e-svizzera\/diplomazia-scientifica\/chi-siamo\/who-are-we\/\">English version<\/a><\/p>\n<p>Der Wissenschaftsattach\u00e9 (AS) f\u00fcr die Schweiz und das F\u00fcrstentum Liechtenstein ist <a href=\"https:\/\/www.esteri.it\/wp-content\/uploads\/2022\/03\/CV_Valenziano_February2022_short.pdf\" target=\"_blank\" rel=\"noopener\">Dr. Luca Valenziano<\/a>, der im italienischen Generalkonsulat in Z\u00fcrich arbeitet und f\u00fcr die bilateralen Beziehungen zwischen Italien und der gesamten Schweizerischen Eidgenossenschaft zust\u00e4ndig ist.<\/p>\n<p>Die AS befasst sich in erster Linie mit der F\u00f6rderung wissenschaftlicher Fragen, die sich aus den Arbeiten der Gemischten Kommission (GM) zur Umsetzung des Abkommens \u00fcber die wissenschaftliche Zusammenarbeit zwischen Italien und der Schweiz ergeben.<\/p>\n<p>Zu den wichtigsten Aktivit\u00e4ten der AS geh\u00f6ren:<\/p>\n<ul>\n<li>Beziehungen zu den schweizerischen Institutionen auf Bundesebene: SEFRI (Staatssekretariat f\u00fcr Bildung, Forschung und Innovation), SNF (Schweizerischer Nationalfonds zur F\u00f6rderung der wissenschaftlichen Forschung), SSO (Swiss Space Office), Schweizer Universit\u00e4ten.<\/li>\n<li>Beziehungen zu den Eidgen\u00f6ssischen Technischen Hochschulen und den kantonalen Universit\u00e4ten: Aufbau von organischen Kooperationsbeziehungen zur F\u00f6rderung des Austauschs mit italienischen Universit\u00e4ten.<\/li>\n<li>Beziehungen zur italienischen Forschungsgemeinschaft in der Schweiz: Aufbau einer stabilen Beziehung zur grossen italienischen Gemeinschaft in der Schweiz und F\u00f6rderung der Plattform <a href=\"https:\/\/innovitalia.esteri.it\/\" target=\"_blank\" rel=\"noopener\">Innovitalia<\/a>.<\/li>\n<li>Integrierte Promotions- und L\u00e4ndersystem-Aktionen: F\u00f6rderung des italienischen Hightech-Kontextes in der Schweiz, Verbindung italienischer Akteure mit Schweizer Forschungszentren, Unternehmen, Beschleunigern und Inkubatoren sowie Institutionen. Die AS f\u00fchrt diese Aktivit\u00e4ten sowohl unabh\u00e4ngig als auch in Zusammenarbeit mit dem <a href=\"https:\/\/ccis.ch\/\" target=\"_blank\" rel=\"noopener\">CCIS<\/a> und dem <a href=\"https:\/\/www.ice.it\/it\/mercati\/svizzera\" target=\"_blank\" rel=\"noopener\">ICE\/ITA<\/a>-B\u00fcro durch.<\/li>\n<li>Organisation von Veranstaltungen mit dem Ziel, die wissenschaftliche Zusammenarbeit im akademischen Umfeld zu f\u00f6rdern und die italienische Forschung in der Schweizer \u00d6ffentlichkeit, vor allem in der italienischen Sprache, und bei den Akteuren bekannt zu machen.<\/li>\n<\/ul>\n","protected":false},"excerpt":{"rendered":"English version Der Wissenschaftsattach\u00e9 (AS) f\u00fcr die Schweiz und das F\u00fcrstentum Liechtenstein ist Dr. Luca Valenziano, der im italienischen Generalkonsulat in Z\u00fcrich arbeitet und f\u00fcr die bilateralen Beziehungen zwischen Italien und der gesamten Schweizerischen Eidgenossenschaft zust\u00e4ndig ist. Die AS befasst sich in erster Linie mit der F\u00f6rderung wissenschaftlicher Fragen, die sich aus den Arbeiten der [&hellip;]","protected":false},"author":8,"featured_media":0,"parent":3954,"menu_order":0,"comment_status":"closed","ping_status":"closed","template":"","meta":{"footnotes":""},"class_list":["post-6718","page","type-page","status-publish","hentry"],"_links":{"self":[{"href":"https:\/\/ambberna.esteri.it\/de\/wp-json\/wp\/v2\/pages\/6718","targetHints":{"allow":["GET"]}}],"collection":[{"href":"https:\/\/ambberna.esteri.it\/de\/wp-json\/wp\/v2\/pages"}],"about":[{"href":"https:\/\/ambberna.esteri.it\/de\/wp-json\/wp\/v2\/types\/page"}],"author":[{"embeddable":true,"href":"https:\/\/ambberna.esteri.it\/de\/wp-json\/wp\/v2\/users\/8"}],"replies":[{"embeddable":true,"href":"https:\/\/ambberna.esteri.it\/de\/wp-json\/wp\/v2\/comments?post=6718"}],"version-history":[{"count":3,"href":"https:\/\/ambberna.esteri.it\/de\/wp-json\/wp\/v2\/pages\/6718\/revisions"}],"predecessor-version":[{"id":6728,"href":"https:\/\/ambberna.esteri.it\/de\/wp-json\/wp\/v2\/pages\/6718\/revisions\/6728"}],"up":[{"embeddable":true,"href":"https:\/\/ambberna.esteri.it\/de\/wp-json\/wp\/v2\/pages\/3954"}],"wp:attachment":[{"href":"https:\/\/ambberna.esteri.it\/de\/wp-json\/wp\/v2\/media?parent=6718"}],"curies":[{"name":"wp","href":"https:\/\/api.w.org\/{rel}","templated":true}]}}