{"id":6737,"date":"2023-10-24T17:38:03","date_gmt":"2023-10-24T15:38:03","guid":{"rendered":"https:\/\/ambberna.esteri.it\/italia-e-svizzera\/diplomazia-scientifica\/news\/"},"modified":"2024-06-27T17:08:56","modified_gmt":"2024-06-27T15:08:56","slug":"news","status":"publish","type":"page","link":"https:\/\/ambberna.esteri.it\/de\/italia-e-svizzera\/diplomazia-scientifica\/news\/","title":{"rendered":"News"},"content":{"rendered":"<p>&nbsp;<\/p>\n<p>Die Nachrichten der Wissenschaftsdiplomatie werden auf der Seite des B\u00fcros des Wissenschaftsattach\u00e9s im italienischen Generalkonsulat in Z\u00fcrich gehostet, zu der Sie in 5 Sekunden weitergeleitet werden, oder folgen Sie diesem <a href=\"https:\/\/conszurigo.esteri.it\/italia-e-svizzera\/diplomazia-scientifica\/news\/\">Link.<\/a><\/p>\n","protected":false},"excerpt":{"rendered":"&nbsp; Die Nachrichten der Wissenschaftsdiplomatie werden auf der Seite des B\u00fcros des Wissenschaftsattach\u00e9s im italienischen Generalkonsulat in Z\u00fcrich gehostet, zu der Sie in 5 Sekunden weitergeleitet werden, oder folgen Sie diesem Link.","protected":false},"author":8,"featured_media":0,"parent":3954,"menu_order":13,"comment_status":"closed","ping_status":"closed","template":"","meta":{"footnotes":""},"class_list":["post-6737","page","type-page","status-publish","hentry"],"_links":{"self":[{"href":"https:\/\/ambberna.esteri.it\/de\/wp-json\/wp\/v2\/pages\/6737","targetHints":{"allow":["GET"]}}],"collection":[{"href":"https:\/\/ambberna.esteri.it\/de\/wp-json\/wp\/v2\/pages"}],"about":[{"href":"https:\/\/ambberna.esteri.it\/de\/wp-json\/wp\/v2\/types\/page"}],"author":[{"embeddable":true,"href":"https:\/\/ambberna.esteri.it\/de\/wp-json\/wp\/v2\/users\/8"}],"replies":[{"embeddable":true,"href":"https:\/\/ambberna.esteri.it\/de\/wp-json\/wp\/v2\/comments?post=6737"}],"version-history":[{"count":1,"href":"https:\/\/ambberna.esteri.it\/de\/wp-json\/wp\/v2\/pages\/6737\/revisions"}],"predecessor-version":[{"id":6750,"href":"https:\/\/ambberna.esteri.it\/de\/wp-json\/wp\/v2\/pages\/6737\/revisions\/6750"}],"up":[{"embeddable":true,"href":"https:\/\/ambberna.esteri.it\/de\/wp-json\/wp\/v2\/pages\/3954"}],"wp:attachment":[{"href":"https:\/\/ambberna.esteri.it\/de\/wp-json\/wp\/v2\/media?parent=6737"}],"curies":[{"name":"wp","href":"https:\/\/api.w.org\/{rel}","templated":true}]}}