{"id":3758,"date":"2023-04-11T17:53:01","date_gmt":"2023-04-11T15:53:01","guid":{"rendered":"https:\/\/ambberna.esteri.it\/chi-siamo\/lambasciatore\/"},"modified":"2023-11-21T12:45:13","modified_gmt":"2023-11-21T10:45:13","slug":"lambasciatore","status":"publish","type":"page","link":"https:\/\/ambberna.esteri.it\/fr\/chi-siamo\/lambasciatore\/","title":{"rendered":"L\u2019Ambassadeur"},"content":{"rendered":"<p><strong>GIAN LORENZO CORNADO<\/strong><\/p>\n<p><img decoding=\"async\" src=\"https:\/\/ambberna.esteri.it\/wp-content\/uploads\/2023\/09\/D.jpeg\" alt=\"amb cornado\" width=\"100%\" \/><\/p>\n<p>N\u00e9 en 1959. Dipl\u00f4m\u00e9 en sciences politiques en 1984 \u00e0 la Luiss \u2013 Libera Universit\u00e0 Internazionale degli Studi Sociali Guido Carli, Rome.<\/p>\n<p>Carri\u00e8re diplomatique<\/p>\n<ul>\n<li>1985 &#8211; 1987: Direction g\u00e9n\u00e9rale pour les migrations et les affaires sociales, Minist\u00e9re des Affaires \u00e9trang\u00e8res, Rome;<\/li>\n<li>1987 &#8211; 1992: Premier secr\u00e9taire \u00e0 l\u2019Ambassade d\u2019Italie au Canada;<\/li>\n<li>1992 &#8211; 1994: Consul d\u2019Italie \u00e0 Toulouse;<\/li>\n<li>1994 &#8211; 1997: Direction g\u00e9n\u00e9rale du personnel et de l\u2019administration, Minist\u00e9re des Affaires \u00e9trang\u00e8res, Rome;<\/li>\n<li>1997 &#8211; 2000: Conseiller \u00e0 la Mission permanente de l\u2019Italie aupr\u00e8s des Nations unies \u00e0 New York;<\/li>\n<li>2000 &#8211; 2004: Consul g\u00e9n\u00e9ral d\u2019Italie \u00e0 Montr\u00e9al;<\/li>\n<li>2000 &#8211; 2004: Repr\u00e9sentant permanent de l\u2019Italie aupr\u00e8s de l\u2019Organisation de l\u2019aviation civile internationale \u00e0 Montr\u00e9al;<\/li>\n<li>2004 &#8211; 2005: Bureau du Secr\u00e9taire general, Minist\u00e9re des Affaires \u00e9trang\u00e8res, Rome;<\/li>\n<li>2005 &#8211; 2006: Chef du Bureau des Nations unies, Minist\u00e9re des Affaires \u00e9trang\u00e8res, Rome;<\/li>\n<li>2006 &#8211; 2009: Conseiller diplomatique du Ministre de la Justice, Rome;<\/li>\n<li>2009 &#8211; 2010: Ambassadeur, Repr\u00e9sentant permanent adjoint de l\u2019Italie aupr\u00e8s des Nations unies \u00e0 New York;<\/li>\n<li>2010 &#8211; 2012: Chef de mission adjoint \u00e0 l\u2019Ambassade d\u2019Italie aux Etats-Unis;<\/li>\n<li>2012 &#8211; 2013: Directeur de Cabinet du Ministre des Affaires \u00e9trang\u00e8res, Rome;<\/li>\n<li>2013 &#8211; 2017: Ambassadeur d\u2019Italie au Canada;<\/li>\n<li>2017 &#8211; 2018: Directeur de Cabinet du Ministre des Affaires \u00e9trang\u00e8res et de la coop\u00e9ration internationale, Rome;<\/li>\n<li>2018 &#8211; 2023 Ambassadeur, Repr\u00e9sentant permanent de l\u2019Italie aupr\u00e8s des Nations unies et des autres Organisations internationales \u00e0 Gen\u00e8ve<\/li>\n<li>4 septembre 2023: Ambassadeur d\u2019Italie en Suisse et au Liechtenstein<\/li>\n<\/ul>\n","protected":false},"excerpt":{"rendered":"GIAN LORENZO CORNADO N\u00e9 en 1959. Dipl\u00f4m\u00e9 en sciences politiques en 1984 \u00e0 la Luiss \u2013 Libera Universit\u00e0 Internazionale degli Studi Sociali Guido Carli, Rome. Carri\u00e8re diplomatique 1985 &#8211; 1987: Direction g\u00e9n\u00e9rale pour les migrations et les affaires sociales, Minist\u00e9re des Affaires \u00e9trang\u00e8res, Rome; 1987 &#8211; 1992: Premier secr\u00e9taire \u00e0 l\u2019Ambassade d\u2019Italie au Canada; 1992 [&hellip;]","protected":false},"author":1,"featured_media":0,"parent":3748,"menu_order":0,"comment_status":"closed","ping_status":"closed","template":"","meta":{"footnotes":""},"class_list":["post-3758","page","type-page","status-publish","hentry"],"_links":{"self":[{"href":"https:\/\/ambberna.esteri.it\/fr\/wp-json\/wp\/v2\/pages\/3758","targetHints":{"allow":["GET"]}}],"collection":[{"href":"https:\/\/ambberna.esteri.it\/fr\/wp-json\/wp\/v2\/pages"}],"about":[{"href":"https:\/\/ambberna.esteri.it\/fr\/wp-json\/wp\/v2\/types\/page"}],"author":[{"embeddable":true,"href":"https:\/\/ambberna.esteri.it\/fr\/wp-json\/wp\/v2\/users\/1"}],"replies":[{"embeddable":true,"href":"https:\/\/ambberna.esteri.it\/fr\/wp-json\/wp\/v2\/comments?post=3758"}],"version-history":[{"count":1,"href":"https:\/\/ambberna.esteri.it\/fr\/wp-json\/wp\/v2\/pages\/3758\/revisions"}],"predecessor-version":[{"id":3813,"href":"https:\/\/ambberna.esteri.it\/fr\/wp-json\/wp\/v2\/pages\/3758\/revisions\/3813"}],"up":[{"embeddable":true,"href":"https:\/\/ambberna.esteri.it\/fr\/wp-json\/wp\/v2\/pages\/3748"}],"wp:attachment":[{"href":"https:\/\/ambberna.esteri.it\/fr\/wp-json\/wp\/v2\/media?parent=3758"}],"curies":[{"name":"wp","href":"https:\/\/api.w.org\/{rel}","templated":true}]}}