{"id":3763,"date":"2023-04-11T17:55:33","date_gmt":"2023-04-11T15:55:33","guid":{"rendered":"https:\/\/ambberna.esteri.it\/chi-siamo\/la-sede\/"},"modified":"2023-11-21T14:24:25","modified_gmt":"2023-11-21T12:24:25","slug":"la-sede","status":"publish","type":"page","link":"https:\/\/ambberna.esteri.it\/fr\/chi-siamo\/la-sede\/","title":{"rendered":"Le Si\u00e8ge"},"content":{"rendered":"<p><strong>Contexte historique<\/strong><\/p>\n<p>Le si\u00e8ge de l&rsquo;ambassade d&rsquo;Italie \u00e0 Berne se compose de deux b\u00e2timents, la Residenza et la Cancelleria. Les b\u00e2timents appartenaient \u00e0 la famille Paulucci de&rsquo; Calboli, qui y a v\u00e9cu jusqu&rsquo;au d\u00e9but des ann\u00e9es 1900. De 1913 \u00e0 1919, c&rsquo;\u00e9tait la r\u00e9sidence de l&rsquo;ambassadeur Raniero Paulucci de&rsquo; Calboli. Une plaque sur la fa\u00e7ade de la r\u00e9sidence comm\u00e9more le m\u00e9daill\u00e9 d&rsquo;or Fulcieri, fils de l&rsquo;ambassadeur, engag\u00e9 volontaire dans la Premi\u00e8re Guerre mondiale. Rest\u00e9e seule h\u00e9riti\u00e8re de la famille Paulucci, la fille de l&rsquo;ambassadeur, la marquise Eugenia Virginia, c\u00e8de \u00e0 l&rsquo;\u00c9tat italien la r\u00e9sidence, son annexe et son jardin, d&rsquo;une superficie totale de 5 300 m\u00e8tres carr\u00e9s. L&rsquo;\u00c9tat italien a achet\u00e9 la propri\u00e9t\u00e9 pour 450 000 francs suisses par un acte dat\u00e9 du 4 f\u00e9vrier 1920 du notaire Frutiger \u00e0 Berne. L&rsquo;enregistrement de l&rsquo;acte au registre foncier de la ville de Berne est dat\u00e9 du 3 avril 1920.<\/p>\n<p>&nbsp;<\/p>\n<table>\n<tbody>\n<tr style=\"border: 0px;\">\n<td style=\"border: 0px; text-align: left;\">La r\u00e9sidence<\/td>\n<td style=\"border: 0px; text-align: left;\">La chancellerie diplomatique<\/td>\n<\/tr>\n<tr style=\"border: 0px;\">\n<td style=\"border: 0px;\"><img loading=\"lazy\" decoding=\"async\" class=\"aligncenter\" src=\"https:\/\/ambberna.esteri.it\/wp-content\/uploads\/2023\/09\/Residenza3.jpg\" alt=\"Foto della Residenza dell'Ambasciatore a Berna\" width=\"245\" height=\"212\" border=\"0\" \/><\/td>\n<td style=\"border: 0px;\"><img loading=\"lazy\" decoding=\"async\" class=\"aligncenter\" src=\"https:\/\/ambberna.esteri.it\/wp-content\/uploads\/2023\/09\/Cancelleria2.jpg\" alt=\"Foto della Cancelleria consolare\" width=\"245\" height=\"212\" border=\"0\" \/><\/td>\n<\/tr>\n<\/tbody>\n<\/table>\n","protected":false},"excerpt":{"rendered":"Contexte historique Le si\u00e8ge de l&rsquo;ambassade d&rsquo;Italie \u00e0 Berne se compose de deux b\u00e2timents, la Residenza et la Cancelleria. Les b\u00e2timents appartenaient \u00e0 la famille Paulucci de&rsquo; Calboli, qui y a v\u00e9cu jusqu&rsquo;au d\u00e9but des ann\u00e9es 1900. De 1913 \u00e0 1919, c&rsquo;\u00e9tait la r\u00e9sidence de l&rsquo;ambassadeur Raniero Paulucci de&rsquo; Calboli. Une plaque sur la fa\u00e7ade [&hellip;]","protected":false},"author":1,"featured_media":0,"parent":3748,"menu_order":2,"comment_status":"closed","ping_status":"closed","template":"","meta":{"footnotes":""},"class_list":["post-3763","page","type-page","status-publish","hentry"],"_links":{"self":[{"href":"https:\/\/ambberna.esteri.it\/fr\/wp-json\/wp\/v2\/pages\/3763","targetHints":{"allow":["GET"]}}],"collection":[{"href":"https:\/\/ambberna.esteri.it\/fr\/wp-json\/wp\/v2\/pages"}],"about":[{"href":"https:\/\/ambberna.esteri.it\/fr\/wp-json\/wp\/v2\/types\/page"}],"author":[{"embeddable":true,"href":"https:\/\/ambberna.esteri.it\/fr\/wp-json\/wp\/v2\/users\/1"}],"replies":[{"embeddable":true,"href":"https:\/\/ambberna.esteri.it\/fr\/wp-json\/wp\/v2\/comments?post=3763"}],"version-history":[{"count":2,"href":"https:\/\/ambberna.esteri.it\/fr\/wp-json\/wp\/v2\/pages\/3763\/revisions"}],"predecessor-version":[{"id":3868,"href":"https:\/\/ambberna.esteri.it\/fr\/wp-json\/wp\/v2\/pages\/3763\/revisions\/3868"}],"up":[{"embeddable":true,"href":"https:\/\/ambberna.esteri.it\/fr\/wp-json\/wp\/v2\/pages\/3748"}],"wp:attachment":[{"href":"https:\/\/ambberna.esteri.it\/fr\/wp-json\/wp\/v2\/media?parent=3763"}],"curies":[{"name":"wp","href":"https:\/\/api.w.org\/{rel}","templated":true}]}}