{"id":3798,"date":"2023-06-16T12:15:41","date_gmt":"2023-06-16T10:15:41","guid":{"rendered":"https:\/\/ambberna.esteri.it\/chi-siamo\/la-sede\/la-sede-consolare\/come-raggiungere-la-cancelleria-consolare\/"},"modified":"2024-01-31T10:16:09","modified_gmt":"2024-01-31T08:16:09","slug":"come-raggiungere-la-cancelleria-consolare","status":"publish","type":"page","link":"https:\/\/ambberna.esteri.it\/fr\/chi-siamo\/la-sede\/la-sede-consolare\/come-raggiungere-la-cancelleria-consolare\/","title":{"rendered":"Comment s&rsquo;y rendre"},"content":{"rendered":"<p>La Chancellerie Consulaire est situ\u00e9e au 23 Willadingweg \u00e0 Berne.<\/p>\n<p>Pour s&rsquo;y rendre en transports publics depuis la gare centrale de Berne (Hauptbanhof), plusieurs possibilit\u00e9s s&rsquo;offrent \u00e0 vous.<\/p>\n<p>Le moyen le plus simple &#8211; qui r\u00e9duit la distance \u00e0 parcourir \u00e0 pied &#8211; est de prendre le bus n\u00b0 <strong>19<\/strong> en <strong>direction d&rsquo;Elfenau<\/strong> jusqu&rsquo;\u00e0 l&rsquo;arr\u00eat <strong>Willadingweg<\/strong>, puis de continuer \u00e0 pied sur une courte distance jusqu&rsquo;au n\u00b0<strong> 23<\/strong>. Nous vous recommandons toutefois d&rsquo;utiliser l&rsquo;outil de planification de voyage en ligne de la ville de Berne <a href=\"http:\/\/www.bernmobil.ch\">www.bernmobil.ch<\/a><\/p>\n<p><img loading=\"lazy\" decoding=\"async\" class=\"alignnone wp-image-391 img-fluid\" src=\"https:\/\/ambberna.esteri.it\/wp-content\/uploads\/2023\/06\/mappacancelleriaconsolare-300x293.jpg\" alt=\"\" width=\"405\" height=\"395\" srcset=\"https:\/\/ambberna.esteri.it\/wp-content\/uploads\/2023\/06\/mappacancelleriaconsolare-300x293.jpg 300w, https:\/\/ambberna.esteri.it\/wp-content\/uploads\/2023\/06\/mappacancelleriaconsolare.jpg 703w\" sizes=\"auto, (max-width: 405px) 100vw, 405px\" \/><\/p>\n","protected":false},"excerpt":{"rendered":"La Chancellerie Consulaire est situ\u00e9e au 23 Willadingweg \u00e0 Berne. Pour s&rsquo;y rendre en transports publics depuis la gare centrale de Berne (Hauptbanhof), plusieurs possibilit\u00e9s s&rsquo;offrent \u00e0 vous. Le moyen le plus simple &#8211; qui r\u00e9duit la distance \u00e0 parcourir \u00e0 pied &#8211; est de prendre le bus n\u00b0 19 en direction d&rsquo;Elfenau jusqu&rsquo;\u00e0 l&rsquo;arr\u00eat [&hellip;]","protected":false},"author":4,"featured_media":0,"parent":3792,"menu_order":0,"comment_status":"closed","ping_status":"closed","template":"","meta":{"footnotes":""},"class_list":["post-3798","page","type-page","status-publish","hentry"],"_links":{"self":[{"href":"https:\/\/ambberna.esteri.it\/fr\/wp-json\/wp\/v2\/pages\/3798","targetHints":{"allow":["GET"]}}],"collection":[{"href":"https:\/\/ambberna.esteri.it\/fr\/wp-json\/wp\/v2\/pages"}],"about":[{"href":"https:\/\/ambberna.esteri.it\/fr\/wp-json\/wp\/v2\/types\/page"}],"author":[{"embeddable":true,"href":"https:\/\/ambberna.esteri.it\/fr\/wp-json\/wp\/v2\/users\/4"}],"replies":[{"embeddable":true,"href":"https:\/\/ambberna.esteri.it\/fr\/wp-json\/wp\/v2\/comments?post=3798"}],"version-history":[{"count":2,"href":"https:\/\/ambberna.esteri.it\/fr\/wp-json\/wp\/v2\/pages\/3798\/revisions"}],"predecessor-version":[{"id":5943,"href":"https:\/\/ambberna.esteri.it\/fr\/wp-json\/wp\/v2\/pages\/3798\/revisions\/5943"}],"up":[{"embeddable":true,"href":"https:\/\/ambberna.esteri.it\/fr\/wp-json\/wp\/v2\/pages\/3792"}],"wp:attachment":[{"href":"https:\/\/ambberna.esteri.it\/fr\/wp-json\/wp\/v2\/media?parent=3798"}],"curies":[{"name":"wp","href":"https:\/\/api.w.org\/{rel}","templated":true}]}}