{"id":3820,"date":"2023-06-16T12:10:58","date_gmt":"2023-06-16T10:10:58","guid":{"rendered":"https:\/\/ambberna.esteri.it\/chi-siamo\/la-sede\/la-sede-consolare\/orari-e-contatti\/"},"modified":"2026-02-03T10:59:27","modified_gmt":"2026-02-03T08:59:27","slug":"orari-e-contatti","status":"publish","type":"page","link":"https:\/\/ambberna.esteri.it\/fr\/chi-siamo\/la-sede\/la-sede-consolare\/orari-e-contatti\/","title":{"rendered":"Horaires et contacts"},"content":{"rendered":"<table class=\"table\" border=\"0\">\n<tbody>\n<tr>\n<td colspan=\"2\"><strong>HEURES D&rsquo;OUVERTURE AU PUBLIC (sur rendez-vous)<\/strong><\/td>\n<\/tr>\n<tr>\n<td><strong>Lundi<br \/>\n<\/strong><\/td>\n<td>9h00 &#8211; 13h30<\/td>\n<\/tr>\n<tr>\n<td><strong>Mardi<\/strong><\/td>\n<td>9h00 &#8211; 13h30<\/td>\n<\/tr>\n<tr>\n<td><strong>Mercredi<\/strong><\/td>\n<td>9h00 &#8211; 13h30<\/td>\n<\/tr>\n<tr>\n<td><strong>Jeudi<\/strong><\/td>\n<td>9h00 &#8211; 13h30<\/td>\n<\/tr>\n<tr>\n<td><strong>Vendredi<\/strong><\/td>\n<td>9h00 &#8211; 13h30<\/td>\n<\/tr>\n<tr>\n<td><strong>Samedi<\/strong><\/td>\n<td>ferm\u00e9<\/td>\n<\/tr>\n<\/tbody>\n<\/table>\n<p>&nbsp;<\/p>\n<p><a href=\"https:\/\/ambberna.esteri.it\/fr\/chi-siamo\/numeri-di-emergenza\/\"><strong>Contact en cas d&rsquo;urgence<\/strong><\/a> (uniquement pour les urgences graves et av\u00e9r\u00e9es et non pour des informations g\u00e9n\u00e9rales)<\/p>\n<p>La Chancellerie Consulaire est <span style=\"text-decoration: underline;\">ferm\u00e9 au public selon le calendrier des jours f\u00e9ri\u00e9s<\/span> disponible sur le <a href=\"https:\/\/ambberna.esteri.it\/chi-siamo\/la-sede\/la-sede-consolare\/orari-e-contatti\/festivita-2023\/\"><span style=\"text-decoration: underline;\">lien<\/span><\/a> suivant.<\/p>\n<p>&nbsp;<\/p>\n<p>L&rsquo;adresse:<strong> Chancellerie Consulaire &#8211; Willadingweg 23 &#8211; 3006 Bern.<\/strong><\/p>\n<p>&nbsp;<\/p>\n<p><strong>Vous trouverez ci-dessous les coordonn\u00e9es t\u00e9l\u00e9phoniques et \u00e9lectroniques des bureaux de la Chancellerie Consulaire :<\/strong><a name=\"contatti_orari\"><\/a><\/p>\n<table style=\"background-color: #ffffe0;\">\n<tbody>\n<tr style=\"background-color: #bdb76b; color: #ffffff;\">\n<td><strong><b>Bureau<\/b><\/strong><\/td>\n<td><strong><b>Personnel du bureau<br \/>\n<\/b><\/strong><\/td>\n<td><strong><b>courrier \u00e9lectronique (*)<\/b><\/strong><\/td>\n<td><strong><b>T\u00e9l\u00e9phone<\/b><\/strong><\/td>\n<\/tr>\n<tr>\n<td><strong><b>Chef de la Chancellerie Consulaire<\/b><\/strong><\/td>\n<td>Zampini Fiorenzo<\/td>\n<td><a href=\"mailto:berna.consolare@esteri.it\">berna.consolare@esteri.it<\/a><\/td>\n<td>+41 31 390 10 00<\/td>\n<\/tr>\n<tr>\n<td><strong><b>Bureau du Registre \/ Aire \/ Rapatriements<\/b><\/strong><\/td>\n<td>Ciccolini Tancredi<br \/>\nMacr\u00ec Salvatore<\/td>\n<td><a href=\"mailto:berna.anagrafe@esteri.it\">berna.anagrafe@esteri.it<\/a><\/td>\n<td>+41 31 390 10 26<br \/>\n+41 31 390 10 13<\/td>\n<\/tr>\n<tr>\n<td><strong><b>Cartes d&rsquo;identit\u00e9 <\/b><\/strong><\/td>\n<td>Useini Affan<\/td>\n<td><a href=\"mailto:berna.identita@esteri.it\">berna.identita@esteri.it<\/a><\/td>\n<td>+41 31 390 10 12<\/td>\n<\/tr>\n<tr>\n<td><strong><b>Citoyennet\u00e9 <\/b><\/strong><\/td>\n<td>Zampini Fiorenzo<\/td>\n<td><a href=\"mailto:berna.cittadinanza@esteri.it\">berna.cittadinanza@esteri.it<\/a><\/td>\n<td>+41 31 390 10 14<\/td>\n<\/tr>\n<tr>\n<td><strong><b>Electoral <\/b><\/strong><\/td>\n<td>Macr\u00ec Salvatore<\/td>\n<td><a href=\"mailto:berna.elettorale@esteri.it\">berna.elettorale@esteri.it<\/a><\/td>\n<td>+41 31 390 10 13<\/td>\n<\/tr>\n<tr>\n<td><strong><b>Notaire[1] \/ Leva<\/b><\/strong><\/td>\n<td><\/td>\n<td><a href=\"mailto:berna.notarile@esteri.it\">berna.notarile@esteri.it<\/a><\/td>\n<td>+41 31 390 10 24<\/td>\n<\/tr>\n<tr>\n<td><strong>Passeports<\/strong><\/td>\n<td>Biella Andrea<br \/>\nSaulli Alessio<\/td>\n<td><a href=\"mailto:berna.passaporti@esteri.it\">berna.passaporti@esteri.it<\/a><\/td>\n<td>+41 31 390 10 23<br \/>\n+41 31 390 10 28<\/td>\n<\/tr>\n<tr>\n<td><strong><b>Secr\u00e9tariat <\/b><\/strong><\/td>\n<td>Mengoni Grazia<\/td>\n<td><a href=\"mailto:berna.consolare@esteri.it\">berna.consolare@esteri.it<\/a><\/td>\n<td>+41 31 390 10 10<\/td>\n<\/tr>\n<tr>\n<td><strong><b>Etat civil <\/b><\/strong><\/td>\n<td>Dutler Marco<br \/>\nMattera Giulia<\/td>\n<td><a href=\"mailto:berna.statocivile@esteri.it\">berna.statocivile@esteri.it<\/a><\/td>\n<td>+41 31 390 10 22<br \/>\n+41 31 390 10 21<\/td>\n<\/tr>\n<tr>\n<td><strong>Notifications<\/strong><\/td>\n<td>Adenahzada Mohammad<\/td>\n<td><u><a href=\"mailto:berna.consolare@esteri.it\">berna.consolare@esteri.it<\/a> <\/u><\/td>\n<td>+41 31 390 10 15<\/td>\n<\/tr>\n<\/tbody>\n<\/table>\n<p>[1] Pour les affaires notariales, il est n\u00e9cessaire de demander un rendez-vous par t\u00e9l\u00e9phone\/courriel<\/p>\n<p>(*)<strong>Il n&rsquo;est pas possible d&rsquo;envoyer des courriels dont les pi\u00e8ces jointes d\u00e9passent une taille totale de 10 MB.<\/strong><\/p>\n<p>Les courriels d\u00e9passant cette taille sont automatiquement rejet\u00e9s par le syst\u00e8me sans notification de non-remise.<\/p>\n<p>Courrier ordinaire (PEO) :\u00a0 <strong><a href=\"mailto:berna.consolare@esteri.it\">berna.consolare@esteri.it<\/a>\u00a0<\/strong><br \/>\nCourrier \u00e9lectronique certifi\u00e9 (PEC) : <strong><a href=\"mailto:amb.berna.consolare@cert.esteri.it\">amb.berna.consolare@cert.esteri.it<\/a><\/strong><\/p>\n","protected":false},"excerpt":{"rendered":"HEURES D&rsquo;OUVERTURE AU PUBLIC (sur rendez-vous) Lundi 9h00 &#8211; 13h30 Mardi 9h00 &#8211; 13h30 Mercredi 9h00 &#8211; 13h30 Jeudi 9h00 &#8211; 13h30 Vendredi 9h00 &#8211; 13h30 Samedi ferm\u00e9 &nbsp; Contact en cas d&rsquo;urgence (uniquement pour les urgences graves et av\u00e9r\u00e9es et non pour des informations g\u00e9n\u00e9rales) La Chancellerie Consulaire est ferm\u00e9 au public selon le [&hellip;]","protected":false},"author":4,"featured_media":0,"parent":3792,"menu_order":0,"comment_status":"closed","ping_status":"closed","template":"","meta":{"footnotes":""},"class_list":["post-3820","page","type-page","status-publish","hentry"],"_links":{"self":[{"href":"https:\/\/ambberna.esteri.it\/fr\/wp-json\/wp\/v2\/pages\/3820","targetHints":{"allow":["GET"]}}],"collection":[{"href":"https:\/\/ambberna.esteri.it\/fr\/wp-json\/wp\/v2\/pages"}],"about":[{"href":"https:\/\/ambberna.esteri.it\/fr\/wp-json\/wp\/v2\/types\/page"}],"author":[{"embeddable":true,"href":"https:\/\/ambberna.esteri.it\/fr\/wp-json\/wp\/v2\/users\/4"}],"replies":[{"embeddable":true,"href":"https:\/\/ambberna.esteri.it\/fr\/wp-json\/wp\/v2\/comments?post=3820"}],"version-history":[{"count":7,"href":"https:\/\/ambberna.esteri.it\/fr\/wp-json\/wp\/v2\/pages\/3820\/revisions"}],"predecessor-version":[{"id":8574,"href":"https:\/\/ambberna.esteri.it\/fr\/wp-json\/wp\/v2\/pages\/3820\/revisions\/8574"}],"up":[{"embeddable":true,"href":"https:\/\/ambberna.esteri.it\/fr\/wp-json\/wp\/v2\/pages\/3792"}],"wp:attachment":[{"href":"https:\/\/ambberna.esteri.it\/fr\/wp-json\/wp\/v2\/media?parent=3820"}],"curies":[{"name":"wp","href":"https:\/\/api.w.org\/{rel}","templated":true}]}}