{"id":3855,"date":"2023-06-19T15:46:00","date_gmt":"2023-06-19T13:46:00","guid":{"rendered":"https:\/\/ambberna.esteri.it\/chi-siamo\/la-sede\/la-sede-consolare\/sistema-di-pagamento-dei-servizi-consolari\/"},"modified":"2024-01-31T10:27:14","modified_gmt":"2024-01-31T08:27:14","slug":"sistema-di-pagamento-dei-servizi-consolari","status":"publish","type":"page","link":"https:\/\/ambberna.esteri.it\/fr\/chi-siamo\/la-sede\/la-sede-consolare\/sistema-di-pagamento-dei-servizi-consolari\/","title":{"rendered":"Syst\u00e8me de paiement des services consulaires"},"content":{"rendered":"<p>Le paiement des services consulaires peut \u00eatre effectu\u00e9 de la mani\u00e8re suivante<\/p>\n<ul>\n<li>par <strong>carte de d\u00e9bit<\/strong> (de pr\u00e9f\u00e9rence)<\/li>\n<li>en <strong>esp\u00e8ces<\/strong> \u00e0 la Chancellerie Consulaire (uniquement dans des cas r\u00e9siduels)<\/li>\n<li>par <strong>virement bancaire<\/strong> (sans commission de la part de la banque r\u00e9ceptrice) \u00e0 :\n<ul>\n<li><strong>AMBASSADE D&rsquo;ITALIE &#8211; 3006 Berne<\/strong><br \/>\nBanque : <strong>PostFinance &#8211; Num\u00e9ro de compte 31-710299-7 &#8211; Code Swift POFICHBEXXX<\/strong><br \/>\nIBAN : <strong>CH94 0900 0000 3171 02997<\/strong><\/li>\n<\/ul>\n<\/li>\n<li>par <strong>mandat postal<\/strong> avec paiement au guichet de la poste (avec une taxe \u00e0 la charge du demandeur en fonction du montant \u00e0 payer) \u00e0 :\n<ul>\n<li><strong>AMBASSADE D&rsquo;ITALIE &#8211; 3006 Berne<\/strong><br \/>\n<strong>CH94 0900 0000 3171 02997<\/strong><br \/>\nnum\u00e9ro de compte : <strong>31-710299-7<\/strong><br \/>\nmotif du paiement : i<strong>ndiquer le service demand\u00e9<\/strong><br \/>\npay\u00e9 par : <strong>nom, pr\u00e9nom et adresse du titulaire<\/strong><\/li>\n<\/ul>\n<\/li>\n<\/ul>\n","protected":false},"excerpt":{"rendered":"Le paiement des services consulaires peut \u00eatre effectu\u00e9 de la mani\u00e8re suivante par carte de d\u00e9bit (de pr\u00e9f\u00e9rence) en esp\u00e8ces \u00e0 la Chancellerie Consulaire (uniquement dans des cas r\u00e9siduels) par virement bancaire (sans commission de la part de la banque r\u00e9ceptrice) \u00e0 : AMBASSADE D&rsquo;ITALIE &#8211; 3006 Berne Banque : PostFinance &#8211; Num\u00e9ro de compte [&hellip;]","protected":false},"author":4,"featured_media":0,"parent":3792,"menu_order":0,"comment_status":"closed","ping_status":"closed","template":"","meta":{"footnotes":""},"class_list":["post-3855","page","type-page","status-publish","hentry"],"_links":{"self":[{"href":"https:\/\/ambberna.esteri.it\/fr\/wp-json\/wp\/v2\/pages\/3855","targetHints":{"allow":["GET"]}}],"collection":[{"href":"https:\/\/ambberna.esteri.it\/fr\/wp-json\/wp\/v2\/pages"}],"about":[{"href":"https:\/\/ambberna.esteri.it\/fr\/wp-json\/wp\/v2\/types\/page"}],"author":[{"embeddable":true,"href":"https:\/\/ambberna.esteri.it\/fr\/wp-json\/wp\/v2\/users\/4"}],"replies":[{"embeddable":true,"href":"https:\/\/ambberna.esteri.it\/fr\/wp-json\/wp\/v2\/comments?post=3855"}],"version-history":[{"count":2,"href":"https:\/\/ambberna.esteri.it\/fr\/wp-json\/wp\/v2\/pages\/3855\/revisions"}],"predecessor-version":[{"id":5946,"href":"https:\/\/ambberna.esteri.it\/fr\/wp-json\/wp\/v2\/pages\/3855\/revisions\/5946"}],"up":[{"embeddable":true,"href":"https:\/\/ambberna.esteri.it\/fr\/wp-json\/wp\/v2\/pages\/3792"}],"wp:attachment":[{"href":"https:\/\/ambberna.esteri.it\/fr\/wp-json\/wp\/v2\/media?parent=3855"}],"curies":[{"name":"wp","href":"https:\/\/api.w.org\/{rel}","templated":true}]}}