{"id":3870,"date":"2023-04-11T18:01:19","date_gmt":"2023-04-11T16:01:19","guid":{"rendered":"https:\/\/ambberna.esteri.it\/chi-siamo\/gli-uffici\/"},"modified":"2026-01-05T13:10:16","modified_gmt":"2026-01-05T11:10:16","slug":"gli-uffici","status":"publish","type":"page","link":"https:\/\/ambberna.esteri.it\/fr\/chi-siamo\/gli-uffici\/","title":{"rendered":"Les bureaux"},"content":{"rendered":"<p><span style=\"color: #800000;\"><strong>Ambassade Chancellerie Diplomatique <\/strong><\/span><br \/>\nElfenstrasse 14 &#8211;\u00a03006 Berna<br \/>\nT\u00e9l.: +41 31 350 07 77<br \/>\nE-mail:\u00a0<a href=\"mailto:berna.ambasciata@esteri.it\">berna.ambasciata@esteri.it<\/a><br \/>\nPEC: <a href=\"mailto:amb.berna@cert.esteri.it\">amb.berna@cert.esteri.it<\/a><\/p>\n<p style=\"text-align: right;\"><strong>Chef de mission adjoint<br \/>\n<\/strong>Conseiller <strong>Diana FORTE<\/strong><br \/>\nT\u00e9l.: +41 31 350 07 77<br \/>\n<a href=\"mailto:berna.ambasciata@esteri.it\">berna.ambasciata@esteri.it<\/a><\/p>\n<p><strong>Bureau de presse<\/strong><br \/>\nTel.: +41 31 350 07 77<br \/>\n<a href=\"mailto:berna.stampa@esteri.it\">berna.stampa@esteri.it<\/a><\/p>\n<p>&nbsp;<\/p>\n<p>&nbsp;<\/p>\n<p style=\"text-align: right;\"><strong>Bureau \u00e9conomique, commercial et financier<br \/>\n<\/strong>Docteur <strong>Fabrizio GRASSO<\/strong><br \/>\nTel.: +41 31 350 07 77<br \/>\n<a href=\"mailto:berna.commerciale@esteri.it\">berna.commerciale@esteri.it<\/a><\/p>\n<p style=\"text-align: left;\"><strong>Bureau de l&rsquo;administration et de la comptabilit\u00e9<br \/>\n<\/strong>Docteur <strong>Patrizia ANASTASIO<\/strong><br \/>\nTel.: +41 31 350 07 77<br \/>\n<a href=\"mailto:berna.amministrazione@esteri.it\">berna.amministrazione@esteri.it<\/a><\/p>\n<p><img decoding=\"async\" src=\"https:\/\/ambberna.esteri.it\/wp-content\/uploads\/2023\/06\/linea.jpg\" width=\"100%\" border=\"0\" \/><\/p>\n<p style=\"text-align: left;\"><span style=\"color: #800000;\"><strong>Ambassade Chancellerie Consulaire<\/strong><\/span><br \/>\nWilladingweg 23 &#8211;\u00a03006 Berna<br \/>\nT\u00e9l. (standard):\u00a0 \u00a0+41 31 390 10 10<br \/>\nT\u00e9l. (urgence): +41 79 670 79 31<br \/>\nE-mail:\u00a0<a href=\"mailto:berna.consolare@esteri.it\">berna.consolare@esteri.it<\/a><\/p>\n<p style=\"text-align: left;\"><strong>Chef de la Chancellerie Consulaire: Fiorenzo ZAMPINI<\/strong><br \/>\n<strong>Arrondissement consulaire:<\/strong> Berne, Neuch\u00e2tel, Fribourg<\/p>\n<p>&nbsp;<\/p>\n<p style=\"text-align: right;\"><strong>Bureau de l&rsquo;\u00e9cole<\/strong><\/p>\n<p style=\"text-align: right;\">Directeur <strong>Giuseppe AUGELLO<\/strong><br \/>\nT\u00e9l. bureau consulaire de Berne: +41 31 390 10 17<br \/>\nT\u00e9l. Consulat \u00e0 B\u00e2le: +41 61 690 98 58<br \/>\n<a href=\"mailto:ufficioscuola.basilea@esteri.it\">ufficioscuola.basilea@esteri.it<\/a><\/p>\n<p>&nbsp;<\/p>\n<p class=\"boxLevel03\" style=\"text-align: left;\" align=\"right\"><img decoding=\"async\" src=\"https:\/\/ambberna.esteri.it\/wp-content\/uploads\/2023\/06\/linea.jpg\" width=\"100%\" border=\"0\" \/><\/p>\n<p class=\"boxLevel03\" style=\"text-align: left;\" align=\"right\"><strong><span style=\"color: #800000;\">Bureau de l&rsquo;Agence pour la promotion ext\u00e9rieure et l&rsquo;internationalisation des entreprises \u2013 ICE<\/span><br \/>\n<\/strong>Directeur<strong> Samuele PORSIA<\/strong><br \/>\nT\u00e9l.: +41 31 555 02 10 | Fax: +39 06 892 80 907<br \/>\n<a href=\"mailto:berna@ice.it\">berna@ice.it<\/a><\/p>\n","protected":false},"excerpt":{"rendered":"Ambassade Chancellerie Diplomatique Elfenstrasse 14 &#8211;\u00a03006 Berna T\u00e9l.: +41 31 350 07 77 E-mail:\u00a0berna.ambasciata@esteri.it PEC: amb.berna@cert.esteri.it Chef de mission adjoint Conseiller Diana FORTE T\u00e9l.: +41 31 350 07 77 berna.ambasciata@esteri.it Bureau de presse Tel.: +41 31 350 07 77 berna.stampa@esteri.it &nbsp; &nbsp; Bureau \u00e9conomique, commercial et financier Docteur Fabrizio GRASSO Tel.: +41 31 350 07 [&hellip;]","protected":false},"author":1,"featured_media":0,"parent":3748,"menu_order":4,"comment_status":"closed","ping_status":"closed","template":"","meta":{"footnotes":""},"class_list":["post-3870","page","type-page","status-publish","hentry"],"_links":{"self":[{"href":"https:\/\/ambberna.esteri.it\/fr\/wp-json\/wp\/v2\/pages\/3870","targetHints":{"allow":["GET"]}}],"collection":[{"href":"https:\/\/ambberna.esteri.it\/fr\/wp-json\/wp\/v2\/pages"}],"about":[{"href":"https:\/\/ambberna.esteri.it\/fr\/wp-json\/wp\/v2\/types\/page"}],"author":[{"embeddable":true,"href":"https:\/\/ambberna.esteri.it\/fr\/wp-json\/wp\/v2\/users\/1"}],"replies":[{"embeddable":true,"href":"https:\/\/ambberna.esteri.it\/fr\/wp-json\/wp\/v2\/comments?post=3870"}],"version-history":[{"count":8,"href":"https:\/\/ambberna.esteri.it\/fr\/wp-json\/wp\/v2\/pages\/3870\/revisions"}],"predecessor-version":[{"id":8471,"href":"https:\/\/ambberna.esteri.it\/fr\/wp-json\/wp\/v2\/pages\/3870\/revisions\/8471"}],"up":[{"embeddable":true,"href":"https:\/\/ambberna.esteri.it\/fr\/wp-json\/wp\/v2\/pages\/3748"}],"wp:attachment":[{"href":"https:\/\/ambberna.esteri.it\/fr\/wp-json\/wp\/v2\/media?parent=3870"}],"curies":[{"name":"wp","href":"https:\/\/api.w.org\/{rel}","templated":true}]}}