{"id":3881,"date":"2023-04-11T18:07:19","date_gmt":"2023-04-11T16:07:19","guid":{"rendered":"https:\/\/ambberna.esteri.it\/chi-siamo\/numeri-di-emergenza\/"},"modified":"2024-01-31T10:31:18","modified_gmt":"2024-01-31T08:31:18","slug":"numeri-di-emergenza","status":"publish","type":"page","link":"https:\/\/ambberna.esteri.it\/fr\/chi-siamo\/numeri-di-emergenza\/","title":{"rendered":"Les num\u00e9ros d\u2019urgence"},"content":{"rendered":"<p><span style=\"color: #e67e22;\">Depuis la Suisse :\u00a0 <strong>\u00a0079 670 79 31<\/strong><\/span><br \/>\n<span style=\"color: #e67e22;\">Depuis l&rsquo;\u00e9tranger :<strong> 0041 79 670 79 31<\/strong><\/span><\/p>\n<p><strong>Le num\u00e9ro est joignable en semaine de 16h00 \u00e0 22h00 et les jours f\u00e9ri\u00e9s de 09h00 \u00e0 21h00.<\/strong><\/p>\n<p>Le service de garde de la Chancellerie Consulaire de l&rsquo;Ambassade d&rsquo;Italie \u00e0 Berne ne concerne que les cas d&rsquo;urgence r\u00e9elle (c&rsquo;est-\u00e0-dire li\u00e9s \u00e0 des \u00e9v\u00e9nements impr\u00e9visibles et d&rsquo;une gravit\u00e9 \u00e9vidente) qui ne peuvent \u00eatre report\u00e9s pendant les heures d&rsquo;ouverture normales des bureaux et qui n\u00e9cessitent l&rsquo;intervention des autorit\u00e9s consulaires des cantons de Berne, Fribourg et Neuch\u00e2tel.<\/p>\n<p><strong>ATTENTION <\/strong>: Pour les urgences dans les autres cantons, veuillez contacter directement le num\u00e9ro de votre consulat de r\u00e9f\u00e9rence.<\/p>\n<p>En cas d&rsquo;URGENCE ABSOLUE en dehors des heures d&rsquo;ouverture des bureaux ou de garde, vous pouvez contacter les deux num\u00e9ros suivants du Minist\u00e8re des Affaires \u00e9trang\u00e8res et de la Coop\u00e9ration internationale<\/p>\n<p>&#8211; Officier de permanence de la MAECI : 0039 06 3691 2666<\/p>\n<p>&#8211; Cellule de crise Farnesina : 0039 06 36225<\/p>\n<p>&nbsp;<\/p>\n","protected":false},"excerpt":{"rendered":"Depuis la Suisse :\u00a0 \u00a0079 670 79 31 Depuis l&rsquo;\u00e9tranger : 0041 79 670 79 31 Le num\u00e9ro est joignable en semaine de 16h00 \u00e0 22h00 et les jours f\u00e9ri\u00e9s de 09h00 \u00e0 21h00. Le service de garde de la Chancellerie Consulaire de l&rsquo;Ambassade d&rsquo;Italie \u00e0 Berne ne concerne que les cas d&rsquo;urgence r\u00e9elle (c&rsquo;est-\u00e0-dire [&hellip;]","protected":false},"author":1,"featured_media":0,"parent":3748,"menu_order":6,"comment_status":"closed","ping_status":"closed","template":"","meta":{"footnotes":""},"class_list":["post-3881","page","type-page","status-publish","hentry"],"_links":{"self":[{"href":"https:\/\/ambberna.esteri.it\/fr\/wp-json\/wp\/v2\/pages\/3881","targetHints":{"allow":["GET"]}}],"collection":[{"href":"https:\/\/ambberna.esteri.it\/fr\/wp-json\/wp\/v2\/pages"}],"about":[{"href":"https:\/\/ambberna.esteri.it\/fr\/wp-json\/wp\/v2\/types\/page"}],"author":[{"embeddable":true,"href":"https:\/\/ambberna.esteri.it\/fr\/wp-json\/wp\/v2\/users\/1"}],"replies":[{"embeddable":true,"href":"https:\/\/ambberna.esteri.it\/fr\/wp-json\/wp\/v2\/comments?post=3881"}],"version-history":[{"count":3,"href":"https:\/\/ambberna.esteri.it\/fr\/wp-json\/wp\/v2\/pages\/3881\/revisions"}],"predecessor-version":[{"id":5950,"href":"https:\/\/ambberna.esteri.it\/fr\/wp-json\/wp\/v2\/pages\/3881\/revisions\/5950"}],"up":[{"embeddable":true,"href":"https:\/\/ambberna.esteri.it\/fr\/wp-json\/wp\/v2\/pages\/3748"}],"wp:attachment":[{"href":"https:\/\/ambberna.esteri.it\/fr\/wp-json\/wp\/v2\/media?parent=3881"}],"curies":[{"name":"wp","href":"https:\/\/api.w.org\/{rel}","templated":true}]}}