{"id":3893,"date":"2023-04-11T18:08:31","date_gmt":"2023-04-11T16:08:31","guid":{"rendered":"https:\/\/ambberna.esteri.it\/chi-siamo\/la-rete-consolare\/"},"modified":"2026-02-11T11:23:04","modified_gmt":"2026-02-11T09:23:04","slug":"la-rete-consolare","status":"publish","type":"page","link":"https:\/\/ambberna.esteri.it\/fr\/chi-siamo\/la-rete-consolare\/","title":{"rendered":"Le r\u00e9seau consulaire"},"content":{"rendered":"<p><a href=\"https:\/\/www.esteri.it\/it\/ministero\/struttura\/laretediplomatica\/\"><strong><span style=\"text-decoration: underline;\">Repr\u00e9sentations diplomatiques italiennes \u00e0 l&rsquo;\u00e9tranger<\/span><\/strong><\/a><\/p>\n<p>&nbsp;<\/p>\n<p><a title=\"Vai al sito del Consolato di Basilea. Attenzione! Questo link apre un sito esterno\" href=\"http:\/\/consbasilea.esteri.it\/\"><strong>Consulat d&rsquo;Italie \u00e0 B\u00e2le<\/strong><\/a><br \/>\nSchaffhauserrheinweg 5 &#8211; 4058 B\u00e2le<br \/>\nT\u00e9l. (standard): +41 61 689 96 26<br \/>\nT\u00e9l. (urgence): +41 79 622 62 61<br \/>\nE-mail : <a href=\"mailto:segreteria.basilea@esteri.it\">segreteria.basilea@esteri.it<\/a><\/p>\n<p><strong>Consul<\/strong> : Eugenia Tiziana Berti<br \/>\n<strong>Arrondissement consulaire<\/strong> : Argovie, B\u00e2le-Ville\/Campagne, Jura, Soleure<\/p>\n<p>&nbsp;<\/p>\n<p><a href=\"https:\/\/ambberna.esteri.it\/fr\/chi-siamo\/la-sede\/la-sede-consolare\/\"><strong>Chancellerie Consulaire de l&rsquo;Ambassade \u00e0 Berne<\/strong><\/a><br \/>\nWilladingweg 23 &#8211; 3006 Berne<br \/>\nT\u00e9l. (standard): +41 31 390 10 10<br \/>\nT\u00e9l. (urgence): +41 79 670 79 31<br \/>\nE-mail : <a href=\"mailto:berna.consolare@esteri.it\">berna.consolare@esteri.it<\/a><\/p>\n<p><strong>Chef de la Chancellerie consulaire<\/strong> : Fiorenzo ZAMPINI<br \/>\n<strong>Arrondissement consulaire<\/strong> : Berne, Neuch\u00e2tel, Fribourg<\/p>\n<p>&nbsp;<\/p>\n<p><a title=\"Vai al sito web del Consolato di Ginevra. Attenzione! Questo link apre un sito esterno\" href=\"https:\/\/consginevra.esteri.it\/fr\/\"><strong>Consulat G\u00e9n\u00e9ral d&rsquo;Italie \u00e0 Gen\u00e8ve<\/strong><\/a><br \/>\n14, Rue Charles Galland &#8211; 1206 Gen\u00e8ve<br \/>\nT\u00e9l. (standard): +41 22 839 67 44<br \/>\nT\u00e9l. (urgence): +41 79 325 39 78<br \/>\nE-mail : <a href=\"mailto:consolato.ginevra@esteri.it\">consolato.ginevra@esteri.it<\/a><\/p>\n<p><strong>Consul g\u00e9n\u00e9ral :<\/strong> Tomaso Pietro MARCHEGIANI<br \/>\n<strong>Arrondissement consulaire :<\/strong> Gen\u00e8ve, Vaud, Valais<\/p>\n<p>&nbsp;<\/p>\n<p><a title=\"Vai al sito del Consolato di Lugano. Attenzione! Questo link apre un sito esterno\" href=\"https:\/\/conslugano.esteri.it\/\"><strong>Consulat G\u00e9n\u00e9ral d&rsquo;Italie \u00e0 Lugano<\/strong><\/a><br \/>\nVia Ferruccio Pelli 16 &#8211;\u00a06900 Lugano<br \/>\nT\u00e9l. (standard): +41 91 913 30 50<br \/>\nT\u00e9l. (urgence): +41 79 670 91 66<br \/>\nE-mail : <a href=\"mailto:consolato.lugano@esteri.it\">consolato.lugano@esteri.it<\/a><\/p>\n<p><strong>Consul g\u00e9n\u00e9ral :<\/strong> Gabriele MEUCCI<br \/>\n<strong>Arrondissement consulaire :<\/strong> Tessin<\/p>\n<p>&nbsp;<\/p>\n<p><a title=\"Vai al sito del Consolato di Zurigo. Attenzione! Questo link apre un sito esterno\" href=\"https:\/\/conszurigo.esteri.it\/\"><strong>Consulat G\u00e9n\u00e9ral d&rsquo;Italie \u00e0 Zurich<\/strong><\/a><br \/>\nT\u00f6distrasse 65 &#8211; 8002 Zurich<br \/>\nT\u00e9l. (standard): +41 44 286 61 11<br \/>\nT\u00e9l. (urgence): +41 79 675 32 71<br \/>\nE-mail : <a href=\"mailto:segreteria.zurigo@esteri.it\">segreteria.zurigo@esteri.it<\/a><\/p>\n<p><strong>Consul g\u00e9n\u00e9ral :<\/strong> Gabriele ALTANA<br \/>\n<strong>Arrondissement consulaire :<\/strong> Glaris, Lucerne, Schaffhouse, Obwald, Nidwald, Schwyz, Uri, Zoug, Zurich, Appenzell Suisse int\u00e9rieure\/orientale, Grisons, Saint-Gall, Thurgovie. Le Consulat g\u00e9n\u00e9ral est \u00e9galement comp\u00e9tent pour la Principaut\u00e9 du Liechtenstein.<\/p>\n","protected":false},"excerpt":{"rendered":"Repr\u00e9sentations diplomatiques italiennes \u00e0 l&rsquo;\u00e9tranger &nbsp; Consulat d&rsquo;Italie \u00e0 B\u00e2le Schaffhauserrheinweg 5 &#8211; 4058 B\u00e2le T\u00e9l. (standard): +41 61 689 96 26 T\u00e9l. (urgence): +41 79 622 62 61 E-mail : segreteria.basilea@esteri.it Consul : Eugenia Tiziana Berti Arrondissement consulaire : Argovie, B\u00e2le-Ville\/Campagne, Jura, Soleure &nbsp; Chancellerie Consulaire de l&rsquo;Ambassade \u00e0 Berne Willadingweg 23 &#8211; 3006 [&hellip;]","protected":false},"author":1,"featured_media":0,"parent":3748,"menu_order":8,"comment_status":"closed","ping_status":"closed","template":"","meta":{"footnotes":""},"class_list":["post-3893","page","type-page","status-publish","hentry"],"_links":{"self":[{"href":"https:\/\/ambberna.esteri.it\/fr\/wp-json\/wp\/v2\/pages\/3893","targetHints":{"allow":["GET"]}}],"collection":[{"href":"https:\/\/ambberna.esteri.it\/fr\/wp-json\/wp\/v2\/pages"}],"about":[{"href":"https:\/\/ambberna.esteri.it\/fr\/wp-json\/wp\/v2\/types\/page"}],"author":[{"embeddable":true,"href":"https:\/\/ambberna.esteri.it\/fr\/wp-json\/wp\/v2\/users\/1"}],"replies":[{"embeddable":true,"href":"https:\/\/ambberna.esteri.it\/fr\/wp-json\/wp\/v2\/comments?post=3893"}],"version-history":[{"count":8,"href":"https:\/\/ambberna.esteri.it\/fr\/wp-json\/wp\/v2\/pages\/3893\/revisions"}],"predecessor-version":[{"id":8605,"href":"https:\/\/ambberna.esteri.it\/fr\/wp-json\/wp\/v2\/pages\/3893\/revisions\/8605"}],"up":[{"embeddable":true,"href":"https:\/\/ambberna.esteri.it\/fr\/wp-json\/wp\/v2\/pages\/3748"}],"wp:attachment":[{"href":"https:\/\/ambberna.esteri.it\/fr\/wp-json\/wp\/v2\/media?parent=3893"}],"curies":[{"name":"wp","href":"https:\/\/api.w.org\/{rel}","templated":true}]}}