{"id":3907,"date":"2023-04-11T17:08:52","date_gmt":"2023-04-11T15:08:52","guid":{"rendered":"https:\/\/ambberna.esteri.it\/italia-e-svizzera\/"},"modified":"2023-11-23T10:09:21","modified_gmt":"2023-11-23T08:09:21","slug":"italia-e-svizzera","status":"publish","type":"page","link":"https:\/\/ambberna.esteri.it\/fr\/italia-e-svizzera\/","title":{"rendered":"Italie et Suisse"},"content":{"rendered":"<p>Les relations bilat\u00e9rales entre l&rsquo;Italie et la Suisse sont bas\u00e9es sur les domaines de coop\u00e9ration suivants :<br \/>\npolitique et militaire, \u00e9conomique, culturelle et scientifique.<\/p>\n","protected":false},"excerpt":{"rendered":"Les relations bilat\u00e9rales entre l&rsquo;Italie et la Suisse sont bas\u00e9es sur les domaines de coop\u00e9ration suivants : politique et militaire, \u00e9conomique, culturelle et scientifique.","protected":false},"author":1,"featured_media":0,"parent":0,"menu_order":4,"comment_status":"closed","ping_status":"closed","template":"","meta":{"footnotes":""},"class_list":["post-3907","page","type-page","status-publish","hentry"],"_links":{"self":[{"href":"https:\/\/ambberna.esteri.it\/fr\/wp-json\/wp\/v2\/pages\/3907","targetHints":{"allow":["GET"]}}],"collection":[{"href":"https:\/\/ambberna.esteri.it\/fr\/wp-json\/wp\/v2\/pages"}],"about":[{"href":"https:\/\/ambberna.esteri.it\/fr\/wp-json\/wp\/v2\/types\/page"}],"author":[{"embeddable":true,"href":"https:\/\/ambberna.esteri.it\/fr\/wp-json\/wp\/v2\/users\/1"}],"replies":[{"embeddable":true,"href":"https:\/\/ambberna.esteri.it\/fr\/wp-json\/wp\/v2\/comments?post=3907"}],"version-history":[{"count":3,"href":"https:\/\/ambberna.esteri.it\/fr\/wp-json\/wp\/v2\/pages\/3907\/revisions"}],"predecessor-version":[{"id":4155,"href":"https:\/\/ambberna.esteri.it\/fr\/wp-json\/wp\/v2\/pages\/3907\/revisions\/4155"}],"wp:attachment":[{"href":"https:\/\/ambberna.esteri.it\/fr\/wp-json\/wp\/v2\/media?parent=3907"}],"curies":[{"name":"wp","href":"https:\/\/api.w.org\/{rel}","templated":true}]}}