{"id":3946,"date":"2023-04-11T18:10:45","date_gmt":"2023-04-11T16:10:45","guid":{"rendered":"https:\/\/ambberna.esteri.it\/italia-e-svizzera\/diplomazia-culturale\/"},"modified":"2023-11-24T14:02:06","modified_gmt":"2023-11-24T12:02:06","slug":"diplomazia-culturale","status":"publish","type":"page","link":"https:\/\/ambberna.esteri.it\/fr\/italia-e-svizzera\/diplomazia-culturale\/","title":{"rendered":"Diplomatie\u00a0culturelle"},"content":{"rendered":"<p>Les relations culturelles entre l&rsquo;Italie et la Suisse sont anciennes et en constante \u00e9volution. Elles trouvent un terrain fertile dans un r\u00e9seau articul\u00e9 de collaborations entre les administrations, les universit\u00e9s, les instituts de recherche, les institutions culturelles, les associations, les \u00e9coles et les entreprises des deux pays. Des collaborations que le <a href=\"https:\/\/www.esteri.it\/en\/diplomazia-culturale-e-diplomazia-scientifica\/cultura\/\"><span style=\"text-decoration: underline;\">r\u00e9seau diplomatique<\/span> <\/a>a su construire et consolider au fil des ann\u00e9es. Une forte impulsion pour approfondir les relations culturelles est \u00e9galement fournie par la communaut\u00e9 importante et qualifi\u00e9e de citoyens suisses d&rsquo;origine italienne.<\/p>\n<p>Les activit\u00e9s de coop\u00e9ration culturelle, coordonn\u00e9es par l&rsquo;Ambassade \u00e0 Berne, peuvent s&rsquo;appuyer sur le r\u00e9seau diplomatique-consulaire italien en Suisse et sur l&rsquo;<a href=\"https:\/\/iiczurigo.esteri.it\/it\/\"><span style=\"text-decoration: underline;\">Institut culturel italien<\/span><\/a> de Zurich. Avec les \u00e9coles, les chaires universitaires et les centres de recherche, ils forment un r\u00e9seau d&rsquo;outils tr\u00e8s riches pour la promotion de la culture et de la langue italiennes, dans un pays comme la Suisse o\u00f9 l&rsquo;italien est l&rsquo;une des langues nationales.<\/p>\n<p>Chaque ann\u00e9e, l&rsquo;Ambassade et l&rsquo;ensemble du r\u00e9seau diplomatico-consulaire organisent des \u00e9v\u00e9nements d\u00e9di\u00e9s \u00e0 la culture, \u00e0 la langue et \u00e0 la science de notre pays. Il s&rsquo;agit notamment des semaines de la cuisine et des langues, de festivals de cin\u00e9ma, de la \u00ab\u00a0Journ\u00e9e du design\u00a0\u00bb, d&rsquo;expositions, de concerts et de conf\u00e9rences dans les diff\u00e9rentes villes et cantons.<\/p>\n<p>L&rsquo;une des huit \u00e9coles italiennes \u00e0 l&rsquo;\u00e9tranger, la \u00ab\u00a0Casa d&rsquo;Italia\u00a0\u00bb, fonctionne \u00e0 Zurich. En outre, cinq \u00e9coles paroissiales italiennes, sept organismes de gestion\/promotion et 21 comit\u00e9s Dante Alighieri sont actifs en Suisse.<\/p>\n<p>La section culturelle de l&rsquo;ambassade d&rsquo;Italie \u00e0 Berne joue un r\u00f4le dans le renforcement des relations culturelles entre les deux pays gr\u00e2ce \u00e0 toute une s\u00e9rie d&rsquo;activit\u00e9s dans les domaines de la promotion de la langue, de la protection du patrimoine culturel, cin\u00e9matographique et audiovisuel, litt\u00e9raire, musical et artistique. En effet, il<\/p>\n<ul>\n<li>d\u00e9finit annuellement les lignes directrices pour la programmation d&rsquo;\u00e9v\u00e9nements culturels en collaboration avec l&rsquo;Institut culturel italien de Zurich et le r\u00e9seau consulaire ;<\/li>\n<li>facilite la coop\u00e9ration et la mise en r\u00e9seau des diff\u00e9rentes institutions culturelles publiques op\u00e9rant dans les deux pays ;<\/li>\n<li>entretient des relations avec les institutions culturelles italiennes en Suisse et avec les institutions culturelles suisses, tant au niveau f\u00e9d\u00e9ral que cantonal, avec lesquelles elle collabore dans le cadre d&rsquo;activit\u00e9s pluridisciplinaires.<\/li>\n<\/ul>\n<p>&nbsp;<\/p>\n<p><strong>Accords bilat\u00e9raux<\/strong><\/p>\n<p>Le protocole culturel entre l&rsquo;Italie et la Suisse, sign\u00e9 \u00e0 Berne le 28 janvier 1982, a institu\u00e9 une \u00ab\u00a0Commission consultative culturelle italo-suisse\u00a0\u00bb (commun\u00e9ment appel\u00e9e \u00ab\u00a0Consulta\u00a0\u00bb), qui se r\u00e9unit alternativement en Suisse et en Italie. Les conclusions des diff\u00e9rentes sessions servent de programme ex\u00e9cutif culturel. La derni\u00e8re, la 24e, a eu lieu le 15 septembre 2017 \u00e0 Lugano.<\/p>\n<p>&nbsp;<\/p>\n<p>Les points de d\u00e9part pour un voyage de d\u00e9couverte \u00e0 travers l&rsquo;Italie sont :<\/p>\n<ul>\n<li>\u00a0Facebook : <a href=\"https:\/\/www.facebook.com\/ItalianEmbassyInSwitzerland\"><span style=\"text-decoration: underline;\">ItalyinCH<\/span><\/a><\/li>\n<li>\u00a0Twitter : <a href=\"https:\/\/twitter.com\/ItalyinCH\"><span style=\"text-decoration: underline;\">@ItalyinCH<\/span><\/a><\/li>\n<li>\u00a0Flickr : <a href=\"https:\/\/www.flickr.com\/photos\/ambasciataberna\"><span style=\"text-decoration: underline;\">AmbasciataBerna<\/span><\/a><\/li>\n<\/ul>\n","protected":false},"excerpt":{"rendered":"Les relations culturelles entre l&rsquo;Italie et la Suisse sont anciennes et en constante \u00e9volution. Elles trouvent un terrain fertile dans un r\u00e9seau articul\u00e9 de collaborations entre les administrations, les universit\u00e9s, les instituts de recherche, les institutions culturelles, les associations, les \u00e9coles et les entreprises des deux pays. Des collaborations que le r\u00e9seau diplomatique a su [&hellip;]","protected":false},"author":1,"featured_media":0,"parent":3907,"menu_order":2,"comment_status":"closed","ping_status":"closed","template":"","meta":{"footnotes":""},"class_list":["post-3946","page","type-page","status-publish","hentry"],"_links":{"self":[{"href":"https:\/\/ambberna.esteri.it\/fr\/wp-json\/wp\/v2\/pages\/3946","targetHints":{"allow":["GET"]}}],"collection":[{"href":"https:\/\/ambberna.esteri.it\/fr\/wp-json\/wp\/v2\/pages"}],"about":[{"href":"https:\/\/ambberna.esteri.it\/fr\/wp-json\/wp\/v2\/types\/page"}],"author":[{"embeddable":true,"href":"https:\/\/ambberna.esteri.it\/fr\/wp-json\/wp\/v2\/users\/1"}],"replies":[{"embeddable":true,"href":"https:\/\/ambberna.esteri.it\/fr\/wp-json\/wp\/v2\/comments?post=3946"}],"version-history":[{"count":2,"href":"https:\/\/ambberna.esteri.it\/fr\/wp-json\/wp\/v2\/pages\/3946\/revisions"}],"predecessor-version":[{"id":4401,"href":"https:\/\/ambberna.esteri.it\/fr\/wp-json\/wp\/v2\/pages\/3946\/revisions\/4401"}],"up":[{"embeddable":true,"href":"https:\/\/ambberna.esteri.it\/fr\/wp-json\/wp\/v2\/pages\/3907"}],"wp:attachment":[{"href":"https:\/\/ambberna.esteri.it\/fr\/wp-json\/wp\/v2\/media?parent=3946"}],"curies":[{"name":"wp","href":"https:\/\/api.w.org\/{rel}","templated":true}]}}