{"id":3951,"date":"2023-04-11T18:10:55","date_gmt":"2023-04-11T16:10:55","guid":{"rendered":"https:\/\/ambberna.esteri.it\/italia-e-svizzera\/diplomazia-scientifica\/"},"modified":"2024-06-27T17:21:34","modified_gmt":"2024-06-27T15:21:34","slug":"diplomazia-scientifica","status":"publish","type":"page","link":"https:\/\/ambberna.esteri.it\/fr\/italia-e-svizzera\/diplomazia-scientifica\/","title":{"rendered":"Diplomatie\u00a0scientifique"},"content":{"rendered":"<p>Le <a href=\"https:\/\/www.esteri.it\/en\/\"><span style=\"text-decoration: underline;\"><strong>minist\u00e8re des affaires \u00e9trang\u00e8res et de la coop\u00e9ration internationale (MAECI)<\/strong><\/span><\/a> promeut l&rsquo;internationalisation de la recherche italienne et la diplomatie scientifique en tant qu&rsquo;outils fondamentaux pour le d\u00e9veloppement de la coop\u00e9ration entre l&rsquo;Italie et le reste du monde. L&rsquo;action du MAECI repose sur la conviction qu&rsquo;il ne peut y avoir de d\u00e9veloppement \u00e9conomique sans innovation et sans soutien \u00e0 la recherche scientifique.<\/p>\n<p><a href=\"https:\/\/www.esteri.it\/en\/diplomazia-culturale-e-diplomazia-scientifica\/cooperscientificatecnologica\/\" target=\"_blank\" rel=\"noopener\">La\u00a0<strong>Direzione Generale per la Promozione del Sistema Paese (DGSP)<\/strong><\/a> du MAECI dispose d&rsquo;un <a href=\"https:\/\/www.esteri.it\/en\/diplomazia-culturale-e-diplomazia-scientifica\/cooperscientificatecnologica\/reteaddettiscientificitecnologici\/\"><span style=\"text-decoration: underline;\">r\u00e9seau d&rsquo;attach\u00e9s scientifiques et d&rsquo;experts<\/span><\/a>, dont la plupart sont issus de l&rsquo;\u00c9tat et d&rsquo;organismes publics, qui agissent pour valoriser les secteurs d&rsquo;excellence de la recherche scientifique et technologique et pour soutenir l&rsquo;implantation d&rsquo;entreprises italiennes op\u00e9rant dans des secteurs de technologie avanc\u00e9e.<\/p>\n<p>Le bureau de l&rsquo;attach\u00e9 scientifique en Suisse se trouve pr\u00e8s du <a href=\"https:\/\/conszurigo.esteri.it\/\">Consulat G\u00e9n\u00e9ral d&rsquo;Italie \u00e0 Zurich<\/a>. Plus informations <a href=\"https:\/\/ambberna.esteri.it\/it\/italia-e-svizzera\/diplomazia-scientifica\/chi-siamo\/\">ici<\/a>.<\/p>\n<p>Contact: <a href=\"mailto:zurigo.scienza@esteri.it\" target=\"_blank\" rel=\"noopener\">zurigo.scienza@esteri.it<\/a><\/p>\n<p><a href=\"https:\/\/ambberna.esteri.it\/it\/logo-diplomazia-scientifica-positivo-300x88-3\/\"><img loading=\"lazy\" decoding=\"async\" class=\"alignnone size-full wp-image-3546 img-fluid\" src=\"https:\/\/ambberna.esteri.it\/wp-content\/uploads\/2023\/10\/logo-diplomazia-scientifica-positivo-300x88-1.jpg\" alt=\"\" width=\"300\" height=\"88\" \/><\/a><\/p>\n","protected":false},"excerpt":{"rendered":"Le minist\u00e8re des affaires \u00e9trang\u00e8res et de la coop\u00e9ration internationale (MAECI) promeut l&rsquo;internationalisation de la recherche italienne et la diplomatie scientifique en tant qu&rsquo;outils fondamentaux pour le d\u00e9veloppement de la coop\u00e9ration entre l&rsquo;Italie et le reste du monde. L&rsquo;action du MAECI repose sur la conviction qu&rsquo;il ne peut y avoir de d\u00e9veloppement \u00e9conomique sans innovation [&hellip;]","protected":false},"author":1,"featured_media":0,"parent":3907,"menu_order":4,"comment_status":"closed","ping_status":"closed","template":"","meta":{"footnotes":""},"class_list":["post-3951","page","type-page","status-publish","hentry"],"_links":{"self":[{"href":"https:\/\/ambberna.esteri.it\/fr\/wp-json\/wp\/v2\/pages\/3951","targetHints":{"allow":["GET"]}}],"collection":[{"href":"https:\/\/ambberna.esteri.it\/fr\/wp-json\/wp\/v2\/pages"}],"about":[{"href":"https:\/\/ambberna.esteri.it\/fr\/wp-json\/wp\/v2\/types\/page"}],"author":[{"embeddable":true,"href":"https:\/\/ambberna.esteri.it\/fr\/wp-json\/wp\/v2\/users\/1"}],"replies":[{"embeddable":true,"href":"https:\/\/ambberna.esteri.it\/fr\/wp-json\/wp\/v2\/comments?post=3951"}],"version-history":[{"count":5,"href":"https:\/\/ambberna.esteri.it\/fr\/wp-json\/wp\/v2\/pages\/3951\/revisions"}],"predecessor-version":[{"id":4464,"href":"https:\/\/ambberna.esteri.it\/fr\/wp-json\/wp\/v2\/pages\/3951\/revisions\/4464"}],"up":[{"embeddable":true,"href":"https:\/\/ambberna.esteri.it\/fr\/wp-json\/wp\/v2\/pages\/3907"}],"wp:attachment":[{"href":"https:\/\/ambberna.esteri.it\/fr\/wp-json\/wp\/v2\/media?parent=3951"}],"curies":[{"name":"wp","href":"https:\/\/api.w.org\/{rel}","templated":true}]}}