{"id":3964,"date":"2023-04-11T17:08:57","date_gmt":"2023-04-11T15:08:57","guid":{"rendered":"https:\/\/ambberna.esteri.it\/servizi-consolari-e-visti\/"},"modified":"2023-12-08T14:01:49","modified_gmt":"2023-12-08T12:01:49","slug":"servizi-consolari-e-visti","status":"publish","type":"page","link":"https:\/\/ambberna.esteri.it\/fr\/servizi-consolari-e-visti\/","title":{"rendered":"Services consulaires et visas"},"content":{"rendered":"<p>Les services consulaires sont fournis selon les principes d&rsquo;\u00e9galit\u00e9, d&rsquo;impartialit\u00e9, d&rsquo;efficacit\u00e9 et de transparence.<\/p>\n<p>Les consulats assurent la protection de tous les compatriotes en cas de violation de leurs droits fondamentaux et de limitation ou de privation de leur libert\u00e9 personnelle.<\/p>\n<p>Ils fournissent \u00e9galement une assistance dans les situations d&rsquo;urgence, dans la recherche de membres de la famille, dans les proc\u00e9dures de succession \u00e0 l&rsquo;\u00e9tranger et dans le rapatriement des d\u00e9pouilles mortelles.<\/p>\n<p>Pour faciliter la navigation, nous avons divis\u00e9 les diff\u00e9rents services offerts en deux sections, celles destin\u00e9es aux <a href=\"https:\/\/ambberna.esteri.it\/fr\/servizi-consolari-e-visti\/servizi-per-il-cittadino-italiano\/\"><span style=\"text-decoration: underline;\">citoyens italiens<\/span><\/a> et celles destin\u00e9es aux <a href=\"https:\/\/ambberna.esteri.it\/fr\/servizi-consolari-e-visti\/servizi-per-il-cittadino-straniero\/\"><span style=\"text-decoration: underline;\">citoyens \u00e9trangers<\/span><\/a>.<\/p>\n<p>Chaque rubrique du menu contient les informations n\u00e9cessaires pour demander des services sp\u00e9cifiques.<\/p>\n<p>Une rubrique sp\u00e9cifique concerne les publications sur le <a href=\"https:\/\/ambberna.esteri.it\/fr\/servizi-consolari-e-visti\/servizi-per-il-cittadino-italiano\/albo-consolare-e-altri-servizi\/\"><span style=\"text-decoration: underline;\">Registre consulaire<\/span><\/a>.<\/p>\n<p>Pour toute information compl\u00e9mentaire, veuillez nous contacter \u00e0 l&rsquo;adresse <a href=\"mailto:berna.consolare@esteri.it\">berna.consolare@esteri.it<\/a>.<\/p>\n<p>&nbsp;<\/p>\n<p>Vous trouverez ci-dessous quelques liens d&rsquo;int\u00e9r\u00eat :<\/p>\n<ul>\n<li><a href=\"https:\/\/www.esteri.it\/en\/servizi-consolari-e-visti\/\"><span style=\"text-decoration: underline;\">Site institutionnel de la MAECI consacr\u00e9 aux services consulaires<\/span><\/a><\/li>\n<li><a href=\"https:\/\/ambberna.esteri.it\/fr\/chi-siamo\/la-rete-consolare\/corrispondenti-consolari-della-circoscrizione-di-berna\/\">Liste des correspondants consulaires de la circonscription de Berne<\/a><\/li>\n<li><a href=\"https:\/\/ambberna.esteri.it\/fr\/chi-siamo\/la-rete-consolare\/traduttori-di-riferimento\/\"><span style=\"text-decoration: underline;\">Liste des traducteurs de r\u00e9f\u00e9rence dans la circonscription de Berne<\/span><\/a><\/li>\n<li><a href=\"https:\/\/ambberna.esteri.it\/fr\/chi-siamo\/la-rete-consolare\/studi-legali-di-riferimento-della-circoscrizione-di-berna\/\"><span style=\"text-decoration: underline;\">Liste des cabinets d&rsquo;avocats de r\u00e9f\u00e9rence dans la circonscription de Berne<\/span><\/a><\/li>\n<li><span style=\"text-decoration: underline;\"><a href=\"https:\/\/ambberna.esteri.it\/fr\/chi-siamo\/la-rete-consolare\/patronati-della-circoscrizione-di-berna\/\">Liste des patronages op\u00e9rant dans la circonscription de Berne<\/a><\/span><\/li>\n<\/ul>\n","protected":false},"excerpt":{"rendered":"Les services consulaires sont fournis selon les principes d&rsquo;\u00e9galit\u00e9, d&rsquo;impartialit\u00e9, d&rsquo;efficacit\u00e9 et de transparence. Les consulats assurent la protection de tous les compatriotes en cas de violation de leurs droits fondamentaux et de limitation ou de privation de leur libert\u00e9 personnelle. Ils fournissent \u00e9galement une assistance dans les situations d&rsquo;urgence, dans la recherche de membres [&hellip;]","protected":false},"author":1,"featured_media":0,"parent":0,"menu_order":6,"comment_status":"closed","ping_status":"closed","template":"","meta":{"footnotes":""},"class_list":["post-3964","page","type-page","status-publish","hentry"],"_links":{"self":[{"href":"https:\/\/ambberna.esteri.it\/fr\/wp-json\/wp\/v2\/pages\/3964","targetHints":{"allow":["GET"]}}],"collection":[{"href":"https:\/\/ambberna.esteri.it\/fr\/wp-json\/wp\/v2\/pages"}],"about":[{"href":"https:\/\/ambberna.esteri.it\/fr\/wp-json\/wp\/v2\/types\/page"}],"author":[{"embeddable":true,"href":"https:\/\/ambberna.esteri.it\/fr\/wp-json\/wp\/v2\/users\/1"}],"replies":[{"embeddable":true,"href":"https:\/\/ambberna.esteri.it\/fr\/wp-json\/wp\/v2\/comments?post=3964"}],"version-history":[{"count":3,"href":"https:\/\/ambberna.esteri.it\/fr\/wp-json\/wp\/v2\/pages\/3964\/revisions"}],"predecessor-version":[{"id":5422,"href":"https:\/\/ambberna.esteri.it\/fr\/wp-json\/wp\/v2\/pages\/3964\/revisions\/5422"}],"wp:attachment":[{"href":"https:\/\/ambberna.esteri.it\/fr\/wp-json\/wp\/v2\/media?parent=3964"}],"curies":[{"name":"wp","href":"https:\/\/api.w.org\/{rel}","templated":true}]}}