{"id":3974,"date":"2023-04-11T18:12:24","date_gmt":"2023-04-11T16:12:24","guid":{"rendered":"https:\/\/ambberna.esteri.it\/servizi-consolari-e-visti\/servizi-per-il-cittadino-italiano\/"},"modified":"2023-12-01T15:30:12","modified_gmt":"2023-12-01T13:30:12","slug":"servizi-per-il-cittadino-italiano","status":"publish","type":"page","link":"https:\/\/ambberna.esteri.it\/fr\/servizi-consolari-e-visti\/servizi-per-il-cittadino-italiano\/","title":{"rendered":"Services pour les ressortissants italiens"},"content":{"rendered":"<p>Les services consulaires sont fournis selon les principes d&rsquo;\u00e9galit\u00e9, d&rsquo;impartialit\u00e9, d&rsquo;efficacit\u00e9 et de transparence.<\/p>\n<p>Les consulats assurent la protection de tous les compatriotes en cas de violation de leurs droits fondamentaux et de restriction ou de privation de leur libert\u00e9 personnelle. En outre, ils fournissent une assistance dans les cas d&rsquo;urgence, dans la recherche de membres de la famille, dans les proc\u00e9dures de succession \u00e0 l&rsquo;\u00e9tranger et dans le rapatriement des d\u00e9pouilles mortelles.<\/p>\n<p>L&rsquo;ensemble des services offerts et la <strong>r\u00e9glementation<\/strong> sont d\u00e9crits par le minist\u00e8re des Affaires \u00e9trang\u00e8res sur <a href=\"https:\/\/www.esteri.it\/en\/servizi-consolari-e-visti\/\"><span style=\"text-decoration: underline;\">le lien suivant<\/span><\/a>.<\/p>\n<p>La liste des <strong>formulaires de r\u00e9f\u00e9rence<\/strong> pour les principaux services offerts par la Chancellerie consulaire \u00e0 Berne se trouve sur le <a href=\"https:\/\/ambberna.esteri.it\/fr\/servizi-consolari-e-visti\/servizi-per-il-cittadino-italiano\/modulistica\/\"><span style=\"text-decoration: underline;\">lien suivant<\/span><\/a>.<\/p>\n","protected":false},"excerpt":{"rendered":"Les services consulaires sont fournis selon les principes d&rsquo;\u00e9galit\u00e9, d&rsquo;impartialit\u00e9, d&rsquo;efficacit\u00e9 et de transparence. Les consulats assurent la protection de tous les compatriotes en cas de violation de leurs droits fondamentaux et de restriction ou de privation de leur libert\u00e9 personnelle. En outre, ils fournissent une assistance dans les cas d&rsquo;urgence, dans la recherche de [&hellip;]","protected":false},"author":1,"featured_media":0,"parent":3964,"menu_order":0,"comment_status":"closed","ping_status":"closed","template":"","meta":{"footnotes":""},"class_list":["post-3974","page","type-page","status-publish","hentry"],"_links":{"self":[{"href":"https:\/\/ambberna.esteri.it\/fr\/wp-json\/wp\/v2\/pages\/3974","targetHints":{"allow":["GET"]}}],"collection":[{"href":"https:\/\/ambberna.esteri.it\/fr\/wp-json\/wp\/v2\/pages"}],"about":[{"href":"https:\/\/ambberna.esteri.it\/fr\/wp-json\/wp\/v2\/types\/page"}],"author":[{"embeddable":true,"href":"https:\/\/ambberna.esteri.it\/fr\/wp-json\/wp\/v2\/users\/1"}],"replies":[{"embeddable":true,"href":"https:\/\/ambberna.esteri.it\/fr\/wp-json\/wp\/v2\/comments?post=3974"}],"version-history":[{"count":3,"href":"https:\/\/ambberna.esteri.it\/fr\/wp-json\/wp\/v2\/pages\/3974\/revisions"}],"predecessor-version":[{"id":4853,"href":"https:\/\/ambberna.esteri.it\/fr\/wp-json\/wp\/v2\/pages\/3974\/revisions\/4853"}],"up":[{"embeddable":true,"href":"https:\/\/ambberna.esteri.it\/fr\/wp-json\/wp\/v2\/pages\/3964"}],"wp:attachment":[{"href":"https:\/\/ambberna.esteri.it\/fr\/wp-json\/wp\/v2\/media?parent=3974"}],"curies":[{"name":"wp","href":"https:\/\/api.w.org\/{rel}","templated":true}]}}