{"id":3981,"date":"2023-04-11T18:12:44","date_gmt":"2023-04-11T16:12:44","guid":{"rendered":"https:\/\/ambberna.esteri.it\/servizi-consolari-e-visti\/servizi-per-il-cittadino-straniero\/"},"modified":"2023-12-05T11:23:11","modified_gmt":"2023-12-05T09:23:11","slug":"servizi-per-il-cittadino-straniero","status":"publish","type":"page","link":"https:\/\/ambberna.esteri.it\/fr\/servizi-consolari-e-visti\/servizi-per-il-cittadino-straniero\/","title":{"rendered":"Services pour les ressortissants \u00e9trangers"},"content":{"rendered":"<p>Les ambassades et les consulats offrent \u00e9galement des services aux ressortissants \u00e9trangers. Il s&rsquo;agit notamment de la d\u00e9livrance de visas d&rsquo;entr\u00e9e en Italie et dans l&rsquo;espace Schengen, de la d\u00e9livrance de documents administratifs tels que les l\u00e9galisations de documents, les certifications d&rsquo;existence et de conformit\u00e9 des traductions de documents. En outre, dans les cas pr\u00e9vus par la l\u00e9gislation en vigueur, les ambassades et les consulats assurent la transmission d&rsquo;actes et de documents aux autorit\u00e9s italiennes.<\/p>\n","protected":false},"excerpt":{"rendered":"Les ambassades et les consulats offrent \u00e9galement des services aux ressortissants \u00e9trangers. Il s&rsquo;agit notamment de la d\u00e9livrance de visas d&rsquo;entr\u00e9e en Italie et dans l&rsquo;espace Schengen, de la d\u00e9livrance de documents administratifs tels que les l\u00e9galisations de documents, les certifications d&rsquo;existence et de conformit\u00e9 des traductions de documents. En outre, dans les cas pr\u00e9vus [&hellip;]","protected":false},"author":1,"featured_media":0,"parent":3964,"menu_order":2,"comment_status":"closed","ping_status":"closed","template":"","meta":{"footnotes":""},"class_list":["post-3981","page","type-page","status-publish","hentry"],"_links":{"self":[{"href":"https:\/\/ambberna.esteri.it\/fr\/wp-json\/wp\/v2\/pages\/3981","targetHints":{"allow":["GET"]}}],"collection":[{"href":"https:\/\/ambberna.esteri.it\/fr\/wp-json\/wp\/v2\/pages"}],"about":[{"href":"https:\/\/ambberna.esteri.it\/fr\/wp-json\/wp\/v2\/types\/page"}],"author":[{"embeddable":true,"href":"https:\/\/ambberna.esteri.it\/fr\/wp-json\/wp\/v2\/users\/1"}],"replies":[{"embeddable":true,"href":"https:\/\/ambberna.esteri.it\/fr\/wp-json\/wp\/v2\/comments?post=3981"}],"version-history":[{"count":3,"href":"https:\/\/ambberna.esteri.it\/fr\/wp-json\/wp\/v2\/pages\/3981\/revisions"}],"predecessor-version":[{"id":5124,"href":"https:\/\/ambberna.esteri.it\/fr\/wp-json\/wp\/v2\/pages\/3981\/revisions\/5124"}],"up":[{"embeddable":true,"href":"https:\/\/ambberna.esteri.it\/fr\/wp-json\/wp\/v2\/pages\/3964"}],"wp:attachment":[{"href":"https:\/\/ambberna.esteri.it\/fr\/wp-json\/wp\/v2\/media?parent=3981"}],"curies":[{"name":"wp","href":"https:\/\/api.w.org\/{rel}","templated":true}]}}