{"id":4080,"date":"2023-06-14T09:56:05","date_gmt":"2023-06-14T07:56:05","guid":{"rendered":"https:\/\/ambberna.esteri.it\/chi-siamo\/la-rete-consolare\/corrispondenti-consolari-della-circoscrizione-di-berna\/"},"modified":"2025-03-12T18:50:11","modified_gmt":"2025-03-12T16:50:11","slug":"corrispondenti-consolari-della-circoscrizione-di-berna","status":"publish","type":"page","link":"https:\/\/ambberna.esteri.it\/fr\/chi-siamo\/la-rete-consolare\/corrispondenti-consolari-della-circoscrizione-di-berna\/","title":{"rendered":"Correspondants consulaires de la circonscription de Berne"},"content":{"rendered":"<p><strong>R\u00c9GIONS DE HUTTWIL, LANGENTHAL, BUETZBERGEN, NIEDERBIPP, WYNAU, ROGGWIL, MELCHNAU<\/strong><br \/>\n<strong>Correspondant consulaire <\/strong>: Caterina Sperduto<br \/>\n<strong>Portable<\/strong> +41 79 648 14 72<br \/>\n<strong>E-mail <\/strong>: <a href=\"mailto:c.sperduto@bluewin.ch\">c.sperduto@bluewin.ch<\/a><br \/>\n<strong>Adresse <\/strong>: Tannwaldstrasse 26 &#8211; 4600 Olten<br \/>\nR\u00e9ception sur rendez-vous<\/p>\n<p>&nbsp;<\/p>\n<p><strong>R\u00c9GION DE INTERLAKEN<\/strong><br \/>\n<strong>Correspondant consulaire <\/strong>: Salvatore Giaffreda<br \/>\n<strong>T\u00e9l<\/strong>. +41 33 822 81 61<br \/>\n<strong>Portable<\/strong> +41 79 68 18 003<br \/>\n<strong>E-mail <\/strong>: <a href=\"mailto:giaffreda.s@bluewin.ch\">giaffreda.s@bluewin.ch<\/a><br \/>\n<strong>Adresse <\/strong>: Seestrasse 62 &#8211; 3800 Unterseen<br \/>\nR\u00e9ception sur rendez-vous<\/p>\n<p>&nbsp;<\/p>\n<p><strong>R\u00c9GION DE LYSS ET DE SEELAND<\/strong><br \/>\n<strong>Correspondant consulaire <\/strong>: Giovanni Magno<br \/>\n<strong>T\u00e9l<\/strong>. +41 32 384 49 91<br \/>\n<strong>Portable\u00a0<\/strong> +41 79 434 45 29<br \/>\n<strong>E-mail <\/strong>: <a href=\"mailto:giovanni.magno@quickline.ch\">giovanni.magno@quickline.ch<\/a><br \/>\n<strong>Adresse <\/strong>: Laengasse 43 &#8211; 3292 Busswil B. Bueren<br \/>\nR\u00e9ception sur rendez-vous<\/p>\n<p>&nbsp;<\/p>\n<p><strong>ZONES DE MALLERAY, BEVILARD ET JURA BERNOIS<\/strong><br \/>\n<strong>Correspondant consulaire :<\/strong> Vincenzo Santoianni<br \/>\n<strong>T\u00e9l<\/strong>. +41 32 492 23 28<br \/>\n<strong>Portable<\/strong> +41 79 448 19 35<br \/>\n<strong>E-mail <\/strong>: <a href=\"mailto:v.santoianni@bluewin.ch\">v.santoianni@bluewin.ch<\/a><br \/>\n<strong>Adresse <\/strong>: Grand Rue 37 &#8211; 2735 Malleray<br \/>\nIl re\u00e7oit le mardi de 17h30 \u00e0 20h00<br \/>\n\u00e0 la Mission catholique \u00e0 la Grand-Rue 18 2735 &#8211; Malleray (Jura bernois)<\/p>\n<p>&nbsp;<\/p>\n<p><strong>ST. IMIER, COURTELARY DI NEUVEVILLE, PIETERLEN, LENGNAU ET BUEREN, BIENNE\/BIEL<\/strong><br \/>\n<strong>Correspondant consulaire : <\/strong>Giuseppe Sindoni<br \/>\n<strong>T\u00e9l<\/strong>. +41 32 535 96 69<br \/>\n<strong>Portable<\/strong> +41 79 241 37 23<br \/>\n<strong>E-mail <\/strong>: <a href=\"mailto:g.sindoni@hotmail.com\">g.sindoni@hotmail.com<\/a><br \/>\n<strong>Adresse <\/strong>: Lore Sandoz 6 &#8211; 2503 Bienne<br \/>\nR\u00e9ception sur rendez-vous<\/p>\n","protected":false},"excerpt":{"rendered":"R\u00c9GIONS DE HUTTWIL, LANGENTHAL, BUETZBERGEN, NIEDERBIPP, WYNAU, ROGGWIL, MELCHNAU Correspondant consulaire : Caterina Sperduto Portable +41 79 648 14 72 E-mail : c.sperduto@bluewin.ch Adresse : Tannwaldstrasse 26 &#8211; 4600 Olten R\u00e9ception sur rendez-vous &nbsp; R\u00c9GION DE INTERLAKEN Correspondant consulaire : Salvatore Giaffreda T\u00e9l. +41 33 822 81 61 Portable +41 79 68 18 003 E-mail [&hellip;]","protected":false},"author":4,"featured_media":0,"parent":3893,"menu_order":0,"comment_status":"closed","ping_status":"closed","template":"","meta":{"footnotes":""},"class_list":["post-4080","page","type-page","status-publish","hentry"],"_links":{"self":[{"href":"https:\/\/ambberna.esteri.it\/fr\/wp-json\/wp\/v2\/pages\/4080","targetHints":{"allow":["GET"]}}],"collection":[{"href":"https:\/\/ambberna.esteri.it\/fr\/wp-json\/wp\/v2\/pages"}],"about":[{"href":"https:\/\/ambberna.esteri.it\/fr\/wp-json\/wp\/v2\/types\/page"}],"author":[{"embeddable":true,"href":"https:\/\/ambberna.esteri.it\/fr\/wp-json\/wp\/v2\/users\/4"}],"replies":[{"embeddable":true,"href":"https:\/\/ambberna.esteri.it\/fr\/wp-json\/wp\/v2\/comments?post=4080"}],"version-history":[{"count":4,"href":"https:\/\/ambberna.esteri.it\/fr\/wp-json\/wp\/v2\/pages\/4080\/revisions"}],"predecessor-version":[{"id":7638,"href":"https:\/\/ambberna.esteri.it\/fr\/wp-json\/wp\/v2\/pages\/4080\/revisions\/7638"}],"up":[{"embeddable":true,"href":"https:\/\/ambberna.esteri.it\/fr\/wp-json\/wp\/v2\/pages\/3893"}],"wp:attachment":[{"href":"https:\/\/ambberna.esteri.it\/fr\/wp-json\/wp\/v2\/media?parent=4080"}],"curies":[{"name":"wp","href":"https:\/\/api.w.org\/{rel}","templated":true}]}}