{"id":4117,"date":"2023-06-14T13:57:29","date_gmt":"2023-06-14T11:57:29","guid":{"rendered":"https:\/\/ambberna.esteri.it\/chi-siamo\/la-rete-consolare\/traduttori-di-riferimento\/"},"modified":"2025-10-17T13:18:58","modified_gmt":"2025-10-17T11:18:58","slug":"traduttori-di-riferimento","status":"publish","type":"page","link":"https:\/\/ambberna.esteri.it\/fr\/chi-siamo\/la-rete-consolare\/traduttori-di-riferimento\/","title":{"rendered":"Traducteurs de r\u00e9f\u00e9rence dans la circonscription de Berne"},"content":{"rendered":"<p>La Chancellerie Consulaire de Berne n&rsquo;est pas responsable des services rendus par les professionnels list\u00e9s ci-dessous, qui exercent leur activit\u00e9 de mani\u00e8re ind\u00e9pendante et sans relation de travail avec la Chancellerie Consulaire de Berne.<br \/>\nLes utilisateurs sont invit\u00e9s \u00e0 v\u00e9rifier les tarifs et les conditions directement aupr\u00e8s des traducteurs.<\/p>\n<p>&nbsp;<\/p>\n<p><strong><span style=\"text-decoration: underline;\">TRADUCTEURS DE R\u00c9F\u00c9RENCE EN LANGUES ALLEMANDE ET FRAN\u00c7AISE<\/span><\/strong><\/p>\n<p>&nbsp;<\/p>\n<p><strong>APOSTROPH BERN AG<\/strong><br \/>\n<strong>Adresse <\/strong>: Amthausgasse 18 &#8211; 3011 Bern<br \/>\n<strong>T\u00e9l<\/strong>. +41 31 660 40 40\/42<br \/>\n<strong>E-mail <\/strong>: <a href=\"mailto:bern@apostrophgroup.ch\">bern@apostrophgroup.ch<\/a><\/p>\n<p>&nbsp;<\/p>\n<p><strong>BERGMANN TEAM SPRACHEN &#8211; Dirce Bergmann<br \/>\nAdresse <\/strong>: Bahnhofstrasse 25 &#8211; 2502 Biel<br \/>\n<strong>T\u00e9l<\/strong>. +41 32 323 22 66<br \/>\n<strong>Portable<\/strong> +41 79 959 47 25<br \/>\n<strong>E-mail <\/strong>: <a href=\"mailto:sekretariat@bergmann-team.ch\">sekretariat@bergmann-team.ch<\/a><br \/>\n<a href=\"http:\/\/www.bergmann-team.ch\">www.bergmann-team.ch<\/a><\/p>\n<p>&nbsp;<\/p>\n<p><strong>CALIARI Pierre Aleardo<\/strong><br \/>\n<strong>Adresse <\/strong>: Anwaltskanzlei Caliari \u2013 Wylerringstrasse 19 \u2013 3014 Bern<br \/>\n<strong>Portable<\/strong> . +41 79 281 79 94<br \/>\n<strong>E-mail<\/strong>:\u00a0<a href=\"mailto:pierre.aleardo@caliari.ch\">pierre.aleardo@caliari.ch<\/a><br \/>\n<a href=\"http:\/\/www.caliari.ch\/\">www.caliari.ch<\/a><\/p>\n<p>&nbsp;<\/p>\n<p><strong>CENTRO FAMILIARE<\/strong><br \/>\n<strong>Adresse <\/strong>: Seftigenstrasse 41 &#8211; 3007 Bern<br \/>\n<strong>T\u00e9l<\/strong>. +41 31 381 31 06 \/ Fax +41 31 381 97 63<br \/>\n<strong>E-mail <\/strong>: <a href=\"mailto:info@centrofamiliare.ch\">info@centrofamiliare.ch<\/a><br \/>\n<a href=\"http:\/\/www.centrofamiliare.ch\">www.centrofamiliare.ch<\/a><\/p>\n<p>&nbsp;<\/p>\n<p><strong>DI BUCCHIANICO Soraya<br \/>\nAdresse <\/strong>: Rosenstrasse 12 &#8211; 2562 Port<br \/>\n<strong>T\u00e9l<\/strong>. +41 76 390 34 60<br \/>\n<strong>E-mail<\/strong>: <a href=\"mailto:dbsoraya@hotmail.com\">dbsoraya@hotmail.com<\/a><\/p>\n<p>&nbsp;<\/p>\n<p><strong>GEB TRADUZIONI G.E.<\/strong><br \/>\n<strong>Adresse <\/strong>: Bertagna Chutzenweg 25 &#8211; 3076 Worb<br \/>\n<strong>T\u00e9l<\/strong>. +41 31 839 77 17<br \/>\n<strong>Portable<\/strong> +41 79 440 99 00<br \/>\n<strong>E-mail<\/strong>: <a href=\"mailto:info@gebtraduzioni.ch\">info@gebtraduzioni.ch<\/a><\/p>\n<p>&nbsp;<\/p>\n<p><strong>IDIOMA SERVIZI LINGUISTICI SAGL &#8211; Cinzia Napolitano Burkhard<\/strong><br \/>\n<strong>Adresse <\/strong>: Chemin des Villarets 61 &#8211; 2036 Cormondr\u00e9che<br \/>\n<strong>T\u00e9l<\/strong>: +41 32 730 43 55<br \/>\n<strong>E-mail<\/strong>: <a href=\"mailto:cnb@idioma-trad.ch\">cnb@idioma-trad.ch<\/a><\/p>\n<p>&nbsp;<\/p>\n<p><strong>SALERNO Antonio<\/strong><br \/>\n<strong>Adresse <\/strong>: Brechbhlerstrasse 10 &#8211; 3006 Berna<br \/>\n<strong>Portable<\/strong> +41 79 418 69 77<br \/>\n<strong>E-mai<\/strong>l: <a href=\"mailto:antonio.salerno53@gmail.com\">antonio.salerno53@gmail.com<\/a><br \/>\n<a href=\"http:\/\/www.salerno-dienstleistungen.ch\">www.salerno-dienstleistungen.ch<\/a><\/p>\n<p>&nbsp;<\/p>\n<p><strong>SPATARO Helga<\/strong><br \/>\n<strong>Adresse <\/strong>: Elisabethenstrasse 3 &#8211; 3014 Bern<br \/>\n<strong>Portable<\/strong> +41 76 306 40 61<br \/>\n<strong>E-mail<\/strong>: <a href=\"mailto:helgaspataro@hispeed.ch\">helgaspataro@hispeed.ch<\/a><\/p>\n<p>&nbsp;<\/p>\n<p>Vous trouverez d&rsquo;autres noms sur le site de l&rsquo;ASTII (Association suisse des traducteurs, terminologues et interpr\u00e8tes)<br \/>\n<a href=\"https:\/\/astti.ch\/\">http:\/\/www.astti.ch<\/a><\/p>\n","protected":false},"excerpt":{"rendered":"La Chancellerie Consulaire de Berne n&rsquo;est pas responsable des services rendus par les professionnels list\u00e9s ci-dessous, qui exercent leur activit\u00e9 de mani\u00e8re ind\u00e9pendante et sans relation de travail avec la Chancellerie Consulaire de Berne. Les utilisateurs sont invit\u00e9s \u00e0 v\u00e9rifier les tarifs et les conditions directement aupr\u00e8s des traducteurs. &nbsp; TRADUCTEURS DE R\u00c9F\u00c9RENCE EN LANGUES [&hellip;]","protected":false},"author":4,"featured_media":0,"parent":3893,"menu_order":0,"comment_status":"closed","ping_status":"closed","template":"","meta":{"footnotes":""},"class_list":["post-4117","page","type-page","status-publish","hentry"],"_links":{"self":[{"href":"https:\/\/ambberna.esteri.it\/fr\/wp-json\/wp\/v2\/pages\/4117","targetHints":{"allow":["GET"]}}],"collection":[{"href":"https:\/\/ambberna.esteri.it\/fr\/wp-json\/wp\/v2\/pages"}],"about":[{"href":"https:\/\/ambberna.esteri.it\/fr\/wp-json\/wp\/v2\/types\/page"}],"author":[{"embeddable":true,"href":"https:\/\/ambberna.esteri.it\/fr\/wp-json\/wp\/v2\/users\/4"}],"replies":[{"embeddable":true,"href":"https:\/\/ambberna.esteri.it\/fr\/wp-json\/wp\/v2\/comments?post=4117"}],"version-history":[{"count":7,"href":"https:\/\/ambberna.esteri.it\/fr\/wp-json\/wp\/v2\/pages\/4117\/revisions"}],"predecessor-version":[{"id":8265,"href":"https:\/\/ambberna.esteri.it\/fr\/wp-json\/wp\/v2\/pages\/4117\/revisions\/8265"}],"up":[{"embeddable":true,"href":"https:\/\/ambberna.esteri.it\/fr\/wp-json\/wp\/v2\/pages\/3893"}],"wp:attachment":[{"href":"https:\/\/ambberna.esteri.it\/fr\/wp-json\/wp\/v2\/media?parent=4117"}],"curies":[{"name":"wp","href":"https:\/\/api.w.org\/{rel}","templated":true}]}}