{"id":4129,"date":"2023-06-14T14:00:40","date_gmt":"2023-06-14T12:00:40","guid":{"rendered":"https:\/\/ambberna.esteri.it\/chi-siamo\/la-rete-consolare\/studi-legali-di-riferimento-della-circoscrizione-di-berna\/"},"modified":"2026-02-06T10:18:11","modified_gmt":"2026-02-06T08:18:11","slug":"studi-legali-di-riferimento-della-circoscrizione-di-berna","status":"publish","type":"page","link":"https:\/\/ambberna.esteri.it\/fr\/chi-siamo\/la-rete-consolare\/studi-legali-di-riferimento-della-circoscrizione-di-berna\/","title":{"rendered":"Cabinets d&rsquo;avocats de r\u00e9f\u00e9rence dans la circonscription de Berne"},"content":{"rendered":"<p>Les noms mentionn\u00e9s ne peuvent \u00eatre consid\u00e9r\u00e9s que comme des cabinets d&rsquo;avocats recommand\u00e9s \u00e0 cette Chancellerie Consulaire pour \u00eatre des professionnels de langue italienne. D&rsquo;autres avocats italophones souhaitant figurer sur la liste peuvent s&rsquo;inscrire ici. L&rsquo;Ambassade et la Chancellerie Consulaire d\u00e9clinent toute responsabilit\u00e9 pour le travail des professionnels mentionn\u00e9s ci-dessus.<\/p>\n<p>&nbsp;<\/p>\n<p>Avv. Claudio CHIANDUSSO<br \/>\nADVOKATUR CHIANDUSSO &amp; MOSIMANN<br \/>\n<strong>Adresse :<\/strong> Marktgasse 18, CH-3600 Thun<br \/>\n<strong>T\u00e9l<\/strong>. +41 33 222 61 91 | <strong>Fax<\/strong> +41 33 222 61 50<\/p>\n<p>&nbsp;<\/p>\n<p>Avv. Lucia COLACI<br \/>\n<strong>Adresse :<\/strong> Fbg de l&rsquo;H\u00f4pital 3 &#8211; 2000 Neuch\u00e2tel<br \/>\n<strong>T\u00e9l<\/strong>. + 41 32 730 52 63 | <strong>Fax <\/strong>+ 41 32 730 52 89<br \/>\n<strong>E-mail<\/strong>: <a href=\"mailto:info@juriconsult.ch\">info@juriconsult.ch<\/a><\/p>\n<p>&nbsp;<\/p>\n<p>Dr. Claudia MANUEDDA<br \/>\nSPEEDYLEX<br \/>\n<strong>Adresse :<\/strong> Industriestrasse 20A, CH-2555 &#8211; Br\u00fcgg B. Biel\/Bienne<br \/>\n<strong>T\u00e9l<\/strong>. +41 78 676 29 90<br \/>\n<strong>E-mail<\/strong>: <a href=\"mailto:info@speedylex.ch\">info@speedylex.ch<\/a><\/p>\n<p>&nbsp;<\/p>\n<p>Avv. Michel MONTINI &#8211; Avv. Marino MONTINI<br \/>\nMONTINI &amp; MONTINI<br \/>\n<strong>Adresse :<\/strong> Rue des Moulins 51 &#8211; 2000 Neuch\u00e2tel<br \/>\n<strong>T\u00e9l<\/strong>. + 41 32 757 65 65 | <strong>Fax<\/strong> + 41 32 757 65 66<br \/>\n<strong>E-mail<\/strong>: <a href=\"mailto:etude@montini.ch\">etude@montini.ch<\/a><br \/>\n<a href=\"http:\/\/www.montini.ch\">www.montini.ch<\/a><\/p>\n<p>&nbsp;<\/p>\n<p>Avv. Michele NAEF<br \/>\n<strong>Adresse :<\/strong> Marienstrasse 35, boite postale 275, 3000 Berna 6<br \/>\n<strong>T\u00e9l<\/strong>. +41 31 311 60 43<br \/>\n<strong>E-mail<\/strong>:\u00a0<a href=\"mailto:naef@dasanwaltsbuero.ch\">naef@dasanwaltsbuero.ch<\/a><br \/>\n<a href=\"http:\/\/www.dasanwaltsbuero.ch\/\">http:\/\/www.dasanwaltsbuero.ch\/<\/a><\/p>\n<p>&nbsp;<\/p>\n<p>&nbsp;<\/p>\n","protected":false},"excerpt":{"rendered":"Les noms mentionn\u00e9s ne peuvent \u00eatre consid\u00e9r\u00e9s que comme des cabinets d&rsquo;avocats recommand\u00e9s \u00e0 cette Chancellerie Consulaire pour \u00eatre des professionnels de langue italienne. D&rsquo;autres avocats italophones souhaitant figurer sur la liste peuvent s&rsquo;inscrire ici. L&rsquo;Ambassade et la Chancellerie Consulaire d\u00e9clinent toute responsabilit\u00e9 pour le travail des professionnels mentionn\u00e9s ci-dessus. &nbsp; Avv. Claudio CHIANDUSSO ADVOKATUR [&hellip;]","protected":false},"author":4,"featured_media":0,"parent":3893,"menu_order":0,"comment_status":"closed","ping_status":"closed","template":"","meta":{"footnotes":""},"class_list":["post-4129","page","type-page","status-publish","hentry"],"_links":{"self":[{"href":"https:\/\/ambberna.esteri.it\/fr\/wp-json\/wp\/v2\/pages\/4129","targetHints":{"allow":["GET"]}}],"collection":[{"href":"https:\/\/ambberna.esteri.it\/fr\/wp-json\/wp\/v2\/pages"}],"about":[{"href":"https:\/\/ambberna.esteri.it\/fr\/wp-json\/wp\/v2\/types\/page"}],"author":[{"embeddable":true,"href":"https:\/\/ambberna.esteri.it\/fr\/wp-json\/wp\/v2\/users\/4"}],"replies":[{"embeddable":true,"href":"https:\/\/ambberna.esteri.it\/fr\/wp-json\/wp\/v2\/comments?post=4129"}],"version-history":[{"count":7,"href":"https:\/\/ambberna.esteri.it\/fr\/wp-json\/wp\/v2\/pages\/4129\/revisions"}],"predecessor-version":[{"id":8596,"href":"https:\/\/ambberna.esteri.it\/fr\/wp-json\/wp\/v2\/pages\/4129\/revisions\/8596"}],"up":[{"embeddable":true,"href":"https:\/\/ambberna.esteri.it\/fr\/wp-json\/wp\/v2\/pages\/3893"}],"wp:attachment":[{"href":"https:\/\/ambberna.esteri.it\/fr\/wp-json\/wp\/v2\/media?parent=4129"}],"curies":[{"name":"wp","href":"https:\/\/api.w.org\/{rel}","templated":true}]}}