{"id":4163,"date":"2023-06-13T14:16:30","date_gmt":"2023-06-13T12:16:30","guid":{"rendered":"https:\/\/ambberna.esteri.it\/italia-e-svizzera\/cooperazione-politica\/storia\/"},"modified":"2023-11-23T10:29:54","modified_gmt":"2023-11-23T08:29:54","slug":"storia","status":"publish","type":"page","link":"https:\/\/ambberna.esteri.it\/fr\/italia-e-svizzera\/cooperazione-politica\/storia\/","title":{"rendered":"L&rsquo;histoire"},"content":{"rendered":"<div>\n<p><strong><b>Contexte historique<\/p>\n<p><\/b><\/strong>Au 1er si\u00e8cle avant J.-C., la r\u00e9gion connue sous le nom d'\u00a0\u00bbHelv\u00e9tie\u00a0\u00bb int\u00e9resse les Romains. Les constructions d&rsquo;Avenches pr\u00e8s de Berne et d&rsquo;Augusta Raulica (Augst) pr\u00e8s de B\u00e2le datent de cette \u00e9poque. La fin de l&rsquo;Empire romain ouvre la porte \u00e0 l&rsquo;immigration germanique. Burgondes, Al\u00e9maniques, Francs et Lombards peuplent l&rsquo;actuel territoire helv\u00e9tique jusqu&rsquo;en 800 apr\u00e8s J.-C., date \u00e0 laquelle Charlemagne le soumet \u00e0 son autorit\u00e9.<\/p>\n<p>\u00c0 partir de 600 environ, lorsque la population helv\u00e9tique se convertit au christianisme, des moines irlandais s&rsquo;installent dans la r\u00e9gion, entra\u00eenant la cr\u00e9ation de nombreux monast\u00e8res (Saint-Gall, Disentis, Lucerne, Einsiedeln). \u00c0 la fin du IXe si\u00e8cle, la fragmentation de l&#8217;empire de Charlemagne permet \u00e0 plusieurs dynasties locales (Zaehringer, Savoie, Habsbourg) de s&rsquo;\u00e9tablir dans la r\u00e9gion helv\u00e9tique. Face aux tentatives r\u00e9p\u00e9t\u00e9es des Habsbourg de conserver le contr\u00f4le de l&rsquo;acc\u00e8s au Gothard, les habitants d&rsquo;Uri, de Schwyz et d&rsquo;Unterwald r\u00e9agissent en cr\u00e9ant une f\u00e9d\u00e9ration fond\u00e9e sur le principe de la d\u00e9fense commune en <strong>1273 (Pacte du Gr\u00fctli)<\/strong>, donnant ainsi naissance au premier noyau de la nation helv\u00e9tique.<\/p>\n<p>Le d\u00e9but de la neutralit\u00e9 s&rsquo;est manifest\u00e9 pendant <strong>la guerre de Trente Ans (1618-1648)<\/strong>, apr\u00e8s laquelle la population suisse n&rsquo;a plus particip\u00e9 aux conflits europ\u00e9ens. Le trait\u00e9 de Westphalie reconna\u00eet le statut de la Suisse et supprime m\u00eame les liens formels qui la rattachaient encore \u00e0 l&rsquo;ancien syst\u00e8me imp\u00e9rial.<\/p>\n<p>Apr\u00e8s l&rsquo;occupation de la Suisse par les troupes fran\u00e7aises en 1798 et le <strong>Congr\u00e8s de Vienne en 1815<\/strong>, la Suisse s&rsquo;est constitu\u00e9e en une Conf\u00e9d\u00e9ration de 22 cantons.<\/p>\n<p>L&rsquo;\u00e9mergence d&rsquo;une bourgeoisie urbaine lib\u00e9rale, au d\u00e9triment des zones rurales conservatrices de Suisse centrale, a conduit \u00e0 l&rsquo;approbation d&rsquo;une <strong>nouvelle constitution<\/strong> en <strong>1848<\/strong>, dont les principes sont encore largement valables aujourd&rsquo;hui.<\/p>\n<p>La r\u00e9vision de la Constitution de 1848, favoris\u00e9e par l&rsquo;affirmation progressive des courants d\u00e9mocratiques radicaux, aboutit au <strong>nouveau texte de 1874<\/strong>, qui consacre l&rsquo;adoption du syst\u00e8me de \u00ab\u00a0d\u00e9mocratie directe\u00a0\u00bb par le biais du r\u00e9f\u00e9rendum populaire confirmatif, qui caract\u00e9rise encore aujourd&rsquo;hui le syst\u00e8me politique suisse. Pour prot\u00e9ger la volont\u00e9 des minorit\u00e9s dans les grandes d\u00e9cisions, la n\u00e9cessit\u00e9 d&rsquo;une double majorit\u00e9, populaire et cantonale, a \u00e9galement \u00e9t\u00e9 consacr\u00e9e.<\/p>\n<p>Au cours du <strong>XXe si\u00e8cle<\/strong>, la Suisse a consolid\u00e9 son syst\u00e8me politique et institutionnel, bas\u00e9 sur les <strong>deux principes fondamentaux<\/strong> <strong>de la neutralit\u00e9 et de la d\u00e9mocratie directe<\/strong>. Sortie indemne de la Premi\u00e8re Guerre mondiale, la Suisse renforce son prestige international au point de devenir le si\u00e8ge des grandes conventions internationales, ainsi que de la Soci\u00e9t\u00e9 des Nations de l&rsquo;\u00e9poque. A la fin de la Seconde Guerre mondiale, le maintien de la neutralit\u00e9 a permis \u00e0 Berne d&rsquo;acqu\u00e9rir une place stable parmi les pays les plus avanc\u00e9s sur le plan industriel et un r\u00f4le de premier plan dans le syst\u00e8me financier international. Aujourd&rsquo;hui, la Suisse est membre de l&rsquo;ONU et poursuit son dialogue avec l&rsquo;Union europ\u00e9enne sans toutefois envisager d&rsquo;y adh\u00e9rer.<\/p>\n<p><a href=\"https:\/\/www.eda.admin.ch\/aboutswitzerland\/fr\/home\/politik-geschichte\/geschichte-der-schweiz.html\">Histoire de la Suisse<\/a><\/p>\n<\/div>\n","protected":false},"excerpt":{"rendered":"Contexte historique Au 1er si\u00e8cle avant J.-C., la r\u00e9gion connue sous le nom d&rsquo;\u00a0\u00bbHelv\u00e9tie\u00a0\u00bb int\u00e9resse les Romains. Les constructions d&rsquo;Avenches pr\u00e8s de Berne et d&rsquo;Augusta Raulica (Augst) pr\u00e8s de B\u00e2le datent de cette \u00e9poque. La fin de l&rsquo;Empire romain ouvre la porte \u00e0 l&rsquo;immigration germanique. Burgondes, Al\u00e9maniques, Francs et Lombards peuplent l&rsquo;actuel territoire helv\u00e9tique jusqu&rsquo;en [&hellip;]","protected":false},"author":4,"featured_media":0,"parent":3921,"menu_order":0,"comment_status":"closed","ping_status":"closed","template":"","meta":{"footnotes":""},"class_list":["post-4163","page","type-page","status-publish","hentry"],"_links":{"self":[{"href":"https:\/\/ambberna.esteri.it\/fr\/wp-json\/wp\/v2\/pages\/4163","targetHints":{"allow":["GET"]}}],"collection":[{"href":"https:\/\/ambberna.esteri.it\/fr\/wp-json\/wp\/v2\/pages"}],"about":[{"href":"https:\/\/ambberna.esteri.it\/fr\/wp-json\/wp\/v2\/types\/page"}],"author":[{"embeddable":true,"href":"https:\/\/ambberna.esteri.it\/fr\/wp-json\/wp\/v2\/users\/4"}],"replies":[{"embeddable":true,"href":"https:\/\/ambberna.esteri.it\/fr\/wp-json\/wp\/v2\/comments?post=4163"}],"version-history":[{"count":2,"href":"https:\/\/ambberna.esteri.it\/fr\/wp-json\/wp\/v2\/pages\/4163\/revisions"}],"predecessor-version":[{"id":4170,"href":"https:\/\/ambberna.esteri.it\/fr\/wp-json\/wp\/v2\/pages\/4163\/revisions\/4170"}],"up":[{"embeddable":true,"href":"https:\/\/ambberna.esteri.it\/fr\/wp-json\/wp\/v2\/pages\/3921"}],"wp:attachment":[{"href":"https:\/\/ambberna.esteri.it\/fr\/wp-json\/wp\/v2\/media?parent=4163"}],"curies":[{"name":"wp","href":"https:\/\/api.w.org\/{rel}","templated":true}]}}