{"id":4229,"date":"2023-04-11T18:23:52","date_gmt":"2023-04-11T16:23:52","guid":{"rendered":"https:\/\/ambberna.esteri.it\/italia-e-svizzera\/diplomazia-economica\/fare-affari-in-svizzera\/"},"modified":"2023-11-23T14:45:04","modified_gmt":"2023-11-23T12:45:04","slug":"fare-affari-in-svizzera","status":"publish","type":"page","link":"https:\/\/ambberna.esteri.it\/fr\/italia-e-svizzera\/diplomazia-economica\/fare-affari-in-svizzera\/","title":{"rendered":"Faire des affaires en Suisse"},"content":{"rendered":"<p>L&rsquo;int\u00e9r\u00eat du march\u00e9 suisse pour les op\u00e9rateurs italiens repose sur un certain nombre d&rsquo;atouts importants.<\/p>\n<p><strong>Pouvoir d&rsquo;achat<\/strong><br \/>\nAvec un revenu par habitant de plus de 90 000 euros (2022), la Suisse est l&rsquo;un des pays les plus riches d&rsquo;Europe et dispose d&rsquo;un pouvoir d&rsquo;achat parmi les plus \u00e9lev\u00e9s au monde. La demande int\u00e9rieure reste tr\u00e8s forte.<\/p>\n<p><strong>Appr\u00e9ciation du Made in Italy<\/strong><br \/>\nLa Suisse appr\u00e9cie et valorise les produits Made in Italy, se confirmant ann\u00e9e apr\u00e8s ann\u00e9e comme le quatri\u00e8me march\u00e9 mondial pour les produits italiens.<\/p>\n<p><strong>Stabilit\u00e9 financi\u00e8re<\/strong><br \/>\nMalgr\u00e9 la r\u00e9cente crise bancaire, qui n&rsquo;a pas encore \u00e9t\u00e9 surmont\u00e9e, d&rsquo;un des plus importants g\u00e9ants financiers suisses, le pays est traditionnellement l&rsquo;un des plus solides du Vieux Continent et du monde, avec un ratio dette\/PIB inf\u00e9rieur \u00e0 30 % et un exc\u00e9dent financier stable.<\/p>\n<p><strong>Stabilit\u00e9 politique<\/strong><br \/>\nLe syst\u00e8me institutionnel suisse est un exemple de stabilit\u00e9 absolue, garantissant le fonctionnement efficace et efficient de l&rsquo;appareil d&rsquo;\u00c9tat, qui tient \u00e9galement compte des caract\u00e9ristiques des diff\u00e9rents cantons qui composent la Conf\u00e9d\u00e9ration.<\/p>\n<p><strong>Situation g\u00e9ographique<\/strong><br \/>\nLa Suisse est situ\u00e9e au centre de l&rsquo;Europe et constitue un point de passage oblig\u00e9 entre les pays germaniques et latins. La capillarit\u00e9 de ses transports ferroviaires et routiers en fait un pays cl\u00e9 pour le commerce italien.<\/p>\n<p>Quelques liens et documents d&rsquo;int\u00e9r\u00eat :<\/p>\n<ul>\n<li><strong><a href=\"https:\/\/ambberna.esteri.it\/wp-content\/uploads\/2023\/06\/nota_cong._nov._2021_0.pdf\">Agence italienne du commerce &#8211; Bureau ICE de Berne (rev. 2021)<\/a><\/strong><\/li>\n<li><a href=\"https:\/\/www.infomercatiesteri.it\/presenza_italiana.php?id_paesi=94\"><strong>Soci\u00e9t\u00e9s italiennes ou affili\u00e9es op\u00e9rant en Suisse (rev. 2020)<\/strong><\/a><\/li>\n<\/ul>\n<p><a href=\"https:\/\/ccis.ch\/fr\/\"><strong>Chambre de commerce italienne pour la Suisse<\/strong><\/a><\/p>\n<p><a href=\"https:\/\/ccis.ch\/fr\/\" rel=\"attachment wp-att-2745\"><img loading=\"lazy\" decoding=\"async\" class=\"alignnone size-medium wp-image-2745 img-fluid\" src=\"https:\/\/ambberna.esteri.it\/wp-content\/uploads\/2023\/06\/CCIS-300x200.png\" alt=\"\" width=\"300\" height=\"200\" srcset=\"https:\/\/ambberna.esteri.it\/wp-content\/uploads\/2023\/06\/CCIS-300x200.png 300w, https:\/\/ambberna.esteri.it\/wp-content\/uploads\/2023\/06\/CCIS.png 383w\" sizes=\"auto, (max-width: 300px) 100vw, 300px\" \/><\/a><\/p>\n<p>Fond\u00e9e en 1909, la Chambre de commerce italienne pour la Suisse, dont le si\u00e8ge est \u00e0 Zurich, a contribu\u00e9 de mani\u00e8re significative aux r\u00e9sultats positifs obtenus ann\u00e9e apr\u00e8s ann\u00e9e dans les relations \u00e9conomico-commerciales italo-suisses et s&rsquo;est impos\u00e9e comme un point de r\u00e9f\u00e9rence \u00e9conomique-institutionnel fondamental pour tous les sujets publics et priv\u00e9s qui planifient et mettent en \u0153uvre des projets d&rsquo;expansion \u00e9conomique et commerciale de l&rsquo;Italie vers le march\u00e9 suisse et vice-versa.<\/p>\n<p>Avec ses quelque 700 membres, la Chambre de commerce italienne pour la Suisse est une association ind\u00e9pendante r\u00e9gie par le Code civil suisse. Sa t\u00e2che principale est d&rsquo;assister les entreprises impliqu\u00e9es dans le commerce entre l&rsquo;Italie, la Suisse et la Principaut\u00e9 du Liechtenstein.<\/p>\n<p>Sans n\u00e9gliger son r\u00f4le institutionnel, la Chambre fournit une assistance aux institutions et aux entreprises, en agissant de mani\u00e8re entrepreneuriale et en cherchant \u00e0 maximiser le rendement commercial pour ses clients.<\/p>\n","protected":false},"excerpt":{"rendered":"L&rsquo;int\u00e9r\u00eat du march\u00e9 suisse pour les op\u00e9rateurs italiens repose sur un certain nombre d&rsquo;atouts importants. Pouvoir d&rsquo;achat Avec un revenu par habitant de plus de 90 000 euros (2022), la Suisse est l&rsquo;un des pays les plus riches d&rsquo;Europe et dispose d&rsquo;un pouvoir d&rsquo;achat parmi les plus \u00e9lev\u00e9s au monde. La demande int\u00e9rieure reste tr\u00e8s [&hellip;]","protected":false},"author":1,"featured_media":0,"parent":3938,"menu_order":0,"comment_status":"closed","ping_status":"closed","template":"","meta":{"footnotes":""},"class_list":["post-4229","page","type-page","status-publish","hentry"],"_links":{"self":[{"href":"https:\/\/ambberna.esteri.it\/fr\/wp-json\/wp\/v2\/pages\/4229","targetHints":{"allow":["GET"]}}],"collection":[{"href":"https:\/\/ambberna.esteri.it\/fr\/wp-json\/wp\/v2\/pages"}],"about":[{"href":"https:\/\/ambberna.esteri.it\/fr\/wp-json\/wp\/v2\/types\/page"}],"author":[{"embeddable":true,"href":"https:\/\/ambberna.esteri.it\/fr\/wp-json\/wp\/v2\/users\/1"}],"replies":[{"embeddable":true,"href":"https:\/\/ambberna.esteri.it\/fr\/wp-json\/wp\/v2\/comments?post=4229"}],"version-history":[{"count":2,"href":"https:\/\/ambberna.esteri.it\/fr\/wp-json\/wp\/v2\/pages\/4229\/revisions"}],"predecessor-version":[{"id":4239,"href":"https:\/\/ambberna.esteri.it\/fr\/wp-json\/wp\/v2\/pages\/4229\/revisions\/4239"}],"up":[{"embeddable":true,"href":"https:\/\/ambberna.esteri.it\/fr\/wp-json\/wp\/v2\/pages\/3938"}],"wp:attachment":[{"href":"https:\/\/ambberna.esteri.it\/fr\/wp-json\/wp\/v2\/media?parent=4229"}],"curies":[{"name":"wp","href":"https:\/\/api.w.org\/{rel}","templated":true}]}}