{"id":4292,"date":"2023-04-11T18:24:01","date_gmt":"2023-04-11T16:24:01","guid":{"rendered":"https:\/\/ambberna.esteri.it\/italia-e-svizzera\/diplomazia-economica\/fare-affari-in-italia\/"},"modified":"2025-04-14T10:56:23","modified_gmt":"2025-04-14T08:56:23","slug":"fare-affari-in-italia","status":"publish","type":"page","link":"https:\/\/ambberna.esteri.it\/fr\/italia-e-svizzera\/diplomazia-economica\/fare-affari-in-italia\/","title":{"rendered":"Faire des affaires en Italie"},"content":{"rendered":"<ul>\n<li><a href=\"https:\/\/www.ice.it\/en\/sites\/default\/files\/inline-files\/doing_business_in_italy_2021_0.pdf\"><strong>Guide de l&rsquo;investissement en Italie (document en anglais)<\/strong><\/a><\/li>\n<\/ul>\n<p>L&rsquo;Italie est le sixi\u00e8me pays de la zone OCDE et le quatri\u00e8me de la zone europ\u00e9enne en termes de valeur du Produit Int\u00e9rieur Brut. La production italienne repr\u00e9sente plus de 13 % du PIB de l\u2019Union europ\u00e9enne.<br \/>\nEn termes de caract\u00e9ristiques de la structure de production, la composition italienne par secteur d&rsquo;activit\u00e9 \u00e9conomique est similaire \u00e0 celle des principaux pays europ\u00e9ens, avec 28% de la production dans le secteur manufacturier et de la construction et pr\u00e8s de 70% dans le secteur des services. Dans ce dernier secteur, le commerce, les transports et les communications absorbent une part du PIB plus \u00e9lev\u00e9e que la moyenne des pays europ\u00e9ens.<br \/>\nSitu\u00e9e au c\u0153ur de la M\u00e9diterran\u00e9e, l\u2019Italie repr\u00e9sente une plaque tournante cruciale pour les liaisons routi\u00e8res, maritimes et a\u00e9riennes entre l\u2019Europe du Nord et l\u2019Europe du Sud.<br \/>\nLe march\u00e9 italien offre d\u2019innombrables opportunit\u00e9s d\u2019expansion pour les entreprises, avec pr\u00e8s de 60 millions de consommateurs et un PIB qui se classe au quatri\u00e8me rang en Italie.<br \/>\nGr\u00e2ce \u00e0 sa position strat\u00e9gique, l\u2019Italie permet un acc\u00e8s facile aux 396 millions de consommateurs des autres pays de l\u2019Union europ\u00e9enne et aux 240 millions d\u2019Afrique du Nord et du Moyen-Orient.<br \/>\nElle a acquis une position de leader (11% de part de march\u00e9 europ\u00e9enne), avec un chiffre d&rsquo;affaires d&rsquo;environ 65 milliards d&rsquo;euros.<br \/>\nEn Europe, l&rsquo;Italie se classe au premier rang des pays ayant le co\u00fbt d&rsquo;implantation le plus bas dans le secteur des biotechnologies, au deuxi\u00e8me rang pour les tests de produits dans la recherche et le d\u00e9veloppement, la chimie et l&rsquo;\u00e9lectronique.<\/p>\n<p>&nbsp;<\/p>\n","protected":false},"excerpt":{"rendered":"Guide de l&rsquo;investissement en Italie (document en anglais) L&rsquo;Italie est le sixi\u00e8me pays de la zone OCDE et le quatri\u00e8me de la zone europ\u00e9enne en termes de valeur du Produit Int\u00e9rieur Brut. La production italienne repr\u00e9sente plus de 13 % du PIB de l\u2019Union europ\u00e9enne. En termes de caract\u00e9ristiques de la structure de production, la [&hellip;]","protected":false},"author":1,"featured_media":0,"parent":3938,"menu_order":0,"comment_status":"closed","ping_status":"closed","template":"","meta":{"footnotes":""},"class_list":["post-4292","page","type-page","status-publish","hentry"],"_links":{"self":[{"href":"https:\/\/ambberna.esteri.it\/fr\/wp-json\/wp\/v2\/pages\/4292","targetHints":{"allow":["GET"]}}],"collection":[{"href":"https:\/\/ambberna.esteri.it\/fr\/wp-json\/wp\/v2\/pages"}],"about":[{"href":"https:\/\/ambberna.esteri.it\/fr\/wp-json\/wp\/v2\/types\/page"}],"author":[{"embeddable":true,"href":"https:\/\/ambberna.esteri.it\/fr\/wp-json\/wp\/v2\/users\/1"}],"replies":[{"embeddable":true,"href":"https:\/\/ambberna.esteri.it\/fr\/wp-json\/wp\/v2\/comments?post=4292"}],"version-history":[{"count":3,"href":"https:\/\/ambberna.esteri.it\/fr\/wp-json\/wp\/v2\/pages\/4292\/revisions"}],"predecessor-version":[{"id":7791,"href":"https:\/\/ambberna.esteri.it\/fr\/wp-json\/wp\/v2\/pages\/4292\/revisions\/7791"}],"up":[{"embeddable":true,"href":"https:\/\/ambberna.esteri.it\/fr\/wp-json\/wp\/v2\/pages\/3938"}],"wp:attachment":[{"href":"https:\/\/ambberna.esteri.it\/fr\/wp-json\/wp\/v2\/media?parent=4292"}],"curies":[{"name":"wp","href":"https:\/\/api.w.org\/{rel}","templated":true}]}}