{"id":4306,"date":"2023-06-12T13:49:38","date_gmt":"2023-06-12T11:49:38","guid":{"rendered":"https:\/\/ambberna.esteri.it\/italia-e-svizzera\/diplomazia-economica\/fare-affari-in-italia\/norme-ed-incentivi\/"},"modified":"2023-11-23T16:38:50","modified_gmt":"2023-11-23T14:38:50","slug":"norme-ed-incentivi","status":"publish","type":"page","link":"https:\/\/ambberna.esteri.it\/fr\/italia-e-svizzera\/diplomazia-economica\/fare-affari-in-italia\/norme-ed-incentivi\/","title":{"rendered":"R\u00e9glementation et incitations"},"content":{"rendered":"<p>Au cours des ann\u00e9es 1990, des r\u00e9formes structurelles ont \u00e9t\u00e9 introduites qui ont permis \u00e0 l&rsquo;Italie d&rsquo;harmoniser son cadre r\u00e9glementaire, fiscal et incitatif avec les normes europ\u00e9ennes.<\/p>\n<p>D&rsquo;importantes r\u00e9formes ont notamment \u00e9t\u00e9 mises en \u0153uvre sur les march\u00e9s du travail, du cr\u00e9dit, de l&rsquo;\u00e9nergie et de l&rsquo;administration publique.<\/p>\n<p>Trois domaines fondamentaux de la l\u00e9gislation \u00e9conomique ont \u00e9t\u00e9 r\u00e9volutionn\u00e9s. Le fil conducteur des interventions a \u00e9t\u00e9 l&rsquo;adaptation des r\u00e8gles \u00e0 celles des pays les plus avanc\u00e9s, afin de rendre le syst\u00e8me italien plus attractif pour les op\u00e9rateurs \u00e9conomiques et plus comp\u00e9titif en comparaison internationale. Le site <a href=\"https:\/\/www.invitalia.it\/\"><span style=\"text-decoration: underline;\">Invitalia<\/span><\/a> offre des informations pr\u00e9cises, en quatre langues, sur les possibilit\u00e9s de faire des affaires et de produire en Italie \u00e0 la lumi\u00e8re des r\u00e9centes r\u00e9formes \u00e9conomiques.<\/p>\n","protected":false},"excerpt":{"rendered":"Au cours des ann\u00e9es 1990, des r\u00e9formes structurelles ont \u00e9t\u00e9 introduites qui ont permis \u00e0 l&rsquo;Italie d&rsquo;harmoniser son cadre r\u00e9glementaire, fiscal et incitatif avec les normes europ\u00e9ennes. D&rsquo;importantes r\u00e9formes ont notamment \u00e9t\u00e9 mises en \u0153uvre sur les march\u00e9s du travail, du cr\u00e9dit, de l&rsquo;\u00e9nergie et de l&rsquo;administration publique. Trois domaines fondamentaux de la l\u00e9gislation \u00e9conomique [&hellip;]","protected":false},"author":4,"featured_media":0,"parent":4292,"menu_order":0,"comment_status":"closed","ping_status":"closed","template":"","meta":{"footnotes":""},"class_list":["post-4306","page","type-page","status-publish","hentry"],"_links":{"self":[{"href":"https:\/\/ambberna.esteri.it\/fr\/wp-json\/wp\/v2\/pages\/4306","targetHints":{"allow":["GET"]}}],"collection":[{"href":"https:\/\/ambberna.esteri.it\/fr\/wp-json\/wp\/v2\/pages"}],"about":[{"href":"https:\/\/ambberna.esteri.it\/fr\/wp-json\/wp\/v2\/types\/page"}],"author":[{"embeddable":true,"href":"https:\/\/ambberna.esteri.it\/fr\/wp-json\/wp\/v2\/users\/4"}],"replies":[{"embeddable":true,"href":"https:\/\/ambberna.esteri.it\/fr\/wp-json\/wp\/v2\/comments?post=4306"}],"version-history":[{"count":1,"href":"https:\/\/ambberna.esteri.it\/fr\/wp-json\/wp\/v2\/pages\/4306\/revisions"}],"predecessor-version":[{"id":4312,"href":"https:\/\/ambberna.esteri.it\/fr\/wp-json\/wp\/v2\/pages\/4306\/revisions\/4312"}],"up":[{"embeddable":true,"href":"https:\/\/ambberna.esteri.it\/fr\/wp-json\/wp\/v2\/pages\/4292"}],"wp:attachment":[{"href":"https:\/\/ambberna.esteri.it\/fr\/wp-json\/wp\/v2\/media?parent=4306"}],"curies":[{"name":"wp","href":"https:\/\/api.w.org\/{rel}","templated":true}]}}