{"id":4318,"date":"2023-06-12T13:50:24","date_gmt":"2023-06-12T11:50:24","guid":{"rendered":"https:\/\/ambberna.esteri.it\/italia-e-svizzera\/diplomazia-economica\/fare-affari-in-italia\/opportunita-commerciali\/"},"modified":"2023-12-04T16:19:27","modified_gmt":"2023-12-04T14:19:27","slug":"opportunita-commerciali","status":"publish","type":"page","link":"https:\/\/ambberna.esteri.it\/fr\/italia-e-svizzera\/diplomazia-economica\/fare-affari-in-italia\/opportunita-commerciali\/","title":{"rendered":"Opportunit\u00e9s d&rsquo;affaires"},"content":{"rendered":"<div>\n<p class=\"boxLevel04\"><a href=\"https:\/\/www.ice.it\/en\/invest\/invest-italy\"><strong>Le site Italtrade<\/strong> <\/a><\/p>\n<p>L&rsquo;acquisition d&rsquo;informations sur le march\u00e9 italien et sur les opportunit\u00e9s d&rsquo;affaires avec l&rsquo;Italie est la premi\u00e8re \u00e9tape que les op\u00e9rateurs \u00e9trangers doivent franchir pour identifier les domaines et les formes d&rsquo;investissement en Italie. Italtrade fournit un acc\u00e8s imm\u00e9diat \u00e0 toutes les informations sur le march\u00e9 italien dans la langue des affaires des op\u00e9rateurs \u00e9trangers.<\/p>\n<\/div>\n","protected":false},"excerpt":{"rendered":"Le site Italtrade L&rsquo;acquisition d&rsquo;informations sur le march\u00e9 italien et sur les opportunit\u00e9s d&rsquo;affaires avec l&rsquo;Italie est la premi\u00e8re \u00e9tape que les op\u00e9rateurs \u00e9trangers doivent franchir pour identifier les domaines et les formes d&rsquo;investissement en Italie. Italtrade fournit un acc\u00e8s imm\u00e9diat \u00e0 toutes les informations sur le march\u00e9 italien dans la langue des affaires des [&hellip;]","protected":false},"author":4,"featured_media":0,"parent":4292,"menu_order":0,"comment_status":"closed","ping_status":"closed","template":"","meta":{"footnotes":""},"class_list":["post-4318","page","type-page","status-publish","hentry"],"_links":{"self":[{"href":"https:\/\/ambberna.esteri.it\/fr\/wp-json\/wp\/v2\/pages\/4318","targetHints":{"allow":["GET"]}}],"collection":[{"href":"https:\/\/ambberna.esteri.it\/fr\/wp-json\/wp\/v2\/pages"}],"about":[{"href":"https:\/\/ambberna.esteri.it\/fr\/wp-json\/wp\/v2\/types\/page"}],"author":[{"embeddable":true,"href":"https:\/\/ambberna.esteri.it\/fr\/wp-json\/wp\/v2\/users\/4"}],"replies":[{"embeddable":true,"href":"https:\/\/ambberna.esteri.it\/fr\/wp-json\/wp\/v2\/comments?post=4318"}],"version-history":[{"count":2,"href":"https:\/\/ambberna.esteri.it\/fr\/wp-json\/wp\/v2\/pages\/4318\/revisions"}],"predecessor-version":[{"id":5057,"href":"https:\/\/ambberna.esteri.it\/fr\/wp-json\/wp\/v2\/pages\/4318\/revisions\/5057"}],"up":[{"embeddable":true,"href":"https:\/\/ambberna.esteri.it\/fr\/wp-json\/wp\/v2\/pages\/4292"}],"wp:attachment":[{"href":"https:\/\/ambberna.esteri.it\/fr\/wp-json\/wp\/v2\/media?parent=4318"}],"curies":[{"name":"wp","href":"https:\/\/api.w.org\/{rel}","templated":true}]}}