{"id":4327,"date":"2023-06-12T13:50:46","date_gmt":"2023-06-12T11:50:46","guid":{"rendered":"https:\/\/ambberna.esteri.it\/italia-e-svizzera\/diplomazia-economica\/fare-affari-in-italia\/opportunita-di-investimento\/"},"modified":"2023-11-24T11:27:55","modified_gmt":"2023-11-24T09:27:55","slug":"opportunita-di-investimento","status":"publish","type":"page","link":"https:\/\/ambberna.esteri.it\/fr\/italia-e-svizzera\/diplomazia-economica\/fare-affari-in-italia\/opportunita-di-investimento\/","title":{"rendered":"Opportunit\u00e9s d&rsquo;investissement"},"content":{"rendered":"<p><strong><span style=\"text-decoration: underline;\"><a href=\"https:\/\/www.invitalia.it\/eng\">Le site web d&rsquo;Invitalia<\/a><\/span><\/strong><\/p>\n<p>Invitalia agit au nom du gouvernement pour promouvoir des opportunit\u00e9s d&rsquo;affaires attrayantes. C&rsquo;est le point de contact unique pour les investisseurs \u00e9trangers qui souhaitent cr\u00e9er ou d\u00e9velopper leur entreprise en Italie, en fournissant une large gamme de services \u00e0 chaque \u00e9tape du processus d&rsquo;investissement.<\/p>\n<p>Sur le site web d&rsquo;Invitalia, les investisseurs \u00e9trangers peuvent trouver toutes les informations dont ils ont besoin pour saisir les opportunit\u00e9s d&rsquo;investissement les plus avantageuses pour cr\u00e9er ou d\u00e9velopper leur entreprise en Italie.<\/p>\n","protected":false},"excerpt":{"rendered":"Le site web d&rsquo;Invitalia Invitalia agit au nom du gouvernement pour promouvoir des opportunit\u00e9s d&rsquo;affaires attrayantes. C&rsquo;est le point de contact unique pour les investisseurs \u00e9trangers qui souhaitent cr\u00e9er ou d\u00e9velopper leur entreprise en Italie, en fournissant une large gamme de services \u00e0 chaque \u00e9tape du processus d&rsquo;investissement. Sur le site web d&rsquo;Invitalia, les investisseurs [&hellip;]","protected":false},"author":4,"featured_media":0,"parent":4292,"menu_order":0,"comment_status":"closed","ping_status":"closed","template":"","meta":{"footnotes":""},"class_list":["post-4327","page","type-page","status-publish","hentry"],"_links":{"self":[{"href":"https:\/\/ambberna.esteri.it\/fr\/wp-json\/wp\/v2\/pages\/4327","targetHints":{"allow":["GET"]}}],"collection":[{"href":"https:\/\/ambberna.esteri.it\/fr\/wp-json\/wp\/v2\/pages"}],"about":[{"href":"https:\/\/ambberna.esteri.it\/fr\/wp-json\/wp\/v2\/types\/page"}],"author":[{"embeddable":true,"href":"https:\/\/ambberna.esteri.it\/fr\/wp-json\/wp\/v2\/users\/4"}],"replies":[{"embeddable":true,"href":"https:\/\/ambberna.esteri.it\/fr\/wp-json\/wp\/v2\/comments?post=4327"}],"version-history":[{"count":1,"href":"https:\/\/ambberna.esteri.it\/fr\/wp-json\/wp\/v2\/pages\/4327\/revisions"}],"predecessor-version":[{"id":4333,"href":"https:\/\/ambberna.esteri.it\/fr\/wp-json\/wp\/v2\/pages\/4327\/revisions\/4333"}],"up":[{"embeddable":true,"href":"https:\/\/ambberna.esteri.it\/fr\/wp-json\/wp\/v2\/pages\/4292"}],"wp:attachment":[{"href":"https:\/\/ambberna.esteri.it\/fr\/wp-json\/wp\/v2\/media?parent=4327"}],"curies":[{"name":"wp","href":"https:\/\/api.w.org\/{rel}","templated":true}]}}