{"id":4335,"date":"2023-06-12T13:51:19","date_gmt":"2023-06-12T11:51:19","guid":{"rendered":"https:\/\/ambberna.esteri.it\/italia-e-svizzera\/diplomazia-economica\/fare-affari-in-italia\/quadro-macroeconomico\/"},"modified":"2023-11-24T11:30:39","modified_gmt":"2023-11-24T09:30:39","slug":"quadro-macroeconomico","status":"publish","type":"page","link":"https:\/\/ambberna.esteri.it\/fr\/italia-e-svizzera\/diplomazia-economica\/fare-affari-in-italia\/quadro-macroeconomico\/","title":{"rendered":"Cadre macro\u00e9conomique"},"content":{"rendered":"<p>Sur la page d&rsquo;accueil du site Internet de la Banque d&rsquo;Italie, un lien vers la section des publications permet d&rsquo;acc\u00e9der aux services \u00e9conomiques, statistiques et de politique mon\u00e9taire relatifs \u00e0 l&rsquo;Italie.<\/p>\n<p>Le Bulletin \u00e9conomique, mis \u00e0 jour par l&rsquo;Institut en novembre et en mars de chaque ann\u00e9e, pr\u00e9sente un int\u00e9r\u00eat particulier pour une analyse pr\u00e9cise et actualis\u00e9e de la situation \u00e9conomique nationale.<\/p>\n","protected":false},"excerpt":{"rendered":"Sur la page d&rsquo;accueil du site Internet de la Banque d&rsquo;Italie, un lien vers la section des publications permet d&rsquo;acc\u00e9der aux services \u00e9conomiques, statistiques et de politique mon\u00e9taire relatifs \u00e0 l&rsquo;Italie. Le Bulletin \u00e9conomique, mis \u00e0 jour par l&rsquo;Institut en novembre et en mars de chaque ann\u00e9e, pr\u00e9sente un int\u00e9r\u00eat particulier pour une analyse pr\u00e9cise [&hellip;]","protected":false},"author":4,"featured_media":0,"parent":4292,"menu_order":0,"comment_status":"closed","ping_status":"closed","template":"","meta":{"footnotes":""},"class_list":["post-4335","page","type-page","status-publish","hentry"],"_links":{"self":[{"href":"https:\/\/ambberna.esteri.it\/fr\/wp-json\/wp\/v2\/pages\/4335","targetHints":{"allow":["GET"]}}],"collection":[{"href":"https:\/\/ambberna.esteri.it\/fr\/wp-json\/wp\/v2\/pages"}],"about":[{"href":"https:\/\/ambberna.esteri.it\/fr\/wp-json\/wp\/v2\/types\/page"}],"author":[{"embeddable":true,"href":"https:\/\/ambberna.esteri.it\/fr\/wp-json\/wp\/v2\/users\/4"}],"replies":[{"embeddable":true,"href":"https:\/\/ambberna.esteri.it\/fr\/wp-json\/wp\/v2\/comments?post=4335"}],"version-history":[{"count":1,"href":"https:\/\/ambberna.esteri.it\/fr\/wp-json\/wp\/v2\/pages\/4335\/revisions"}],"predecessor-version":[{"id":4346,"href":"https:\/\/ambberna.esteri.it\/fr\/wp-json\/wp\/v2\/pages\/4335\/revisions\/4346"}],"up":[{"embeddable":true,"href":"https:\/\/ambberna.esteri.it\/fr\/wp-json\/wp\/v2\/pages\/4292"}],"wp:attachment":[{"href":"https:\/\/ambberna.esteri.it\/fr\/wp-json\/wp\/v2\/media?parent=4335"}],"curies":[{"name":"wp","href":"https:\/\/api.w.org\/{rel}","templated":true}]}}