{"id":4347,"date":"2023-06-12T14:02:17","date_gmt":"2023-06-12T12:02:17","guid":{"rendered":"https:\/\/ambberna.esteri.it\/italia-e-svizzera\/diplomazia-economica\/fare-affari-in-italia\/link-utili\/"},"modified":"2023-11-24T11:58:19","modified_gmt":"2023-11-24T09:58:19","slug":"link-utili","status":"publish","type":"page","link":"https:\/\/ambberna.esteri.it\/fr\/italia-e-svizzera\/diplomazia-economica\/fare-affari-in-italia\/link-utili\/","title":{"rendered":"Liens utiles"},"content":{"rendered":"<div>\n<p><strong><a href=\"https:\/\/www.invitalia.it\/eng\" target=\"_blank\" rel=\"noopener\">Sviluppo Italia<\/a><\/strong> est l&rsquo;Agence nationale pour le d\u00e9veloppement des entreprises et l&rsquo;attraction des investissements. Elle a pour mission de promouvoir, d&rsquo;acc\u00e9l\u00e9rer et de diffuser le d\u00e9veloppement productif et entrepreneurial dans le pays \u00e0 travers trois lignes d&rsquo;action :<\/p>\n<ul>\n<li>l&rsquo;attraction des investissements<\/li>\n<li>le d\u00e9veloppement et la cr\u00e9ation d&rsquo;entreprises<\/li>\n<li>le soutien \u00e0 l&rsquo;administration publique.<\/li>\n<\/ul>\n<\/div>\n<p><img decoding=\"async\" class=\"\" src=\"https:\/\/ambberna.esteri.it\/wp-content\/uploads\/2023\/06\/linea.jpg\" alt=\"linea\" width=\"100%\" border=\"0\" \/><\/p>\n<p><strong>Sites web des r\u00e9gions d&rsquo;Italie :<\/strong><\/p>\n<p><a title=\"Vai al sito web della Regione Abruzzo. Attenzione! Questo link apre un sito esterno\" href=\"http:\/\/www.regione.abruzzo.it\/\"><strong>Abruzzo<\/strong><\/a><br \/>\n<a title=\"Vai al sito web della Regione Basilicata. Attenzione! Questo link apre un sito esterno\" href=\"http:\/\/www.regione.basilicata.it\/\"><strong>Basilicata<\/strong><\/a><br \/>\n<a title=\"Vai al sito web della Regione Calabria. Attenzione! Questo link apre un sito esterno\" href=\"https:\/\/www.regione.calabria.it\/\"><strong>Calabria<\/strong><\/a><br \/>\n<a title=\"Vai al sito web della Regione Campania. Attenzione! Questo link apre un sito esterno\" href=\"http:\/\/www.regione.campania.it\/\"><strong>Campania<\/strong><\/a><br \/>\n<a title=\"Vai al sito web della Regione Emilia Romagna. Attenzione! Questo link apre un sito esterno\" href=\"http:\/\/www.regione.emilia-romagna.it\/\"><strong>Emilia Romagna<\/strong><\/a><br \/>\n<a title=\"Vai al sito web della Regione Friuli Venezia Giulia. Attenzione! Questo link apre un sito esterno\" href=\"http:\/\/www.regione.fvg.it\/\"><strong>Friuli Venezia Giulia<\/strong><\/a><br \/>\n<a title=\"Vai al sito web della Regione Lazio. Attenzione! Questo link apre un sito esterno\" href=\"http:\/\/www.regione.lazio.it\/\"><strong>Lazio<\/strong><\/a><br \/>\n<a title=\"Vai al sito web della Regione Liguria. Attenzione! Questo link apre un sito esterno\" href=\"http:\/\/www.regione.liguria.it\/\"><strong>Liguria<\/strong><\/a><br \/>\n<a title=\"Vai al sito web della Regione Lombardia. Attenzione! Questo link apre un sito esterno\" href=\"http:\/\/www.regione.lombardia.it\/\"><strong>Lombardia<\/strong><\/a><br \/>\n<a title=\"Vai al sito web della Regione Marche. Attenzione! Questo link apre un sito esterno\" href=\"http:\/\/www.regione.marche.it\/\"><strong>Marche<\/strong><\/a><br \/>\n<a title=\"Vai al sito web della Regione Molise. Attenzione! Questo link apre un sito esterno\" href=\"http:\/\/www.regione.molise.it\/\"><strong>Molise<\/strong><\/a><br \/>\n<a title=\"Vai al sito web della Regione Piemonte. Attenzione! Questo link apre un sito esterno\" href=\"http:\/\/www.regione.piemonte.it\/\"><strong>Piemonte<\/strong><\/a><br \/>\n<a title=\"Vai al sito web della Regione Puglia. Attenzione! Questo link apre un sito esterno\" href=\"https:\/\/www.regione.puglia.it\/\"><strong>Puglia<\/strong><\/a><br \/>\n<a title=\"Vai al sito web della Regione Sardegna. Attenzione! Questo link apre un sito esterno\" href=\"http:\/\/www.regione.sardegna.it\/\"><strong>Sardegna<\/strong><\/a><br \/>\n<strong><a title=\"Vai al sito web della Regione Sicilia. Attenzione! Questo link apre un sito esterno\" href=\"http:\/\/pir.regione.sicilia.it\/\">Sicilia<\/a><\/strong><br \/>\n<a title=\"Vai al sito web della Regione Toscana. Attenzione! Questo link apre un sito esterno\" href=\"http:\/\/www.regione.toscana.it\/\"><strong>Toscana<\/strong><\/a><br \/>\n<a title=\"Vai al sito web della Regione Trentino Alto adige. Attenzione! Questo link apre un sito esterno\" href=\"http:\/\/www.regione.taa.it\/\"><strong>Trentino Alto Adige<\/strong><\/a><br \/>\n<a title=\"Vai al sito web della Regione Umbria. Attenzione! Questo link apre un sito esterno\" href=\"https:\/\/www.regione.umbria.it\/home\"><strong>Umbria<\/strong><\/a><br \/>\n<a title=\"Vai al sito web della Regione Valle d'Aoste. Attenzione! Questo link apre un sito esterno\" href=\"http:\/\/www.regione.vda.it\/\"><strong>Valle d&rsquo;Aosta<\/strong><\/a><br \/>\n<a title=\"Vai al sito web della Regione Veneto. Attenzione! Questo link apre un sito esterno\" href=\"http:\/\/www.regione.veneto.it\/\"><strong>Veneto<\/strong><\/a><\/p>\n<p><img decoding=\"async\" class=\"\" src=\"https:\/\/ambberna.esteri.it\/wp-content\/uploads\/2023\/06\/linea.jpg\" alt=\"linea\" width=\"100%\" border=\"0\" \/><\/p>\n<p><a href=\"https:\/\/www.unioncamere.gov.it\/\"><strong><span style=\"text-decoration: underline;\">L&rsquo;Union italienne des chambres de commerce, d&rsquo;industrie et d&rsquo;artisanat (UnionCamere)<\/span><\/strong><\/a> s&rsquo;occupe et repr\u00e9sente les int\u00e9r\u00eats g\u00e9n\u00e9raux des chambres de commerce, un point de r\u00e9f\u00e9rence pour les secteurs productifs, tant au niveau local que national et international.<\/p>\n<p>En outre, l&rsquo;UnionCamere<\/p>\n<ul>\n<li>promeut, met en \u0153uvre et g\u00e8re, directement ou par l&rsquo;interm\u00e9diaire de ses propres soci\u00e9t\u00e9s sp\u00e9cialis\u00e9es, des services et des activit\u00e9s pr\u00e9sentant un int\u00e9r\u00eat pour les chambres de commerce et les cat\u00e9gories \u00e9conomiques;<\/li>\n<li>vise \u00e0 consolider et \u00e0 d\u00e9velopper la coop\u00e9ration avec le r\u00e9seau des CCIE ;<\/li>\n<li>facilite l&rsquo;acc\u00e8s, gr\u00e2ce \u00e0 une technologie de pointe, aux initiatives et aux programmes de l&rsquo;UE, et favorise les accords internationaux pour promouvoir l&rsquo;Italie dans le monde.<\/li>\n<\/ul>\n<p><img decoding=\"async\" class=\"\" src=\"https:\/\/ambberna.esteri.it\/wp-content\/uploads\/2023\/06\/linea.jpg\" alt=\"linea\" width=\"100%\" border=\"0\" \/><\/p>\n<p>L&rsquo;<strong><a href=\"https:\/\/www.ice.it\/en\/\">ICE<\/a><\/strong>, l&rsquo;Institut national du commerce ext\u00e9rieur, est l&rsquo;organisme public charg\u00e9 de d\u00e9velopper, de faciliter et de promouvoir les relations \u00e9conomiques et commerciales de l&rsquo;Italie avec l&rsquo;\u00e9tranger, en accordant une attention particuli\u00e8re aux besoins des petites et moyennes entreprises, de leurs consortiums et de leurs groupements.<\/p>\n<p>Le r\u00e9seau ICE dans le monde assure la pr\u00e9sence de l&rsquo;Institut dans 80 pays gr\u00e2ce \u00e0 l&rsquo;activit\u00e9 de 81 bureaux et 23 points de correspondance, avant-postes op\u00e9rationnels situ\u00e9s m\u00eame dans des zones \u00e9loign\u00e9es mais d&rsquo;int\u00e9r\u00eat strat\u00e9gique.<\/p>\n<p>Les activit\u00e9s des unit\u00e9s op\u00e9rationnelles de l&rsquo;ICE \u00e0 l&rsquo;\u00e9tranger visent \u00e0 fournir des services d&rsquo;assistance\/consultation, \u00e0 d\u00e9velopper des actions promotionnelles en faveur des entreprises individuelles et du syst\u00e8me italien, \u00e0 produire des informations sur le pays, sur les opportunit\u00e9s d&rsquo;affaires, sur les appels d&rsquo;offres internationaux, sur les investissements en provenance et \u00e0 destination de l&rsquo;Italie.<\/p>\n<p><img decoding=\"async\" class=\"\" src=\"https:\/\/ambberna.esteri.it\/wp-content\/uploads\/2023\/06\/linea.jpg\" alt=\"linea\" width=\"100%\" border=\"0\" \/><\/p>\n<p><strong><a href=\"http:\/\/www.assocamerestero.it\/\" target=\"_blank\" rel=\"noopener\">Assocamere estero\u00a0<\/a><\/strong>est l&rsquo;association des chambres de commerce italiennes dans le monde, cr\u00e9\u00e9e pour renforcer et d\u00e9velopper les activit\u00e9s des chambres, en diffusant l&rsquo;int\u00e9r\u00eat et la connaissance du r\u00e9seau et de ses particularit\u00e9s parmi les institutions et les organisations d&rsquo;entreprises italiennes et internationales.<\/p>\n<p>L&rsquo;association<\/p>\n<ul>\n<li>repr\u00e9sente les besoins et le potentiel de service des CCIE ;<\/li>\n<li>recherche des partenariats et des alliances strat\u00e9giques avec des entit\u00e9s et des organismes publics et priv\u00e9s afin de promouvoir la connaissance et l&rsquo;utilisation du r\u00e9seau des CCIE ;<\/li>\n<li>synth\u00e9tise les exp\u00e9riences et le savoir-faire acquis par les diff\u00e9rents \u00ab\u00a0n\u0153uds\u00a0\u00bb ;<\/li>\n<li>promeut et diffuse les programmes et les projets dans une logique de r\u00e9seau ;<\/li>\n<li>promeut et diffuse une culture informatique actualis\u00e9e ;<\/li>\n<li>m\u00e8ne des actions de communication aupr\u00e8s des m\u00e9dias, des institutions et des entreprises italiennes ;<\/li>\n<li>promeut et assure la formation des cadres ;<\/li>\n<li>aide les promoteurs de nouvelles chambres \u00e0 l&rsquo;\u00e9tranger ;<\/li>\n<li>m\u00e8ne des activit\u00e9s de mise en r\u00e9seau avec d&rsquo;autres syst\u00e8mes de chambres binationaux europ\u00e9ens.<\/li>\n<\/ul>\n<p><img decoding=\"async\" class=\"\" src=\"https:\/\/ambberna.esteri.it\/wp-content\/uploads\/2023\/06\/linea.jpg\" alt=\"linea\" width=\"100%\" border=\"0\" \/><\/p>\n<p><a href=\"https:\/\/www.confindustria.it\/en\"><strong>Confindustria\u00a0<\/strong><\/a>est l&rsquo;organisation repr\u00e9sentative des entreprises de fabrication de services en Italie.<br \/>\nFond\u00e9e en 1910, Confindustria est la principale organisation repr\u00e9sentative des entreprises de fabrication et de services en Italie.<\/p>\n<p>Elle regroupe, sur une base volontaire, plus de 115 000 entreprises de toutes tailles employant au total environ 4 300 000 personnes.<\/p>\n<p>Selon ses statuts, la Confindustria a pour objectif de contribuer, avec les institutions politiques et les organisations \u00e9conomiques, sociales et culturelles nationales et internationales, \u00e0 la croissance \u00e9conomique et au progr\u00e8s social du pays.<\/p>\n<p><img decoding=\"async\" class=\"\" src=\"https:\/\/ambberna.esteri.it\/wp-content\/uploads\/2023\/06\/linea.jpg\" alt=\"linea\" width=\"100%\" border=\"0\" \/><\/p>\n<p><strong>Quelques organisations repr\u00e9sentatives :<\/strong><\/p>\n<p><a title=\"Vai al sito della CONFAPI\" href=\"http:\/\/www.confapi.it\/\"><strong>CONFAPI<\/strong><\/a><br \/>\n<strong>Conf\u00e9d\u00e9ration italienne de la petite et moyenne industrie<\/strong><\/p>\n<p>Confapi s&rsquo;est d\u00e9velopp\u00e9e aux c\u00f4t\u00e9s des petites entreprises italiennes et est aujourd&rsquo;hui une r\u00e9alit\u00e9 consolid\u00e9e repr\u00e9sentant plus de 50 000 entreprises et environ un million d&#8217;employ\u00e9s.<\/p>\n<p>Les objectifs institutionnels de la Confapi sont la d\u00e9fense des int\u00e9r\u00eats et la valorisation de la petite et moyenne industrie italienne. Des initiatives et des programmes sont mis en \u0153uvre dans le but de promouvoir le d\u00e9veloppement \u00e9conomique et civil du pays, en liaison avec des organisations et des institutions nationales et europ\u00e9ennes.<\/p>\n<p>La Conf\u00e9d\u00e9ration remplit son r\u00f4le de repr\u00e9sentation et de proposition en faveur de la petite et moyenne industrie, en soutenant une politique \u00e9conomique nationale qui facilite la croissance des entreprises.<\/p>\n<p><a title=\"Vai al sito del Formez\" href=\"http:\/\/www.formez.it\/\"><strong>FORMEZ<\/strong><\/a><br \/>\n<strong>Centre de formation et d&rsquo;\u00e9tudes<\/strong><\/p>\n<p><a title=\"Vai al sito Informest\" href=\"http:\/\/www.informest.it\/\"><strong>INFORMEST<\/strong><\/a><br \/>\n<strong>Centre de service et de documentation pour la coop\u00e9ration \u00e9conomique internationale<\/strong><\/p>\n<p><a title=\"Vai al sito SACE\" href=\"https:\/\/www.sace.it\/en\"><strong>SACE<br \/>\n<\/strong><\/a><strong>Services d&rsquo;assurance pour le commerce ext\u00e9rieur<\/strong><\/p>\n<p><a title=\"Vai al sito SIMEST\" href=\"https:\/\/www.simest.it\/en\/\"><strong>SIMEST<\/strong><\/a><br \/>\n<strong>Financement pour le d\u00e9veloppement et la promotion des entreprises italiennes \u00e0 l&rsquo;\u00e9tranger<\/strong><\/p>\n","protected":false},"excerpt":{"rendered":"Sviluppo Italia est l&rsquo;Agence nationale pour le d\u00e9veloppement des entreprises et l&rsquo;attraction des investissements. Elle a pour mission de promouvoir, d&rsquo;acc\u00e9l\u00e9rer et de diffuser le d\u00e9veloppement productif et entrepreneurial dans le pays \u00e0 travers trois lignes d&rsquo;action : l&rsquo;attraction des investissements le d\u00e9veloppement et la cr\u00e9ation d&rsquo;entreprises le soutien \u00e0 l&rsquo;administration publique. Sites web des [&hellip;]","protected":false},"author":4,"featured_media":0,"parent":4292,"menu_order":0,"comment_status":"closed","ping_status":"closed","template":"","meta":{"footnotes":""},"class_list":["post-4347","page","type-page","status-publish","hentry"],"_links":{"self":[{"href":"https:\/\/ambberna.esteri.it\/fr\/wp-json\/wp\/v2\/pages\/4347","targetHints":{"allow":["GET"]}}],"collection":[{"href":"https:\/\/ambberna.esteri.it\/fr\/wp-json\/wp\/v2\/pages"}],"about":[{"href":"https:\/\/ambberna.esteri.it\/fr\/wp-json\/wp\/v2\/types\/page"}],"author":[{"embeddable":true,"href":"https:\/\/ambberna.esteri.it\/fr\/wp-json\/wp\/v2\/users\/4"}],"replies":[{"embeddable":true,"href":"https:\/\/ambberna.esteri.it\/fr\/wp-json\/wp\/v2\/comments?post=4347"}],"version-history":[{"count":3,"href":"https:\/\/ambberna.esteri.it\/fr\/wp-json\/wp\/v2\/pages\/4347\/revisions"}],"predecessor-version":[{"id":4362,"href":"https:\/\/ambberna.esteri.it\/fr\/wp-json\/wp\/v2\/pages\/4347\/revisions\/4362"}],"up":[{"embeddable":true,"href":"https:\/\/ambberna.esteri.it\/fr\/wp-json\/wp\/v2\/pages\/4292"}],"wp:attachment":[{"href":"https:\/\/ambberna.esteri.it\/fr\/wp-json\/wp\/v2\/media?parent=4347"}],"curies":[{"name":"wp","href":"https:\/\/api.w.org\/{rel}","templated":true}]}}