{"id":4404,"date":"2023-04-11T18:24:38","date_gmt":"2023-04-11T16:24:38","guid":{"rendered":"https:\/\/ambberna.esteri.it\/italia-e-svizzera\/diplomazia-culturale\/studiare-in-italia\/"},"modified":"2023-11-24T14:13:24","modified_gmt":"2023-11-24T12:13:24","slug":"studiare-in-italia","status":"publish","type":"page","link":"https:\/\/ambberna.esteri.it\/fr\/italia-e-svizzera\/diplomazia-culturale\/studiare-in-italia\/","title":{"rendered":"\u00c9tudier en Italie"},"content":{"rendered":"<p>Pourquoi \u00e9tudier en Italie ? De nombreuses langues sont parl\u00e9es en Italie : outre la langue de l&rsquo;architecture, de l&rsquo;art, du design et de la mode, la langue de la recherche et de la science est \u00e9galement tr\u00e8s r\u00e9pandue en Italie.<\/p>\n<p>Le minist\u00e8re des affaires \u00e9trang\u00e8res et de la coop\u00e9ration internationale a cr\u00e9\u00e9 le portail <a href=\"https:\/\/studyinitaly.esteri.it\/en\/home_borse\"><span style=\"text-decoration: underline;\">StudyInItaly<\/span><\/a>, qui permet de rechercher les programmes propos\u00e9s par les \u00e9tablissements italiens.<\/p>\n<p>Pour des informations sur la reconnaissance des dipl\u00f4mes \u00e9trangers en Italie, une section d\u00e9di\u00e9e est disponible sur le <a href=\"https:\/\/www.esteri.it\/en\/diplomazia-culturale-e-diplomazia-scientifica\/cultura\/universita\/riconoscimento_titoli_studio\/\"><span style=\"text-decoration: underline;\">lien<\/span><\/a> suivant. Pour une description d\u00e9taill\u00e9e des formes de reconnaissance des dipl\u00f4mes \u00e9trangers actuellement en vigueur, veuillez vous r\u00e9f\u00e9rer au site web du <a href=\"https:\/\/www.cimea.it\/EN\/\"><span style=\"text-decoration: underline;\">Centre d&rsquo;information sur la mobilit\u00e9 acad\u00e9mique et l&rsquo;\u00e9quivalence<\/span><\/a> (CIMEA).<\/p>\n<p>Le minist\u00e8re de l&rsquo;\u00e9ducation et du m\u00e9rite propose \u00e9galement un <a href=\"https:\/\/www.miur.gov.it\/-\/scuola-in-chiaro\"><span style=\"text-decoration: underline;\">service en ligne<\/span><\/a> utile pour rechercher toutes les \u00e9coles italiennes de tous niveaux. \u00c0 partir d&rsquo;une page de recherche et en utilisant trois crit\u00e8res distincts, il est possible de localiser les \u00e9coles, de consulter le contenu des fiches d&rsquo;information individuelles et d&rsquo;effectuer une comparaison sur la base de certains param\u00e8tres.<\/p>\n<p>Pour obtenir une d\u00e9claration de valeur d&rsquo;un dipl\u00f4me suisse d\u00e9livr\u00e9 par des \u00e9tablissements d&rsquo;enseignement bas\u00e9s dans la circonscription consulaire de l&rsquo;Ambassade d&rsquo;Italie \u00e0 Berne et pour conna\u00eetre la proc\u00e9dure d&rsquo;inscription dans les universit\u00e9s italiennes, veuillez contacter le Bureau des \u00e9tudiants par e-mail \u00e0 l&rsquo;adresse <a href=\"mailto:uffscuola.basilea@esteri.it\">uffscuola.basilea@esteri.it<\/a>.<\/p>\n","protected":false},"excerpt":{"rendered":"Pourquoi \u00e9tudier en Italie ? De nombreuses langues sont parl\u00e9es en Italie : outre la langue de l&rsquo;architecture, de l&rsquo;art, du design et de la mode, la langue de la recherche et de la science est \u00e9galement tr\u00e8s r\u00e9pandue en Italie. Le minist\u00e8re des affaires \u00e9trang\u00e8res et de la coop\u00e9ration internationale a cr\u00e9\u00e9 le portail [&hellip;]","protected":false},"author":1,"featured_media":0,"parent":3946,"menu_order":0,"comment_status":"closed","ping_status":"closed","template":"","meta":{"footnotes":""},"class_list":["post-4404","page","type-page","status-publish","hentry"],"_links":{"self":[{"href":"https:\/\/ambberna.esteri.it\/fr\/wp-json\/wp\/v2\/pages\/4404","targetHints":{"allow":["GET"]}}],"collection":[{"href":"https:\/\/ambberna.esteri.it\/fr\/wp-json\/wp\/v2\/pages"}],"about":[{"href":"https:\/\/ambberna.esteri.it\/fr\/wp-json\/wp\/v2\/types\/page"}],"author":[{"embeddable":true,"href":"https:\/\/ambberna.esteri.it\/fr\/wp-json\/wp\/v2\/users\/1"}],"replies":[{"embeddable":true,"href":"https:\/\/ambberna.esteri.it\/fr\/wp-json\/wp\/v2\/comments?post=4404"}],"version-history":[{"count":1,"href":"https:\/\/ambberna.esteri.it\/fr\/wp-json\/wp\/v2\/pages\/4404\/revisions"}],"predecessor-version":[{"id":4410,"href":"https:\/\/ambberna.esteri.it\/fr\/wp-json\/wp\/v2\/pages\/4404\/revisions\/4410"}],"up":[{"embeddable":true,"href":"https:\/\/ambberna.esteri.it\/fr\/wp-json\/wp\/v2\/pages\/3946"}],"wp:attachment":[{"href":"https:\/\/ambberna.esteri.it\/fr\/wp-json\/wp\/v2\/media?parent=4404"}],"curies":[{"name":"wp","href":"https:\/\/api.w.org\/{rel}","templated":true}]}}