{"id":4427,"date":"2023-04-11T18:24:57","date_gmt":"2023-04-11T16:24:57","guid":{"rendered":"https:\/\/ambberna.esteri.it\/italia-e-svizzera\/diplomazia-culturale\/lingua-e-cultura-italiana\/"},"modified":"2024-01-24T15:46:25","modified_gmt":"2024-01-24T13:46:25","slug":"lingua-e-cultura-italiana","status":"publish","type":"page","link":"https:\/\/ambberna.esteri.it\/fr\/italia-e-svizzera\/diplomazia-culturale\/lingua-e-cultura-italiana\/","title":{"rendered":"Langue et culture italiennes"},"content":{"rendered":"<p>Le d<a href=\"https:\/\/ambberna.esteri.it\/wp-content\/uploads\/2023\/06\/dlgs_64_2017.pdf\"><span style=\"text-decoration: underline;\">\u00e9cret l\u00e9gislatif n\u00b0 64 du 13 avril 2017<\/span><\/a> r\u00e9glementant l&rsquo;enseignement italien \u00e0 l&rsquo;\u00e9tranger, mettant en \u0153uvre la d\u00e9l\u00e9gation pr\u00e9vue par la loi n\u00b0 107\/2015 (\u00a0\u00bb Buona Scuola \u00ab\u00a0) remplace le cadre pr\u00e9vu par le texte consolid\u00e9 des dispositions l\u00e9gislatives sur l&rsquo;\u00e9ducation (d\u00e9cret l\u00e9gislatif n\u00b0 297 du 16 avril 1994). Il s&rsquo;agit d&rsquo;une r\u00e9forme importante des \u00e9tablissements d&rsquo;enseignement et d&rsquo;un tournant dans la promotion de la langue italienne \u00e0 l&rsquo;\u00e9tranger.<\/p>\n<p>&nbsp;<\/p>\n<p><strong>ANN\u00c9E SCOLAIRE 2023\/2024<\/strong><\/p>\n<p>Les listes de cours, les horaires et les lieux sont disponibles sur le site web <span lang=\"IT\">: <b><a href=\"https:\/\/corsilinguacultura.ch\/corsi-2\/\" target=\"_BLANK\" rel=\"noopener\">https:\/\/corsilinguacultura.ch\/corsi-2\/<\/a><\/b><\/span><\/p>\n<p><span style=\"text-decoration: underline; background-color: #ffff00;\"><strong>INSCRIPTIONS 2024\/2025<\/strong><\/span><\/p>\n<p>A partir du <strong>31 janvier 2024<\/strong>, il sera possible d&rsquo;inscrire votre fille\/fils \u00e0 nos cours en acc\u00e9dant au portail web au <a href=\"https:\/\/web.spaggiari.eu\/alw\/app\/default\/login_preiscrizione_ch.php?custcode=XEES0023&amp;lang=it\"><span style=\"text-decoration: underline;\"><strong>lien<\/strong><\/span><\/a> suivant.<\/p>\n<p>Les familles des enfants qui suivent <span style=\"text-decoration: underline;\"><strong>d\u00e9j\u00e0<\/strong><\/span> des cours doivent <strong>confirmer<\/strong> leur inscription pour la prochaine ann\u00e9e scolaire.<\/p>\n<p>Les proc\u00e9dures sont tr\u00e8s simples ; toutes les indications se trouvent sur la page du site web consacr\u00e9e \u00e0 l&rsquo;inscription : <a href=\"https:\/\/corsilinguacultura.ch\/iscrizioni\/\"><strong>https:\/\/corsilinguacultura.ch\/iscrizioni\/<\/strong><\/a><\/p>\n<p><span style=\"text-decoration: underline;\"><strong>Indications sur les proc\u00e9dures \u00e0 suivre :<\/strong><\/span><\/p>\n<p><strong>INSCRIPTION ET NOUVELLE INSCRIPTION : <a href=\"https:\/\/corsilinguacultura.ch\/wp-content\/uploads\/2021\/01\/PORTALE_CLC_REGISTRAZIONE_ISCRIZIONE_27.01.pdf\">indications op\u00e9rationnelles<\/a><\/strong><\/p>\n<p><strong>CONFIRMATION : <a href=\"https:\/\/corsilinguacultura.ch\/wp-content\/uploads\/2021\/01\/PORTALE_CLC_CONFERMA_ISCRIZIONE_27.01.pdf\">indications op\u00e9rationnelles<\/a><\/strong><\/p>\n<p>&nbsp;<\/p>\n<p><span style=\"text-decoration: underline;\"><strong>INFORMATIONS G\u00c9N\u00c9RALES<\/strong><\/span><\/p>\n<p>Plus de d\u00e9tails sur les cours sont disponibles sur le lien suivant : <a href=\"http:\/\/www.corsilinguacultura.ch\">www.corsilinguacultura.ch<\/a><\/p>\n<p>Conform\u00e9ment au nouveau cadre l\u00e9gislatif, l&rsquo;objectif principal des cours de langue et de culture dans nos districts est de promouvoir la diffusion de la langue et de la culture italiennes, mais surtout de d\u00e9velopper un plurilinguisme progressif, gr\u00e2ce \u00e0 une ma\u00eetrise croissante de l&rsquo;italien \u00e9crit et parl\u00e9 et \u00e0 une connaissance essentielle de notre histoire civile et culturelle. Il convient de souligner que le multilinguisme contribue de mani\u00e8re d\u00e9cisive \u00e0 la r\u00e9ussite professionnelle dans la soci\u00e9t\u00e9 suisse. Par ailleurs, les recherches dans le domaine des langues ont montr\u00e9 que les personnes qui poss\u00e8dent de bonnes comp\u00e9tences dans leur langue maternelle ont un avantage dans l&rsquo;apprentissage des autres langues.<\/p>\n<p>Les \u00e9l\u00e8ves qui ne connaissent pas l&rsquo;italien peuvent \u00e9galement suivre les cours. Les le\u00e7ons sont personnalis\u00e9es et individualis\u00e9es, \u00ab\u00a0sur mesure\u00a0\u00bb pour chaque \u00e9l\u00e8ve, en tenant compte de ses diff\u00e9rentes aptitudes.<\/p>\n<p>La participation \u00e0 nos cours permet aux \u00e9l\u00e8ves des classes terminales de passer l&rsquo;examen pour obtenir un certificat de langue reconnu dans toute l&rsquo;Europe et d&rsquo;une importance primordiale pour l&rsquo;entr\u00e9e sur le march\u00e9 du travail. Ce certificat peut \u00eatre inclus dans le Passeport des langues, reconnu dans toute la Suisse, et permet d&rsquo;acc\u00e9der \u00e0 des formations et des professions o\u00f9 le multilinguisme est requis.<\/p>\n<p>Les \u00e9coles et les d\u00e9partements de l&rsquo;\u00e9ducation de plusieurs cantons recommandent la participation \u00e0 nos formations.<\/p>\n<p>Les organismes de gestion, qui re\u00e7oivent une contribution de l&rsquo;\u00c9tat italien, peuvent \u00e9galement demander aux familles une contribution volontaire pour fournir aux jeunes filles et gar\u00e7ons de tous les cours le mat\u00e9riel didactique et les textes dont ils ont besoin pour suivre les le\u00e7ons avec profit. Dans la circonscription consulaire de Berne (qui comprend les cantons de Berne, Neuch\u00e2tel et Fribourg), le minist\u00e8re des Affaires \u00e9trang\u00e8res et de la Coop\u00e9ration internationale engage sept professeurs d&rsquo;Etat ; l&rsquo;organisme qui organise d&rsquo;autres cours est <a href=\"http:\/\/www.cipe-ne.ch\/\">CIPE<\/a> (Neuch\u00e2tel e Fribourg).<\/p>\n<p>&nbsp;<\/p>\n<p><strong><span style=\"text-decoration: underline;\">CONTACTS<\/span><br \/>\n<\/strong><\/p>\n<p><strong>Ufficio scuola<\/strong><br \/>\n<strong>Cancelleria consolare\/Ambasciata in Berna<\/strong><br \/>\n031 3901017<\/p>\n<p><strong>Consolato di Basilea<\/strong><br \/>\n061 6909858<\/p>\n<p>E-mail:\u00a0<a href=\"mailto:uffscuola.basilea@esteri.it\">uffscuola.basilea@esteri.it<\/a><br \/>\nE-mail:\u00a0<a href=\"mailto:dirscol.basilea@esteri.it\">dirscol.basilea@esteri.it<\/a><a>\u00a0<\/a><\/p>\n<p><a href=\"http:\/\/www.corsilinguacultura.ch\">www.corsilinguacultura.ch<\/a><\/p>\n","protected":false},"excerpt":{"rendered":"Le d\u00e9cret l\u00e9gislatif n\u00b0 64 du 13 avril 2017 r\u00e9glementant l&rsquo;enseignement italien \u00e0 l&rsquo;\u00e9tranger, mettant en \u0153uvre la d\u00e9l\u00e9gation pr\u00e9vue par la loi n\u00b0 107\/2015 (\u00a0\u00bb Buona Scuola \u00ab\u00a0) remplace le cadre pr\u00e9vu par le texte consolid\u00e9 des dispositions l\u00e9gislatives sur l&rsquo;\u00e9ducation (d\u00e9cret l\u00e9gislatif n\u00b0 297 du 16 avril 1994). Il s&rsquo;agit d&rsquo;une r\u00e9forme importante [&hellip;]","protected":false},"author":1,"featured_media":0,"parent":3946,"menu_order":0,"comment_status":"closed","ping_status":"closed","template":"","meta":{"footnotes":""},"class_list":["post-4427","page","type-page","status-publish","hentry"],"_links":{"self":[{"href":"https:\/\/ambberna.esteri.it\/fr\/wp-json\/wp\/v2\/pages\/4427","targetHints":{"allow":["GET"]}}],"collection":[{"href":"https:\/\/ambberna.esteri.it\/fr\/wp-json\/wp\/v2\/pages"}],"about":[{"href":"https:\/\/ambberna.esteri.it\/fr\/wp-json\/wp\/v2\/types\/page"}],"author":[{"embeddable":true,"href":"https:\/\/ambberna.esteri.it\/fr\/wp-json\/wp\/v2\/users\/1"}],"replies":[{"embeddable":true,"href":"https:\/\/ambberna.esteri.it\/fr\/wp-json\/wp\/v2\/comments?post=4427"}],"version-history":[{"count":4,"href":"https:\/\/ambberna.esteri.it\/fr\/wp-json\/wp\/v2\/pages\/4427\/revisions"}],"predecessor-version":[{"id":5842,"href":"https:\/\/ambberna.esteri.it\/fr\/wp-json\/wp\/v2\/pages\/4427\/revisions\/5842"}],"up":[{"embeddable":true,"href":"https:\/\/ambberna.esteri.it\/fr\/wp-json\/wp\/v2\/pages\/3946"}],"wp:attachment":[{"href":"https:\/\/ambberna.esteri.it\/fr\/wp-json\/wp\/v2\/media?parent=4427"}],"curies":[{"name":"wp","href":"https:\/\/api.w.org\/{rel}","templated":true}]}}