{"id":4447,"date":"2023-06-13T10:20:48","date_gmt":"2023-06-13T08:20:48","guid":{"rendered":"https:\/\/ambberna.esteri.it\/italia-e-svizzera\/diplomazia-culturale\/scuole-in-cui-si-insegna-litaliano\/"},"modified":"2025-05-23T11:51:36","modified_gmt":"2025-05-23T09:51:36","slug":"scuole-in-cui-si-insegna-litaliano","status":"publish","type":"page","link":"https:\/\/ambberna.esteri.it\/fr\/italia-e-svizzera\/diplomazia-culturale\/scuole-in-cui-si-insegna-litaliano\/","title":{"rendered":"Le Syst\u00e8me de formation italien dans le monde"},"content":{"rendered":"<p>Le Syst\u00e8me de formation italien dans le monde (SFIM) est un r\u00e9seau international d\u2019\u00e9tablissements d\u2019enseignement g\u00e9r\u00e9 par le Minist\u00e8re des affaires \u00e9trang\u00e8res et de la coop\u00e9ration internationale &#8211; Office V de la Direction g\u00e9n\u00e9rale de la diplomatie publique et culturelle.<\/p>\n<p>L\u2019objectif fondamental du SFIM est la diffusion et la promotion de la langue et de la culture italiennes \u00e0 l\u2019\u00e9tranger dans un syst\u00e8me de valeurs europ\u00e9en et dans une dimension internationale, et il poursuit les objectifs \u00e9ducatifs qui inspirent le syst\u00e8me national d\u2019\u00e9ducation et de formation.<\/p>\n<p>Les acteurs au SFIM sont li\u00e9s au R\u00e9seau diplomatique et consulaire, aux Instituts culturels italiens et \u00e0 d\u2019autres acteurs publics et priv\u00e9s actifs dans la promotion de la langue et de la culture italiennes dans le monde, en tenant compte des besoins du contexte culturel, social et \u00e9conomique des r\u00e9alit\u00e9s locales.<\/p>\n<p>Le r\u00e9seau SFIM englobe l\u2019ensemble du cycle de formation &#8211; \u00e9cole maternelle, primaire, secondaire de premier et de deuxi\u00e8me degr\u00e9, universit\u00e9 &#8211; et comprend\u00a0:<\/p>\n<p>&#8211; les \u00e9coles publiques\u00a0;<\/p>\n<p>&#8211; \u00e9coles priv\u00e9es et non priv\u00e9es\u00a0;<\/p>\n<p>&#8211; les sections italiennes dans les \u00e9coles \u00e9trang\u00e8res, bilingues ou internationales\u00a0;<\/p>\n<p>&#8211; des cours g\u00e9r\u00e9 par les Organismes de gestion et d&rsquo;autres initiatives pour la langue et la culture italiennes \u00e0 l&rsquo;\u00e9tranger;<\/p>\n<p>&#8211; des postes de lecteurs d\u2019italien dans les universit\u00e9s \u00e9trang\u00e8res.<\/p>\n<p>Le personnel envoy\u00e9 par l&rsquo;Italie au Syst\u00e8me de la Formation italienne dans le Monde forme le soi-disant Contingent du personnel de l&rsquo;\u00e9cole \u00e0 l&rsquo;\u00e9tranger, compos\u00e9 de chefs d&rsquo;\u00e9tablissement, d&rsquo;enseignants dans les \u00e9coles publiques, priv\u00e9es subventionn\u00e9es et dans les sections italiennes des \u00e9coles \u00e9trang\u00e8res et internationales, de lecteurs d&rsquo;italien dans les universit\u00e9s \u00e9trang\u00e8res et de personnel administratif.<\/p>\n<p>Suisse:<\/p>\n<ul>\n<li><a href=\"https:\/\/ambberna.esteri.it\/wp-content\/uploads\/2024\/12\/REV-2024-_Scuole_2024.pdf\"><strong>Scuole statali, paritarie e non paritarie, Sezioni italiane presso scuole straniere.<\/strong><\/a><\/li>\n<li><strong><a href=\"https:\/\/ambberna.esteri.it\/wp-content\/uploads\/2024\/12\/2024-Uffici-scolastici.pdf\">Uffici scolastici presso l\u2019Ambasciata e la rete consolare<\/a>.<\/strong><\/li>\n<\/ul>\n","protected":false},"excerpt":{"rendered":"Le Syst\u00e8me de formation italien dans le monde (SFIM) est un r\u00e9seau international d\u2019\u00e9tablissements d\u2019enseignement g\u00e9r\u00e9 par le Minist\u00e8re des affaires \u00e9trang\u00e8res et de la coop\u00e9ration internationale &#8211; Office V de la Direction g\u00e9n\u00e9rale de la diplomatie publique et culturelle. L\u2019objectif fondamental du SFIM est la diffusion et la promotion de la langue et de [&hellip;]","protected":false},"author":4,"featured_media":0,"parent":3946,"menu_order":0,"comment_status":"closed","ping_status":"closed","template":"","meta":{"footnotes":""},"class_list":["post-4447","page","type-page","status-publish","hentry"],"_links":{"self":[{"href":"https:\/\/ambberna.esteri.it\/fr\/wp-json\/wp\/v2\/pages\/4447","targetHints":{"allow":["GET"]}}],"collection":[{"href":"https:\/\/ambberna.esteri.it\/fr\/wp-json\/wp\/v2\/pages"}],"about":[{"href":"https:\/\/ambberna.esteri.it\/fr\/wp-json\/wp\/v2\/types\/page"}],"author":[{"embeddable":true,"href":"https:\/\/ambberna.esteri.it\/fr\/wp-json\/wp\/v2\/users\/4"}],"replies":[{"embeddable":true,"href":"https:\/\/ambberna.esteri.it\/fr\/wp-json\/wp\/v2\/comments?post=4447"}],"version-history":[{"count":6,"href":"https:\/\/ambberna.esteri.it\/fr\/wp-json\/wp\/v2\/pages\/4447\/revisions"}],"predecessor-version":[{"id":7950,"href":"https:\/\/ambberna.esteri.it\/fr\/wp-json\/wp\/v2\/pages\/4447\/revisions\/7950"}],"up":[{"embeddable":true,"href":"https:\/\/ambberna.esteri.it\/fr\/wp-json\/wp\/v2\/pages\/3946"}],"wp:attachment":[{"href":"https:\/\/ambberna.esteri.it\/fr\/wp-json\/wp\/v2\/media?parent=4447"}],"curies":[{"name":"wp","href":"https:\/\/api.w.org\/{rel}","templated":true}]}}