{"id":4528,"date":"2023-04-11T18:20:37","date_gmt":"2023-04-11T16:20:37","guid":{"rendered":"https:\/\/ambberna.esteri.it\/servizi-consolari-e-visti\/servizi-per-il-cittadino-italiano\/albo-consolare-e-altri-servizi\/"},"modified":"2024-04-02T08:20:49","modified_gmt":"2024-04-02T06:20:49","slug":"albo-consolare-e-altri-servizi","status":"publish","type":"page","link":"https:\/\/ambberna.esteri.it\/fr\/servizi-consolari-e-visti\/servizi-per-il-cittadino-italiano\/albo-consolare-e-altri-servizi\/","title":{"rendered":"Registre consulaire et autres services"},"content":{"rendered":"<p><strong>DROITS CONSULAIRES<\/strong><\/p>\n<ul>\n<li><a href=\"https:\/\/ambberna.esteri.it\/wp-content\/uploads\/2024\/04\/CC_-BERNA_Tabella-tariffa-consolare-II-trimestre-2024-Copia.xls\">TABLEAU DES FRAIS CONSULAIRES<\/a><\/li>\n<li><a href=\"https:\/\/ambberna.esteri.it\/wp-content\/uploads\/2024\/03\/4617582Decreto-Tasso-ragguaglio-SIBI_firmato-2-trim-2024.pdf\">TAUX DE CHANGE CONSULAIRE<\/a><\/li>\n<\/ul>\n<p><a href=\"https:\/\/ambberna.esteri.it\/news\/dall_ambasciata\/albo-consolare-degli-enti-gestori-promotori-di-iniziative-a-favore-della-lingua-e-della-cultura-italiana\/\"><strong>REGISTRE CONSULAIRE DES ORGANISATIONS G\u00c9RANT\/PROMOUVANT DES INITIATIVES EN FAVEUR DE LA LANGUE ET DE LA CULTURE ITALIENNES<\/strong><\/a><\/p>\n<p><strong>D\u00c9CRETS<\/strong><\/p>\n<ul>\n<li><a href=\"https:\/\/ambberna.esteri.it\/wp-content\/uploads\/2023\/06\/decreto_consolare_elezioni_comites.pdf\">D\u00c9CRET DE CONVOCATION DES COMITES 2021<\/a><\/li>\n<li><a href=\"https:\/\/ambberna.esteri.it\/wp-content\/uploads\/2023\/06\/decreto_15.10.2021_istituzione_comitato_elettorale.pdf\">D\u00c9CRET PORTANT CR\u00c9ATION DU COMIT\u00c9 \u00c9LECTORAL DE CIRCONSCRIPTION<\/a><\/li>\n<\/ul>\n","protected":false},"excerpt":{"rendered":"DROITS CONSULAIRES TABLEAU DES FRAIS CONSULAIRES TAUX DE CHANGE CONSULAIRE REGISTRE CONSULAIRE DES ORGANISATIONS G\u00c9RANT\/PROMOUVANT DES INITIATIVES EN FAVEUR DE LA LANGUE ET DE LA CULTURE ITALIENNES D\u00c9CRETS D\u00c9CRET DE CONVOCATION DES COMITES 2021 D\u00c9CRET PORTANT CR\u00c9ATION DU COMIT\u00c9 \u00c9LECTORAL DE CIRCONSCRIPTION","protected":false},"author":1,"featured_media":0,"parent":3974,"menu_order":20,"comment_status":"closed","ping_status":"closed","template":"","meta":{"footnotes":""},"class_list":["post-4528","page","type-page","status-publish","hentry"],"_links":{"self":[{"href":"https:\/\/ambberna.esteri.it\/fr\/wp-json\/wp\/v2\/pages\/4528","targetHints":{"allow":["GET"]}}],"collection":[{"href":"https:\/\/ambberna.esteri.it\/fr\/wp-json\/wp\/v2\/pages"}],"about":[{"href":"https:\/\/ambberna.esteri.it\/fr\/wp-json\/wp\/v2\/types\/page"}],"author":[{"embeddable":true,"href":"https:\/\/ambberna.esteri.it\/fr\/wp-json\/wp\/v2\/users\/1"}],"replies":[{"embeddable":true,"href":"https:\/\/ambberna.esteri.it\/fr\/wp-json\/wp\/v2\/comments?post=4528"}],"version-history":[{"count":6,"href":"https:\/\/ambberna.esteri.it\/fr\/wp-json\/wp\/v2\/pages\/4528\/revisions"}],"predecessor-version":[{"id":6353,"href":"https:\/\/ambberna.esteri.it\/fr\/wp-json\/wp\/v2\/pages\/4528\/revisions\/6353"}],"up":[{"embeddable":true,"href":"https:\/\/ambberna.esteri.it\/fr\/wp-json\/wp\/v2\/pages\/3974"}],"wp:attachment":[{"href":"https:\/\/ambberna.esteri.it\/fr\/wp-json\/wp\/v2\/media?parent=4528"}],"curies":[{"name":"wp","href":"https:\/\/api.w.org\/{rel}","templated":true}]}}