{"id":4562,"date":"2023-06-27T15:47:54","date_gmt":"2023-06-27T13:47:54","guid":{"rendered":"https:\/\/ambberna.esteri.it\/servizi-consolari-e-visti\/servizi-per-il-cittadino-italiano\/adozioni\/"},"modified":"2026-02-03T10:32:51","modified_gmt":"2026-02-03T08:32:51","slug":"adozioni","status":"publish","type":"page","link":"https:\/\/ambberna.esteri.it\/fr\/servizi-consolari-e-visti\/servizi-per-il-cittadino-italiano\/adozioni\/","title":{"rendered":"Adoptions"},"content":{"rendered":"<table style=\"background-color: #ffffe0;\">\n<tbody>\n<tr style=\"background-color: #bdb76b; color: #ffffff;\">\n<td width=\"189\"><strong>Personnel du bureau <\/strong><\/td>\n<td width=\"207\"><strong><b>Email<br \/>\n<\/b><\/strong><\/td>\n<td width=\"118\"><strong><b>T\u00e9l\u00e9phone<\/b><\/strong><\/td>\n<\/tr>\n<tr>\n<td width=\"189\">Zampini Fiorenzo<\/td>\n<td width=\"207\"><a href=\"mailto:berna.consolare@esteri.it\">berna.consolare@esteri.it<\/a><\/td>\n<td width=\"118\">+41 31 390 10 00<\/td>\n<\/tr>\n<\/tbody>\n<\/table>\n<p>&nbsp;<\/p>\n<p>L&rsquo;adoption internationale est l&rsquo;adoption d&rsquo;un enfant de nationalit\u00e9 non italienne qui a \u00e9t\u00e9 d\u00e9clar\u00e9 adoptable par les autorit\u00e9s de son pays.<\/p>\n<p>Pour qu&rsquo;une telle adoption soit effective en Italie, il est n\u00e9cessaire de suivre des proc\u00e9dures sp\u00e9ciales \u00e9tablies par les lois italiennes et internationales. Dans le cas contraire, l&rsquo;adoption \u00e9trang\u00e8re ne sera pas consid\u00e9r\u00e9e comme valide et l&rsquo;enfant ne pourra m\u00eame pas entrer dans notre pays. En outre, dans certains cas, le non-respect des lois sur l&rsquo;adoption constitue un d\u00e9lit p\u00e9nal.<\/p>\n<p>Pour plus d&rsquo;informations, consultez la <a href=\"https:\/\/www.esteri.it\/en\/servizi-consolari-e-visti\/italiani-all-estero\/adozioni-internazionali\/\"><span style=\"text-decoration: underline;\">page<\/span><\/a> d\u00e9di\u00e9e du minist\u00e8re des affaires \u00e9trang\u00e8res et de la coop\u00e9ration internationale.<\/p>\n","protected":false},"excerpt":{"rendered":"Personnel du bureau Email T\u00e9l\u00e9phone Zampini Fiorenzo berna.consolare@esteri.it +41 31 390 10 00 &nbsp; L&rsquo;adoption internationale est l&rsquo;adoption d&rsquo;un enfant de nationalit\u00e9 non italienne qui a \u00e9t\u00e9 d\u00e9clar\u00e9 adoptable par les autorit\u00e9s de son pays. Pour qu&rsquo;une telle adoption soit effective en Italie, il est n\u00e9cessaire de suivre des proc\u00e9dures sp\u00e9ciales \u00e9tablies par les lois [&hellip;]","protected":false},"author":4,"featured_media":0,"parent":3974,"menu_order":0,"comment_status":"closed","ping_status":"closed","template":"","meta":{"footnotes":""},"class_list":["post-4562","page","type-page","status-publish","hentry"],"_links":{"self":[{"href":"https:\/\/ambberna.esteri.it\/fr\/wp-json\/wp\/v2\/pages\/4562","targetHints":{"allow":["GET"]}}],"collection":[{"href":"https:\/\/ambberna.esteri.it\/fr\/wp-json\/wp\/v2\/pages"}],"about":[{"href":"https:\/\/ambberna.esteri.it\/fr\/wp-json\/wp\/v2\/types\/page"}],"author":[{"embeddable":true,"href":"https:\/\/ambberna.esteri.it\/fr\/wp-json\/wp\/v2\/users\/4"}],"replies":[{"embeddable":true,"href":"https:\/\/ambberna.esteri.it\/fr\/wp-json\/wp\/v2\/comments?post=4562"}],"version-history":[{"count":3,"href":"https:\/\/ambberna.esteri.it\/fr\/wp-json\/wp\/v2\/pages\/4562\/revisions"}],"predecessor-version":[{"id":8544,"href":"https:\/\/ambberna.esteri.it\/fr\/wp-json\/wp\/v2\/pages\/4562\/revisions\/8544"}],"up":[{"embeddable":true,"href":"https:\/\/ambberna.esteri.it\/fr\/wp-json\/wp\/v2\/pages\/3974"}],"wp:attachment":[{"href":"https:\/\/ambberna.esteri.it\/fr\/wp-json\/wp\/v2\/media?parent=4562"}],"curies":[{"name":"wp","href":"https:\/\/api.w.org\/{rel}","templated":true}]}}