{"id":4602,"date":"2023-06-09T16:14:32","date_gmt":"2023-06-09T14:14:32","guid":{"rendered":"https:\/\/ambberna.esteri.it\/?page_id=4602"},"modified":"2023-12-08T11:15:01","modified_gmt":"2023-12-08T09:15:01","slug":"fast-it","status":"publish","type":"page","link":"https:\/\/ambberna.esteri.it\/fr\/servizi-consolari-e-visti\/servizi-per-il-cittadino-italiano\/anagrafe\/fast-it\/","title":{"rendered":"Fast It"},"content":{"rendered":"<p><strong><b>Fast It<\/b><\/strong><\/p>\n<p>Nous vous informons que le portail informatique \u00ab\u00a0Fast It\u00a0\u00bb (Farnesina Servizi Telematici per gli Italiani all&rsquo;estero) est d\u00e9sormais actif \u00e0 la Chancellerie consulaire de l&rsquo;Ambassade d&rsquo;Italie \u00e0 Berne et qu&rsquo;il est disponible en fran\u00e7ais au <a href=\"https:\/\/serviziconsolari.esteri.it\/ScoFE\/index.sco\">lien<\/a> suivant<\/p>\n<p>Il s&rsquo;agit d&rsquo;une plateforme num\u00e9rique mise en place par le Minist\u00e8re des Affaires \u00e9trang\u00e8res et de la Coop\u00e9ration internationale pour permettre aux compatriotes r\u00e9sidant \u00e0 l&rsquo;\u00e9tranger de s&rsquo;inscrire \u00e0 l&rsquo;A.I.R.E. et de notifier rapidement tout changement d&rsquo;adresse ou de circonscription consulaire.<br \/>\nPour utiliser le portail Fast It, il est n\u00e9cessaire de s&rsquo;inscrire et de disposer d&rsquo;une adresse \u00e9lectronique.<br \/>\nLes dossiers lanc\u00e9s via \u00ab\u00a0Fast It\u00a0\u00bb peuvent \u00eatre consult\u00e9s en ligne, et il appartient \u00e0 chaque citoyen de se connecter avec son nom d&rsquo;utilisateur et son mot de passe pour en conna\u00eetre l&rsquo;\u00e9tat.<\/p>\n<p><strong>INSTRUCTIONS PRATIQUES<\/strong><\/p>\n<ul>\n<li><strong>PREMI\u00c8RE \u00c9TAPE : l&rsquo;inscription<\/strong><\/li>\n<\/ul>\n<ol>\n<li>Il est n\u00e9cessaire de confirmer la possession de la citoyennet\u00e9 italienne.<\/li>\n<li>Il faudra indiquer une adresse \u00e9lectronique et un mot de passe (de 8 caract\u00e8res minimum \u00e0 16 caract\u00e8res maximum, avec au moins une lettre majuscule, un chiffre et un caract\u00e8re sp\u00e9cial).<\/li>\n<\/ol>\n<ul>\n<li><strong>DEUXI\u00c8ME \u00c9TAPE : activation de l&rsquo;utilisateur<br \/>\n<\/strong>Vous recevrez un courriel \u00e0 l&rsquo;adresse indiqu\u00e9e pour activer votre compte d&rsquo;utilisateur (cliquez sur le lien ACTIVATION DE L&rsquo;UTILISATEUR). Si l&rsquo;utilisateur n&rsquo;est pas activ\u00e9 dans les 72 heures, un nouveau code d&rsquo;activation doit \u00eatre demand\u00e9 (ENVOYER UN NOUVEAU CODE D&rsquo;ACTIVATION).<\/li>\n<li><strong>TROISI\u00c8ME \u00c9TAPE : remplir la demande<br \/>\n<\/strong>Apr\u00e8s avoir activ\u00e9 votre compte utilisateur, vous devez acc\u00e9der au portail (cliquez sur le lien <a href=\"https:\/\/serviziconsolari.esteri.it\/ScoFE\/index.sco\">https:\/\/serviziconsolarionline.esteri.it<\/a>) pour remplir en ligne la demande d&rsquo;inscription \u00e0 l&rsquo;A.I.R.E. (ANAGRAFE CONSOLARE E AIRE), en joignant les documents suivants :<\/li>\n<\/ul>\n<ol>\n<li>\n<ol>\n<li>une copie du passeport italien ou une copie de la carte d&rsquo;identit\u00e9 en cours de validit\u00e9 (pour les citoyens italiens n\u00e9s \u00e0 l&rsquo;\u00e9tranger, la loi impose de communiquer les donn\u00e9es d&rsquo;enregistrement de l&rsquo;acte de naissance de la commune italienne ou de joindre une copie de l&rsquo;acte de naissance italien lors de la demande d&rsquo;enregistrement)<\/li>\n<li>la preuve d&rsquo;une r\u00e9sidence stable et l\u00e9gale \u00e0 l&rsquo;\u00e9tranger, c&rsquo;est-\u00e0-dire :<\/li>\n<\/ol>\n<ul>\n<li>\n<ul>\n<li>copie du permis de s\u00e9jour (B, C), permis L (uniquement s&rsquo;il a d\u00e9j\u00e0 \u00e9t\u00e9 renouvel\u00e9 une fois), certificat de r\u00e9sidence suisse. Si vous avez un nouveau permis de s\u00e9jour plastifi\u00e9, veuillez \u00e9galement joindre une copie de toutes les factures de services publics (t\u00e9l\u00e9phone, \u00e9lectricit\u00e9, assurance, contrat de location de maison)<\/li>\n<li>copie du contrat de travail, le cas \u00e9ch\u00e9ant, indiquant un contrat de travail \u00e0 dur\u00e9e ind\u00e9termin\u00e9e ou d&rsquo;une dur\u00e9e sup\u00e9rieure \u00e0 12 mois<\/li>\n<li>copie de la carte d&rsquo;identit\u00e9\/passeport suisse si vous poss\u00e9dez \u00e9galement la nationalit\u00e9 suisse.<\/li>\n<\/ul>\n<\/li>\n<\/ul>\n<\/li>\n<\/ol>\n<p>N&rsquo;oubliez pas d&rsquo;inclure \u00e9galement dans le formulaire les autres membres du m\u00e9nage r\u00e9sidant \u00e0 la m\u00eame adresse (par exemple, le conjoint et les enfants). Dans le cas des mineurs \u00e9galement, l&rsquo;enregistrement AIRE et la communication du changement d&rsquo;adresse de r\u00e9sidence peuvent \u00eatre effectu\u00e9s via le portail <a href=\"https:\/\/serviziconsolari.esteri.it\/ScoFE\/index.sco\">Fast It<\/a>. <strong>Toutefois<\/strong>, pour les enfants mineurs r\u00e9sidant avec un seul parent, le <a href=\"https:\/\/ambberna.esteri.it\/wp-content\/uploads\/2023\/06\/modulo_assenso.docx\">formulaire de consentement<\/a> rempli par l&rsquo;autre parent doit \u00e9galement \u00eatre t\u00e9l\u00e9charg\u00e9 sur le portail.<\/p>\n<p>Il est conseill\u00e9 \u00e0 tous les membres adultes de la famille de remplir un formulaire d&rsquo;inscription. Une photocopie de la pi\u00e8ce d&rsquo;identit\u00e9 du conjoint \u00e9tranger doit \u00e9galement \u00eatre jointe.<br \/>\nVeuillez noter que le code PIN appel\u00e9 sur le portail Fast It n&rsquo;est pas n\u00e9cessaire pour les demandes d&rsquo;inscription et de changement d&rsquo;adresse A.I.R.E..<\/p>\n<p>L&rsquo;inscription commence \u00e0 la date d&rsquo;introduction de la demande sur le portail Fast It. La notification de l&rsquo;inscription, en revanche, rel\u00e8ve de la comp\u00e9tence de la Commune italienne, qui la notifie directement au citoyen \u00e0 l&rsquo;\u00e9tranger.<\/p>\n<p>Pour plus d&rsquo;informations, consultez les Guides pratiques pour l&rsquo;utilisation de FastIt :<\/p>\n<ul>\n<li><a href=\"https:\/\/ambberna.esteri.it\/wp-content\/uploads\/2023\/06\/1_guida_pratica_iscrizione_fastit.pdf\">Guide<\/a> pour l&rsquo;inscription AIRE<\/li>\n<li><a href=\"https:\/\/ambberna.esteri.it\/wp-content\/uploads\/2023\/06\/2_guida_pratica_cambio_indirizzo.pdf\">Guide<\/a> pour le changement d&rsquo;adresse<\/li>\n<li><a href=\"https:\/\/ambberna.esteri.it\/wp-content\/uploads\/2023\/06\/3_guida_pratica_associazione_account_fast_it.pdf\">Guide<\/a> pour l&rsquo;association de profils<\/li>\n<\/ul>\n","protected":false},"excerpt":{"rendered":"Fast It Nous vous informons que le portail informatique \u00ab\u00a0Fast It\u00a0\u00bb (Farnesina Servizi Telematici per gli Italiani all&rsquo;estero) est d\u00e9sormais actif \u00e0 la Chancellerie consulaire de l&rsquo;Ambassade d&rsquo;Italie \u00e0 Berne et qu&rsquo;il est disponible en fran\u00e7ais au lien suivant Il s&rsquo;agit d&rsquo;une plateforme num\u00e9rique mise en place par le Minist\u00e8re des Affaires \u00e9trang\u00e8res et de [&hellip;]","protected":false},"author":6,"featured_media":0,"parent":4572,"menu_order":0,"comment_status":"closed","ping_status":"closed","template":"","meta":{"footnotes":""},"class_list":["post-4602","page","type-page","status-publish","hentry"],"_links":{"self":[{"href":"https:\/\/ambberna.esteri.it\/fr\/wp-json\/wp\/v2\/pages\/4602","targetHints":{"allow":["GET"]}}],"collection":[{"href":"https:\/\/ambberna.esteri.it\/fr\/wp-json\/wp\/v2\/pages"}],"about":[{"href":"https:\/\/ambberna.esteri.it\/fr\/wp-json\/wp\/v2\/types\/page"}],"author":[{"embeddable":true,"href":"https:\/\/ambberna.esteri.it\/fr\/wp-json\/wp\/v2\/users\/6"}],"replies":[{"embeddable":true,"href":"https:\/\/ambberna.esteri.it\/fr\/wp-json\/wp\/v2\/comments?post=4602"}],"version-history":[{"count":2,"href":"https:\/\/ambberna.esteri.it\/fr\/wp-json\/wp\/v2\/pages\/4602\/revisions"}],"predecessor-version":[{"id":5405,"href":"https:\/\/ambberna.esteri.it\/fr\/wp-json\/wp\/v2\/pages\/4602\/revisions\/5405"}],"up":[{"embeddable":true,"href":"https:\/\/ambberna.esteri.it\/fr\/wp-json\/wp\/v2\/pages\/4572"}],"wp:attachment":[{"href":"https:\/\/ambberna.esteri.it\/fr\/wp-json\/wp\/v2\/media?parent=4602"}],"curies":[{"name":"wp","href":"https:\/\/api.w.org\/{rel}","templated":true}]}}