{"id":4674,"date":"2023-04-11T18:18:20","date_gmt":"2023-04-11T16:18:20","guid":{"rendered":"https:\/\/ambberna.esteri.it\/servizi-consolari-e-visti\/servizi-per-il-cittadino-italiano\/assistenza-ai-cittadini-allestero\/"},"modified":"2026-02-03T10:32:35","modified_gmt":"2026-02-03T08:32:35","slug":"assistenza-ai-cittadini-allestero","status":"publish","type":"page","link":"https:\/\/ambberna.esteri.it\/fr\/servizi-consolari-e-visti\/servizi-per-il-cittadino-italiano\/assistenza-ai-cittadini-allestero\/","title":{"rendered":"Assistance aux citoyens \u00e0 l&rsquo;\u00e9tranger"},"content":{"rendered":"<table style=\"background-color: #ffffe0;\">\n<tbody>\n<tr style=\"background-color: #bdb76b; color: #ffffff;\">\n<td width=\"189\"><strong><b>Personnel du bureau<br \/>\n<\/b><\/strong><\/td>\n<td width=\"207\"><strong><b>Email<br \/>\n<\/b><\/strong><\/td>\n<td width=\"118\"><strong><b>T\u00e9l\u00e9phone<\/b><\/strong><\/td>\n<\/tr>\n<tr>\n<td width=\"189\">Zampini Fiorenzo<\/td>\n<td width=\"207\"><a href=\"mailto:berna.consolare@esteri.it\">berna.consolare@esteri.it<\/a><\/td>\n<td width=\"118\">+41 31 390 10 00<\/td>\n<\/tr>\n<\/tbody>\n<\/table>\n<p>Le service d&rsquo;assistance sociale est destin\u00e9 aux citoyens italiens en situation d&rsquo;indigence.<\/p>\n<p>Les citoyens italiens peuvent recevoir une aide financi\u00e8re ou autre de la part du Consulat pour surmonter une difficult\u00e9 passag\u00e8re.<\/p>\n<p>&nbsp;<\/p>\n","protected":false},"excerpt":{"rendered":"Personnel du bureau Email T\u00e9l\u00e9phone Zampini Fiorenzo berna.consolare@esteri.it +41 31 390 10 00 Le service d&rsquo;assistance sociale est destin\u00e9 aux citoyens italiens en situation d&rsquo;indigence. Les citoyens italiens peuvent recevoir une aide financi\u00e8re ou autre de la part du Consulat pour surmonter une difficult\u00e9 passag\u00e8re. &nbsp;","protected":false},"author":1,"featured_media":0,"parent":3974,"menu_order":2,"comment_status":"closed","ping_status":"closed","template":"","meta":{"footnotes":""},"class_list":["post-4674","page","type-page","status-publish","hentry"],"_links":{"self":[{"href":"https:\/\/ambberna.esteri.it\/fr\/wp-json\/wp\/v2\/pages\/4674","targetHints":{"allow":["GET"]}}],"collection":[{"href":"https:\/\/ambberna.esteri.it\/fr\/wp-json\/wp\/v2\/pages"}],"about":[{"href":"https:\/\/ambberna.esteri.it\/fr\/wp-json\/wp\/v2\/types\/page"}],"author":[{"embeddable":true,"href":"https:\/\/ambberna.esteri.it\/fr\/wp-json\/wp\/v2\/users\/1"}],"replies":[{"embeddable":true,"href":"https:\/\/ambberna.esteri.it\/fr\/wp-json\/wp\/v2\/comments?post=4674"}],"version-history":[{"count":3,"href":"https:\/\/ambberna.esteri.it\/fr\/wp-json\/wp\/v2\/pages\/4674\/revisions"}],"predecessor-version":[{"id":8543,"href":"https:\/\/ambberna.esteri.it\/fr\/wp-json\/wp\/v2\/pages\/4674\/revisions\/8543"}],"up":[{"embeddable":true,"href":"https:\/\/ambberna.esteri.it\/fr\/wp-json\/wp\/v2\/pages\/3974"}],"wp:attachment":[{"href":"https:\/\/ambberna.esteri.it\/fr\/wp-json\/wp\/v2\/media?parent=4674"}],"curies":[{"name":"wp","href":"https:\/\/api.w.org\/{rel}","templated":true}]}}