{"id":4694,"date":"2023-06-16T14:32:25","date_gmt":"2023-06-16T12:32:25","guid":{"rendered":"https:\/\/ambberna.esteri.it\/servizi-consolari-e-visti\/servizi-per-il-cittadino-italiano\/assistenza-ai-cittadini-allestero\/protezione-consolare\/"},"modified":"2023-11-30T15:33:02","modified_gmt":"2023-11-30T13:33:02","slug":"protezione-consolare","status":"publish","type":"page","link":"https:\/\/ambberna.esteri.it\/fr\/servizi-consolari-e-visti\/servizi-per-il-cittadino-italiano\/assistenza-ai-cittadini-allestero\/protezione-consolare\/","title":{"rendered":"Protection consulaire et questions juridiques"},"content":{"rendered":"<p>Dans le domaine de la protection et de l&rsquo;assistance consulaires, de nombreuses interventions concernent les citoyens qui ont des probl\u00e8mes avec la justice locale ou qui sont impliqu\u00e9s dans des accidents ; le rapatriement des d\u00e9pouilles mortelles ; la recherche de compatriotes qui ne donnent plus de nouvelles ; l&rsquo;assistance aux parents italiens dont le conjoint \u00e9tranger ou le double national a enlev\u00e9 l&rsquo;enfant et l&rsquo;a emmen\u00e9 \u00e0 l&rsquo;\u00e9tranger.<\/p>\n<p>En cas d&rsquo;accident survenu \u00e0 l&rsquo;\u00e9tranger, les Repr\u00e9sentations diplomatiques et consulaires veillent \u00e0 ce que les citoyens re\u00e7oivent un traitement m\u00e9dical appropri\u00e9 sur place, \u00e0 ce que les membres de la famille soient d\u00fbment inform\u00e9s et \u00e0 ce que toute l&rsquo;assistance possible soit fournie en cas de n\u00e9cessit\u00e9 de se rendre en Italie.<\/p>\n<p>En cas d&rsquo;arrestation d&rsquo;un compatriote dans un pays \u00e9tranger, le consulat peut :<\/p>\n<div align=\"justify\">\n<ul>\n<li>effectuer des visites consulaires au d\u00e9tenu ;<\/li>\n<li>indiquer un \u00e9ventuel avocat ;<\/li>\n<li>assurer la liaison avec les membres de la famille en Italie ;<\/li>\n<li>fournir au d\u00e9tenu, lorsque cela est n\u00e9cessaire et autoris\u00e9 par les r\u00e9glementations locales, une assistance m\u00e9dicale, de la nourriture, des livres et des journaux ;<\/li>\n<li>intervenir pour le transfert en Italie, si le compatriote est d\u00e9tenu dans des pays adh\u00e9rant \u00e0 la Convention de Strasbourg sur le transfert des prisonniers ou \u00e0 des accords bilat\u00e9raux ad hoc ;<\/li>\n<li>intervenir, dans des cas particuliers, pour soutenir les demandes de gr\u00e2ce, pour des raisons humanitaires.<\/li>\n<\/ul>\n<\/div>\n<p>Le consulat ne peut pas :<\/p>\n<ul>\n<li>intervenir dans une proc\u00e9dure judiciaire au nom du compatriote ;<\/li>\n<li>prendre en charge les frais de justice du d\u00e9tenu.<\/li>\n<\/ul>\n","protected":false},"excerpt":{"rendered":"Dans le domaine de la protection et de l&rsquo;assistance consulaires, de nombreuses interventions concernent les citoyens qui ont des probl\u00e8mes avec la justice locale ou qui sont impliqu\u00e9s dans des accidents ; le rapatriement des d\u00e9pouilles mortelles ; la recherche de compatriotes qui ne donnent plus de nouvelles ; l&rsquo;assistance aux parents italiens dont le [&hellip;]","protected":false},"author":4,"featured_media":0,"parent":4674,"menu_order":0,"comment_status":"closed","ping_status":"closed","template":"","meta":{"footnotes":""},"class_list":["post-4694","page","type-page","status-publish","hentry"],"_links":{"self":[{"href":"https:\/\/ambberna.esteri.it\/fr\/wp-json\/wp\/v2\/pages\/4694","targetHints":{"allow":["GET"]}}],"collection":[{"href":"https:\/\/ambberna.esteri.it\/fr\/wp-json\/wp\/v2\/pages"}],"about":[{"href":"https:\/\/ambberna.esteri.it\/fr\/wp-json\/wp\/v2\/types\/page"}],"author":[{"embeddable":true,"href":"https:\/\/ambberna.esteri.it\/fr\/wp-json\/wp\/v2\/users\/4"}],"replies":[{"embeddable":true,"href":"https:\/\/ambberna.esteri.it\/fr\/wp-json\/wp\/v2\/comments?post=4694"}],"version-history":[{"count":1,"href":"https:\/\/ambberna.esteri.it\/fr\/wp-json\/wp\/v2\/pages\/4694\/revisions"}],"predecessor-version":[{"id":4709,"href":"https:\/\/ambberna.esteri.it\/fr\/wp-json\/wp\/v2\/pages\/4694\/revisions\/4709"}],"up":[{"embeddable":true,"href":"https:\/\/ambberna.esteri.it\/fr\/wp-json\/wp\/v2\/pages\/4674"}],"wp:attachment":[{"href":"https:\/\/ambberna.esteri.it\/fr\/wp-json\/wp\/v2\/media?parent=4694"}],"curies":[{"name":"wp","href":"https:\/\/api.w.org\/{rel}","templated":true}]}}