{"id":4699,"date":"2023-06-16T14:31:22","date_gmt":"2023-06-16T12:31:22","guid":{"rendered":"https:\/\/ambberna.esteri.it\/servizi-consolari-e-visti\/servizi-per-il-cittadino-italiano\/assistenza-ai-cittadini-allestero\/rimpatri-rimpatri-sanitari-e-rimpatri-di-salme\/"},"modified":"2023-11-30T15:27:37","modified_gmt":"2023-11-30T13:27:37","slug":"rimpatri-rimpatri-sanitari-e-rimpatri-di-salme","status":"publish","type":"page","link":"https:\/\/ambberna.esteri.it\/fr\/servizi-consolari-e-visti\/servizi-per-il-cittadino-italiano\/assistenza-ai-cittadini-allestero\/rimpatri-rimpatri-sanitari-e-rimpatri-di-salme\/","title":{"rendered":"Rapatriement, rapatriement sanitaire et rapatriement de corps"},"content":{"rendered":"<div>\n<p><strong>RAPATRIEMENTS ET RAPATRIEMENTS SANITAIRES<\/strong><\/p>\n<p>Un secteur particuli\u00e8rement d\u00e9licat de l&rsquo;assistance aux citoyens italiens \u00e0 l&rsquo;\u00e9tranger concerne le rapatriement des compatriotes qui se trouvent \u00e0 l&rsquo;\u00e9tranger dans des situations de graves difficult\u00e9s qui ne peuvent \u00eatre surmont\u00e9es sur place. Les interventions de la Farnesina, en collaboration avec les organismes territorialement comp\u00e9tents (pr\u00e9fectures, pr\u00e9fecture de police, municipalit\u00e9s, unit\u00e9s sanitaires locales, services sociaux), concernent :<\/p>\n<ul>\n<li>les compatriotes \u00e9migr\u00e9s, qui se trouvent dans la n\u00e9cessit\u00e9 de rentrer d\u00e9finitivement en Italie pour des raisons \u00e9conomiques ou de sant\u00e9 ;<\/li>\n<li>les mineurs en \u00e9tat d&rsquo;abandon ;<\/li>\n<li>les malades mentaux (la proc\u00e9dure dans ce cas est tr\u00e8s complexe, car elle n\u00e9cessite la pr\u00e9sence d&rsquo;une ou plusieurs escortes qualifi\u00e9es, ainsi que la recherche d&rsquo;h\u00f4pitaux sp\u00e9cialis\u00e9s)<\/li>\n<li>les citoyens italiens en fin de d\u00e9tention ou expuls\u00e9s ;<\/li>\n<li>les personnes \u00e2g\u00e9es isol\u00e9es pour lesquelles l&rsquo;admission dans des maisons de repos en Italie est n\u00e9cessaire ;<\/li>\n<li>les personnes gravement malades qui ne peuvent pas \u00eatre soign\u00e9es sur place faute de structures ad\u00e9quates.<\/li>\n<\/ul>\n<p>Le rapatriement \u00e0 la charge du Tr\u00e9sor est limit\u00e9 aux cas d&rsquo;indigence av\u00e9r\u00e9e et v\u00e9rifi\u00e9e par le r\u00e9seau diplomatico-consulaire ; dans tous les autres cas, le rapatriement s&rsquo;effectue apr\u00e8s avoir contract\u00e9 des emprunts avec promesse de remboursement au Tr\u00e9sor.<\/p>\n<p>&nbsp;<\/p>\n<p><strong>RAPATRIEMENT DE LA D\u00c9POUILLE<\/strong><\/p>\n<p>La perte d&rsquo;un \u00eatre cher est toujours un grand chagrin, mais si cela se produit \u00e0 l&rsquo;\u00e9tranger, le chagrin est aggrav\u00e9 par la n\u00e9cessit\u00e9 de r\u00e9soudre certains probl\u00e8mes pratiques.<\/p>\n<p>Nous vous indiquons ci-dessous comment r\u00e9soudre ces probl\u00e8mes.<\/p>\n<p>Pour le rapatriement du corps, une fois la repr\u00e9sentation italienne \u00e0 l&rsquo;\u00e9tranger contact\u00e9e, une demande sera adress\u00e9e \u00e0 la commune italienne comp\u00e9tente pour obtenir le \u00ab\u00a0nulla osta\u00a0\u00bb pour l&rsquo;introduction du corps. Une fois le \u00ab\u00a0nulla osta\u00a0\u00bb obtenu de la municipalit\u00e9, l&rsquo;entreprise de pompes fun\u00e8bres, d\u00e9sign\u00e9e par les proches pour rapatrier le corps \u00e0 leurs frais, peut proc\u00e9der.<\/p>\n<p>Il est \u00e9galement possible de s&rsquo;adresser aux r\u00e9gions et aux autorit\u00e9s locales pour obtenir d&rsquo;\u00e9ventuels remboursements ou contributions.<\/p>\n<p>En cas de d\u00e9c\u00e8s d&rsquo;un compatriote r\u00e9sidant \u00e0 l&rsquo;\u00e9tranger en \u00e9tat d&rsquo;indigence av\u00e9r\u00e9e, le consulat ou l&rsquo;ambassade contact\u00e9 peut apporter une aide aux membres indigents de la famille r\u00e9sidant \u00e0 l&rsquo;\u00e9tranger du compatriote d\u00e9c\u00e9d\u00e9 en remboursant tout ou partie des frais fun\u00e9raires engag\u00e9s in loco, d\u00fbment document\u00e9s.<\/p>\n<\/div>\n","protected":false},"excerpt":{"rendered":"RAPATRIEMENTS ET RAPATRIEMENTS SANITAIRES Un secteur particuli\u00e8rement d\u00e9licat de l&rsquo;assistance aux citoyens italiens \u00e0 l&rsquo;\u00e9tranger concerne le rapatriement des compatriotes qui se trouvent \u00e0 l&rsquo;\u00e9tranger dans des situations de graves difficult\u00e9s qui ne peuvent \u00eatre surmont\u00e9es sur place. Les interventions de la Farnesina, en collaboration avec les organismes territorialement comp\u00e9tents (pr\u00e9fectures, pr\u00e9fecture de police, municipalit\u00e9s, [&hellip;]","protected":false},"author":4,"featured_media":0,"parent":4674,"menu_order":0,"comment_status":"closed","ping_status":"closed","template":"","meta":{"footnotes":""},"class_list":["post-4699","page","type-page","status-publish","hentry"],"_links":{"self":[{"href":"https:\/\/ambberna.esteri.it\/fr\/wp-json\/wp\/v2\/pages\/4699","targetHints":{"allow":["GET"]}}],"collection":[{"href":"https:\/\/ambberna.esteri.it\/fr\/wp-json\/wp\/v2\/pages"}],"about":[{"href":"https:\/\/ambberna.esteri.it\/fr\/wp-json\/wp\/v2\/types\/page"}],"author":[{"embeddable":true,"href":"https:\/\/ambberna.esteri.it\/fr\/wp-json\/wp\/v2\/users\/4"}],"replies":[{"embeddable":true,"href":"https:\/\/ambberna.esteri.it\/fr\/wp-json\/wp\/v2\/comments?post=4699"}],"version-history":[{"count":1,"href":"https:\/\/ambberna.esteri.it\/fr\/wp-json\/wp\/v2\/pages\/4699\/revisions"}],"predecessor-version":[{"id":4703,"href":"https:\/\/ambberna.esteri.it\/fr\/wp-json\/wp\/v2\/pages\/4699\/revisions\/4703"}],"up":[{"embeddable":true,"href":"https:\/\/ambberna.esteri.it\/fr\/wp-json\/wp\/v2\/pages\/4674"}],"wp:attachment":[{"href":"https:\/\/ambberna.esteri.it\/fr\/wp-json\/wp\/v2\/media?parent=4699"}],"curies":[{"name":"wp","href":"https:\/\/api.w.org\/{rel}","templated":true}]}}