{"id":4729,"date":"2023-06-16T14:33:38","date_gmt":"2023-06-16T12:33:38","guid":{"rendered":"https:\/\/ambberna.esteri.it\/servizi-consolari-e-visti\/servizi-per-il-cittadino-italiano\/assistenza-ai-cittadini-allestero\/ricerca-di-connazionali-allestero\/"},"modified":"2023-12-11T10:22:13","modified_gmt":"2023-12-11T08:22:13","slug":"ricerca-di-connazionali-allestero","status":"publish","type":"page","link":"https:\/\/ambberna.esteri.it\/fr\/servizi-consolari-e-visti\/servizi-per-il-cittadino-italiano\/assistenza-ai-cittadini-allestero\/ricerca-di-connazionali-allestero\/","title":{"rendered":"Recherche de compatriotes \u00e0 l&rsquo;\u00e9tranger"},"content":{"rendered":"<p>En vertu de la loi 675\/96 sur la confidentialit\u00e9 des donn\u00e9es personnelles, aucun organisme public ne peut diffuser des informations sur des personnes \u00e0 des citoyens priv\u00e9s sans le consentement des personnes concern\u00e9es.<\/p>\n<p>Par cons\u00e9quent, une fois que la personne recherch\u00e9e a \u00e9t\u00e9 identifi\u00e9e, le minist\u00e8re des affaires \u00e9trang\u00e8res demande le consentement de la personne concern\u00e9e pour informer le demandeur.<\/p>\n<p>Dans certains pays, comme les \u00c9tats-Unis d&rsquo;Am\u00e9rique, la loi locale sur la protection de la vie priv\u00e9e ne permet pas la divulgation d&rsquo;informations sur les personnes se trouvant sur leur territoire.<\/p>\n<p>Il est donc n\u00e9cessaire de v\u00e9rifier la loi applicable au cas par cas.<\/p>\n<p>Dans ces limites l\u00e9gales, une recherche peut \u00eatre initi\u00e9e de l&rsquo;une des mani\u00e8res suivantes :<\/p>\n<ul>\n<li>en envoyant une t\u00e9l\u00e9copie \u00e0 l&rsquo;Office IV de la Direction g\u00e9n\u00e9rale des Italiens \u00e0 l&rsquo;\u00e9tranger au num\u00e9ro 0039 06 36 91 86 09\/0039 06 36 91 86 28 ;<\/li>\n<li>en envoyant un fax au consulat comp\u00e9tent ;<\/li>\n<li>en t\u00e9l\u00e9phonant au 0039 06 36 91 29 30 de 9h30 \u00e0 16h00, en indiquant vos coordonn\u00e9es, celles de la personne recherch\u00e9e et la raison pour laquelle vous souhaitez la retrouver.<\/li>\n<\/ul>\n","protected":false},"excerpt":{"rendered":"En vertu de la loi 675\/96 sur la confidentialit\u00e9 des donn\u00e9es personnelles, aucun organisme public ne peut diffuser des informations sur des personnes \u00e0 des citoyens priv\u00e9s sans le consentement des personnes concern\u00e9es. Par cons\u00e9quent, une fois que la personne recherch\u00e9e a \u00e9t\u00e9 identifi\u00e9e, le minist\u00e8re des affaires \u00e9trang\u00e8res demande le consentement de la personne [&hellip;]","protected":false},"author":4,"featured_media":0,"parent":4674,"menu_order":0,"comment_status":"closed","ping_status":"closed","template":"","meta":{"footnotes":""},"class_list":["post-4729","page","type-page","status-publish","hentry"],"_links":{"self":[{"href":"https:\/\/ambberna.esteri.it\/fr\/wp-json\/wp\/v2\/pages\/4729","targetHints":{"allow":["GET"]}}],"collection":[{"href":"https:\/\/ambberna.esteri.it\/fr\/wp-json\/wp\/v2\/pages"}],"about":[{"href":"https:\/\/ambberna.esteri.it\/fr\/wp-json\/wp\/v2\/types\/page"}],"author":[{"embeddable":true,"href":"https:\/\/ambberna.esteri.it\/fr\/wp-json\/wp\/v2\/users\/4"}],"replies":[{"embeddable":true,"href":"https:\/\/ambberna.esteri.it\/fr\/wp-json\/wp\/v2\/comments?post=4729"}],"version-history":[{"count":2,"href":"https:\/\/ambberna.esteri.it\/fr\/wp-json\/wp\/v2\/pages\/4729\/revisions"}],"predecessor-version":[{"id":5431,"href":"https:\/\/ambberna.esteri.it\/fr\/wp-json\/wp\/v2\/pages\/4729\/revisions\/5431"}],"up":[{"embeddable":true,"href":"https:\/\/ambberna.esteri.it\/fr\/wp-json\/wp\/v2\/pages\/4674"}],"wp:attachment":[{"href":"https:\/\/ambberna.esteri.it\/fr\/wp-json\/wp\/v2\/media?parent=4729"}],"curies":[{"name":"wp","href":"https:\/\/api.w.org\/{rel}","templated":true}]}}