{"id":4740,"date":"2023-06-19T11:28:04","date_gmt":"2023-06-19T09:28:04","guid":{"rendered":"https:\/\/ambberna.esteri.it\/servizi-consolari-e-visti\/servizi-per-il-cittadino-italiano\/carta-didentita-elettronica\/"},"modified":"2026-03-04T16:30:05","modified_gmt":"2026-03-04T14:30:05","slug":"carta-didentita-elettronica","status":"publish","type":"page","link":"https:\/\/ambberna.esteri.it\/fr\/servizi-consolari-e-visti\/servizi-per-il-cittadino-italiano\/carta-didentita-elettronica\/","title":{"rendered":"Carte d&rsquo;identit\u00e9 \u00e9lectronique"},"content":{"rendered":"<div>\n<table style=\"background-color: #ffffe0;\">\n<tbody>\n<tr style=\"background-color: #bdb76b; color: #ffffff;\">\n<td width=\"189\"><strong><b>Personnel du bureau<\/b><\/strong><\/td>\n<td width=\"207\"><strong><b>Email<br \/>\n<\/b><\/strong><\/td>\n<td width=\"118\"><strong><b>T\u00e9l\u00e9phone<\/b><\/strong><\/td>\n<\/tr>\n<tr>\n<td width=\"189\">Useini Affan<\/td>\n<td width=\"207\"><a href=\"mailto:berna.identita@esteri.it\">berna.identita@esteri.it<\/a><\/td>\n<td width=\"118\">+41 31 390 10 12<\/td>\n<\/tr>\n<\/tbody>\n<\/table>\n<p>&nbsp;<\/p>\n<p><strong>I. QU&rsquo;EST-CE QUE LA CARTE D&rsquo;IDENTIT\u00c9 \u00c9LECTRONIQUE ?<\/strong><\/p>\n<p>La carte d&rsquo;identit\u00e9 \u00e9lectronique est un document d&rsquo;identification personnel valable pour l&rsquo;identification et la circulation au sein de l&rsquo;Union europ\u00e9enne, dans les \u00c9tats membres de l&rsquo;espace Schengen (par exemple, l&rsquo;Islande, la Norv\u00e8ge et la Suisse) et dans d&rsquo;autres \u00c9tats avec lesquels des accords bilat\u00e9raux ont \u00e9t\u00e9 conclus.<\/p>\n<p>Des informations plus r\u00e9centes sont disponibles sur le site <a href=\"http:\/\/www.viaggiaresicuri.it\">www.viaggiaresicuri.it<\/a>.<\/p>\n<p><strong>II. A QUI LA CARTE D&rsquo;IDENTITE ELECTRONIQUE PEUT-ELLE ETRE DELIVREE ?<\/strong><\/p>\n<p>La carte d&rsquo;identit\u00e9 \u00e9lectronique ne peut \u00eatre d\u00e9livr\u00e9e qu&rsquo;aux citoyens italiens r\u00e9sidant dans la circonscription consulaire, d\u00e9j\u00e0 enregistr\u00e9s aupr\u00e8s d&rsquo;AIRE et dont l&rsquo;adresse de r\u00e9sidence a \u00e9t\u00e9 mise \u00e0 jour. Le Registre consulaire de l&rsquo;Ambassade d&rsquo;Italie \u00e0 Berne n&rsquo;est comp\u00e9tent que pour les ressortissants italiens r\u00e9sidant et enregistr\u00e9s dans les cantons de Berne, Neuch\u00e2tel et Fribourg.<\/p>\n<p>Toute personne disposant d&rsquo;une carte d&rsquo;identit\u00e9 papier (quelle que soit l&rsquo;expiration) ou d\u00e9j\u00e0 sur le point d&rsquo;expirer (au cours des six derniers mois de validit\u00e9) ou si l&rsquo;ancienne carte (papier ou CIE) est vol\u00e9e, perdue ou endommag\u00e9e peut demander le CIE.<\/p>\n<\/div>\n<p><strong>Les cartes d&rsquo;identit\u00e9 papier (CIC)\u00a0 ne seront plus valables \u00e0 compter du 3 ao\u00fbt 2026 (date limite fix\u00e9e par le r\u00e8glement UE 1157\/2019). <\/strong><\/p>\n<p><strong>Les ressortissants italiens r\u00e9sidents dans la circonscription consulaire de cette Ambassade (Cantons de Berne, Neuch\u00e2tel et Fribourg), titulaires uniquement d\u2019une CIC, peuvent demander un rendez-vous pour la d\u00e9livrance d&rsquo;une CIE en utilisant le calendrier sp\u00e9cialement pr\u00e9vu \u00e0 cet effet sur Prenot@mi.<\/strong><\/p>\n<p><strong> Ce canal de rendez-vous est r\u00e9serv\u00e9 exclusivement aux citoyens poss\u00e9dant UNIQUEMENT une carte d&rsquo;identit\u00e9 papier. Tout rendez-vous pris sur ce canal par des citoyens d\u00e9j\u00e0 en possession d&rsquo;une carte d&rsquo;identit\u00e9 \u00e9lectronique ou d&rsquo;un passeport en cours de validit\u00e9 sera automatiquement annul\u00e9.<\/strong><\/p>\n<p><strong>\u00c0 partir du 1er juin 2026, les citoyens inscrits \u00e0 l\u2019AIRE pourront \u00e9galement d\u00e9poser une demande de d\u00e9livrance de la CIE aupr\u00e8s de n\u2019importe quelle commune italienne.<\/strong><\/p>\n<div>\n<p><strong><br \/>\nIII. FAUT-IL \u00caTRE INSCRIT \u00c0 L&rsquo;AIRE POUR OBTENIR UN CIE ?<\/strong><\/p>\n<p>OUI ! <strong>ATTENTION !!!<\/strong> La d\u00e9livrance du CIE est subordonn\u00e9e \u00e0 l&rsquo;inscription \u00e0 l&rsquo;AIRE (Anagrafe degli Italiani Residenti all&rsquo;Estero) et \u00e0 la <strong>mise \u00e0 jour correcte de la r\u00e9sidence<\/strong>. Les personnes qui ne sont pas inscrites \u00e0 l&rsquo;AIRE, ou qui doivent mettre \u00e0 jour leur adresse, doivent d&rsquo;abord r\u00e9gulariser leur inscription par le biais du portail <a href=\"https:\/\/serviziconsolari.esteri.it\/ScoFE\/index.sco;jsessionid=5FF9E61738D3E304483724B6462912EC\">FAST-IT : https:\/\/serviziconsolari.esteri.it\/ScoFE\/index.sco<\/a><\/p>\n<p>Pour plus d&rsquo;informations : <a href=\"https:\/\/ambberna.esteri.it\/fr\/chi-siamo\/la-sede\/la-sede-consolare\/informazioni-e-servizi\/\">https:\/\/ambberna.esteri.it\/chi-siamo\/la-sede\/la-sede-consolare\/informazioni-e-servizi\/<\/a><\/p>\n<p><strong>IV. COMMENT DEMANDER UNE CIE ?<\/strong><\/p>\n<p>Pour demander une carte d&rsquo;identit\u00e9 \u00e9lectronique, vous devez prendre rendez-vous en ligne sur notre site officiel via le service <a href=\"https:\/\/prenotami.esteri.it\/\"><strong>PRENOT@MI<\/strong><\/a> (service GRATUIT) : <a href=\"https:\/\/prenotami.esteri.it\/\">https:\/\/prenotami.esteri.it\/<\/a><\/p>\n<p><a href=\"https:\/\/ambberna.esteri.it\/wp-content\/uploads\/2023\/06\/guida_al_prenotmi.pdf\">Ici<\/a> vous y trouverez toutes les informations sur <a href=\"https:\/\/prenotami.esteri.it\/\"><strong>PRENOT@MI<\/strong><\/a>et apprendrez comment prendre un rendez-vous en ligne.<\/p>\n<p>Apr\u00e8s avoir cr\u00e9\u00e9 votre profil personnel, vous pouvez demander un rendez-vous en choisissant parmi les dates et heures disponibles.<\/p>\n<p>S\u00e9lectionnez \u00ab\u00a0R\u00e9servation unique\u00a0\u00bb si le nombre de cartes d&rsquo;identit\u00e9 requises est de 1 ; s\u00e9lectionnez \u00ab\u00a0R\u00e9servation multiple\u00a0\u00bb si le nombre de cartes d&rsquo;identit\u00e9 requises est sup\u00e9rieur \u00e0 1.<\/p>\n<p>Un maximum de 3 rendez-vous peut \u00eatre demand\u00e9 avec un profil.<\/p>\n<p>Si le rendez-vous est pour un autre membre de la famille, choisissez \u00ab\u00a0r\u00e9servation unique\u00a0\u00bb et indiquez dans les notes (au bas du formulaire dans le champ vide) le pr\u00e9nom, le nom et la date de naissance du demandeur.<\/p>\n<p>Si le rendez-vous est pour plus d&rsquo;une personne, choisissez \u00ab\u00a0r\u00e9servation multiple\u00a0\u00bb et s\u00e9lectionnez le nombre de rendez-vous souhait\u00e9s, en indiquant pour chacun le pr\u00e9nom, le nom, la date de naissance et l&rsquo;adresse des personnes concern\u00e9es.<\/p>\n<p><strong>REMARQUE :<\/strong> si le demandeur est une personne ayant des probl\u00e8mes de mobilit\u00e9 ou des difficult\u00e9s \u00e0 acc\u00e9der \u00e0 des pi\u00e8ces comportant des marches, veuillez contacter directement le bureau des passeports par courrier \u00e9lectronique pour convenir d&rsquo;un rendez-vous : <a href=\"mailto:berna.identita@esteri.it\">berna.identita@esteri.it<\/a>. Le bureau fera tout son possible pour faciliter la proc\u00e9dure.<\/p>\n<p><a href=\"https:\/\/ambberna.esteri.it\/wp-content\/uploads\/2024\/10\/Canali-ad-hoc-categorie-protette-CIE.pdf\"><strong><u>Canaux ad hoc pour les cat\u00e9gories prot\u00e9g\u00e9es<\/u><\/strong><\/a><\/p>\n<p><strong>V. QUELS SONT LES DOCUMENTS REQUIS ?<\/strong><\/p>\n<p>Le jour du rendez-vous (au <strong>Chancellerie Consulaire, Willadingweg 23, 3006 Berne<\/strong>), les documents suivants sont n\u00e9cessaires<\/p>\n<ol>\n<li><strong>Carte d&rsquo;identit\u00e9 en possession<\/strong> (en cas de vol ou de perte, une d\u00e9claration doit \u00eatre faite \u00e0 la police, qui doit indiquer les d\u00e9tails du document perdu ou vol\u00e9)<\/li>\n<li><strong><span lang=\"FR-CH\">Pour les citoyens uniquement italiens:<\/span><\/strong><span lang=\"FR-CH\">\u00a0permis de s\u00e9jour suisse en cours de validit\u00e9 (si expir\u00e9 et\/ou en cours de renouvellement, joindre l&rsquo;Attestation de domicile valable six mois \u00e0 compter de la date de d\u00e9livrance).\u00a0<strong>Pour les citoyens avec la doubles nationalit\u00e9:<\/strong>\u00a0attestation de r\u00e9sidence ou attestation de domicile de la commune suisse (valable six mois \u00e0 compter de la date de d\u00e9livrance);<\/span><\/li>\n<li><strong>1 photo couleur r\u00e9cente<\/strong>, datant de moins de 6 mois. Selon les sp\u00e9cifications de l&rsquo;OACI, la photo doit \u00eatre de face, sur fond blanc, sans lunettes et sans accessoires. Il est recommand\u00e9 de faire appel \u00e0 un photographe pour la photo d&rsquo;un enfant en bas \u00e2ge.<\/li>\n<\/ol>\n<p><strong>VI. LES MINEURS PEUVENT-ILS OBTENIR UN CIE ?<\/strong><\/p>\n<p>OUI, en effet : depuis le 26 juin 2012, tous les mineurs italiens qui voyagent doivent \u00eatre munis d&rsquo;un document de voyage individuel.<\/p>\n<p>Le mineur doit d\u00e9j\u00e0 \u00eatre inscrit \u00e0 l&rsquo;AIRE (comme les adultes), il doit \u00eatre pr\u00e9sent au moment de la demande et ces documents sont n\u00e9cessaires :<\/p>\n<ol>\n<li>Une pi\u00e8ce d&rsquo;identit\u00e9 (comme au point 1 pour les adultes)<\/li>\n<li>Un permis de s\u00e9jour (comme au point 2 pour les adultes)<\/li>\n<li><strong><span style=\"color: #ff0000;\">Consentement des deux parents<\/span><\/strong> <span style=\"text-decoration: underline;\">en faveur du mineur<\/span> par la signature de la <a href=\"https:\/\/ambberna.esteri.it\/wp-content\/uploads\/2024\/04\/Dichiarazione_di_assenso_a_favore_di_richiedente_minorenne.pdf\">d\u00e9claration sous serment<\/a> suivante<br \/>\na) si l&rsquo;autre parent est citoyen italien ou ressortissant d&rsquo;un pays de l&rsquo;Union europ\u00e9enne, il peut produire le formulaire prescrit en y joignant une copie de son document d&rsquo;identit\u00e9 sans se pr\u00e9senter n\u00e9cessairement \u00e0 l&rsquo;Ambassade ;<br \/>\nb) si, par contre, le parent est suisse ou, en tout cas, ressortissant d&rsquo;un pays non membre de l&rsquo;Union europ\u00e9enne, il peut remplir le formulaire susmentionn\u00e9 et il sera n\u00e9cessaire d&rsquo;authentifier la signature : soit en se pr\u00e9sentant personnellement \u00e0 ce Bureau du Registre consulaire le jour du rendez-vous, soit en apportant l&rsquo;authentification de la signature par un fonctionnaire municipal de sa Commune suisse de r\u00e9sidence ou par un notaire ou au commissariat de police local.<\/li>\n<li><strong>1 photo couleur r\u00e9cente<\/strong>, datant de moins de 6 mois. Selon les sp\u00e9cifications de l&rsquo;OACI, la photo doit \u00eatre de face, sur fond blanc, sans lunettes et sans accessoires. Pour les photos d&rsquo;enfants en bas \u00e2ge, il est conseill\u00e9 de faire appel \u00e0 un photographe.<\/li>\n<\/ol>\n<p>Si l&rsquo;enfant voyage avec une autre personne, la <a href=\"https:\/\/ambberna.esteri.it\/fr\/servizi-consolari-e-visti\/servizi-per-il-cittadino-italiano\/dichiarazione-di-accompagnamento\/\">d\u00e9claration d&rsquo;accompagnement pour les enfants de moins de 14 ans est requise<\/a>.<\/p>\n<p>POUR UN <strong>NOUVEAU-N\u00c9<\/strong> : Avant de demander un rendez-vous pour la d\u00e9livrance du CIE pour un nouveau-n\u00e9, veuillez vous assurer que la naissance a d\u00e9j\u00e0 \u00e9t\u00e9 transcrite dans la commune AIRE de r\u00e9f\u00e9rence et que la proc\u00e9dure d&rsquo;enregistrement AIRE par cette commune a d\u00e9j\u00e0 \u00e9t\u00e9 effectu\u00e9e.<\/p>\n<p><strong><br \/>\nVII. QUELLES SONT LES OPERATIONS QUI SERONT EFFECTUEES LE JOUR DU RENDEZ-VOUS ?<\/strong><\/p>\n<p>L&rsquo;op\u00e9rateur consulaire se procure la documentation indiqu\u00e9e, proc\u00e8de \u00e0 la reconnaissance et \u00e0 la v\u00e9rification de la photo et prend les empreintes digitales et la signature.<\/p>\n<p>Les mineurs de moins de 12 ans sont dispens\u00e9s de la signature et de la prise d&#8217;empreintes digitales.<\/p>\n<p>Dans tous les cas, les mineurs de moins de 12 ans doivent \u00eatre pr\u00e9sents et toujours accompagn\u00e9s de l&rsquo;un de leurs parents ou du titulaire de la responsabilit\u00e9 parentale.<\/p>\n<p><strong><br \/>\nVIII. QUELS SONT LES CO\u00dbTS ET LES MODES DE LIVRAISON ?<\/strong><\/p>\n<p>Le paiement peut \u00eatre effectu\u00e9 par carte de d\u00e9bit\/cr\u00e9dit et co\u00fbte environ 25 CHF (selon le taux de change EUR\/CHF).<\/p>\n<p>Sauf cas particulier, le CIE arrive par courrier recommand\u00e9 au domicile du demandeur dans un d\u00e9lai d&rsquo;environ 15 \u00e0 20 jours \u00e0 compter du jour du rendez-vous.<\/p>\n<p><strong><br \/>\nIX. QUELLE EST LA DUR\u00c9E DE VALIDIT\u00c9 D&rsquo;UN CIE ?<\/strong><\/p>\n<p>-3 ans pour les mineurs \u00e2g\u00e9s de 0 \u00e0 3 ans ;<\/p>\n<p>-5 ans pour les mineurs \u00e2g\u00e9s de 3 \u00e0 18 ans ;<\/p>\n<p>-10 ans \u00e0 partir de 18 ans.<\/p>\n<p><strong>Informations compl\u00e9mentaires et contacts :<\/strong> Pour plus d&rsquo;informations, vous pouvez contacter le bureau des cartes d&rsquo;identit\u00e9 par e-mail : <a href=\"mailto:berna.identita@esteri.it\">berna.identita@esteri.it<\/a><\/p>\n<\/div>\n<div class=\"row\"><\/div>\n","protected":false},"excerpt":{"rendered":"Personnel du bureau Email T\u00e9l\u00e9phone Useini Affan berna.identita@esteri.it +41 31 390 10 12 &nbsp; I. QU&rsquo;EST-CE QUE LA CARTE D&rsquo;IDENTIT\u00c9 \u00c9LECTRONIQUE ? La carte d&rsquo;identit\u00e9 \u00e9lectronique est un document d&rsquo;identification personnel valable pour l&rsquo;identification et la circulation au sein de l&rsquo;Union europ\u00e9enne, dans les \u00c9tats membres de l&rsquo;espace Schengen (par exemple, l&rsquo;Islande, la Norv\u00e8ge et [&hellip;]","protected":false},"author":6,"featured_media":0,"parent":3974,"menu_order":3,"comment_status":"closed","ping_status":"closed","template":"","meta":{"footnotes":""},"class_list":["post-4740","page","type-page","status-publish","hentry"],"_links":{"self":[{"href":"https:\/\/ambberna.esteri.it\/fr\/wp-json\/wp\/v2\/pages\/4740","targetHints":{"allow":["GET"]}}],"collection":[{"href":"https:\/\/ambberna.esteri.it\/fr\/wp-json\/wp\/v2\/pages"}],"about":[{"href":"https:\/\/ambberna.esteri.it\/fr\/wp-json\/wp\/v2\/types\/page"}],"author":[{"embeddable":true,"href":"https:\/\/ambberna.esteri.it\/fr\/wp-json\/wp\/v2\/users\/6"}],"replies":[{"embeddable":true,"href":"https:\/\/ambberna.esteri.it\/fr\/wp-json\/wp\/v2\/comments?post=4740"}],"version-history":[{"count":6,"href":"https:\/\/ambberna.esteri.it\/fr\/wp-json\/wp\/v2\/pages\/4740\/revisions"}],"predecessor-version":[{"id":8676,"href":"https:\/\/ambberna.esteri.it\/fr\/wp-json\/wp\/v2\/pages\/4740\/revisions\/8676"}],"up":[{"embeddable":true,"href":"https:\/\/ambberna.esteri.it\/fr\/wp-json\/wp\/v2\/pages\/3974"}],"wp:attachment":[{"href":"https:\/\/ambberna.esteri.it\/fr\/wp-json\/wp\/v2\/media?parent=4740"}],"curies":[{"name":"wp","href":"https:\/\/api.w.org\/{rel}","templated":true}]}}