{"id":4765,"date":"2023-04-11T18:20:20","date_gmt":"2023-04-11T16:20:20","guid":{"rendered":"https:\/\/ambberna.esteri.it\/servizi-consolari-e-visti\/servizi-per-il-cittadino-italiano\/codice-fiscale\/"},"modified":"2024-07-31T10:53:17","modified_gmt":"2024-07-31T08:53:17","slug":"codice-fiscale","status":"publish","type":"page","link":"https:\/\/ambberna.esteri.it\/fr\/servizi-consolari-e-visti\/servizi-per-il-cittadino-italiano\/codice-fiscale\/","title":{"rendered":"Code fiscal"},"content":{"rendered":"<table style=\"background-color: #ffffe0;\">\n<tbody>\n<tr style=\"background-color: #bdb76b; color: #ffffff;\">\n<td width=\"189\">Personnel du bureau<\/td>\n<td width=\"207\"><strong><b>Email<br \/>\n<\/b><\/strong><\/td>\n<td width=\"118\"><strong><b> T\u00e9l\u00e9phone<\/b><\/strong><\/td>\n<\/tr>\n<tr>\n<td width=\"189\">Ciccolini Tancredi<\/td>\n<td width=\"207\"><a href=\"mailto:berna.anagrafe@esteri.it\">berna.anagrafe@esteri.it<\/a><\/td>\n<td width=\"118\">+41 31 390 10 26<\/td>\n<\/tr>\n<tr>\n<td width=\"189\">Macr\u00ec Salvatore<\/td>\n<td width=\"207\"><a href=\"mailto:berna.anagrafe@esteri.it\">berna.anagrafe@esteri.it<\/a><\/td>\n<td width=\"118\">+41 31 390 10 13<\/td>\n<\/tr>\n<\/tbody>\n<\/table>\n<p>&nbsp;<\/p>\n<p>Veuillez noter qu&rsquo;\u00e0 partir du 15 juillet 2024, <span style=\"text-decoration: underline;\">les italiens <strong>enregistr\u00e9s aupr\u00e8s de l&rsquo;AIRE<\/strong><\/span> dans la circonscription consulaire de l&rsquo;Ambassade d&rsquo;Italie \u00e0 Berne pourront t\u00e9l\u00e9charger directement le certificat d&rsquo;attribution du code fiscal via le portail <a href=\"https:\/\/serviziconsolari.esteri.it\/ScoFE\/services\/service-info.sco?serviceId=95&amp;sCode=GCF#_blank\">Fast It<\/a>.<\/p>\n<p><strong><em>Comment faire ?<\/em><\/strong><\/p>\n<ol>\n<li>Acc\u00e9dez au portail <a href=\"https:\/\/serviziconsolari.esteri.it\/ScoFE\/index.sco\">Fast It<\/a> ;<\/li>\n<li>Cliquez sur \u00ab Anagrafe Consolare e AIRE \u00bb puis sur \u00ab <strong>Attribuzione Codice Fiscale<\/strong> \u00bb ;<\/li>\n<li>Confirmez les donn\u00e9es et lancez la demande ;<\/li>\n<li>T\u00e9l\u00e9chargez vous-m\u00eame le certificat d&rsquo;attribution du code fiscal (download).<\/li>\n<\/ol>\n<p><strong>Si vous n&rsquo;arrivez pas \u00e0 t\u00e9l\u00e9charger<\/strong> le certificat d&rsquo;attribution du code fiscal :<\/p>\n<ol>\n<li>Inscrivez-vous sur le portail FAST IT, ou connectez-vous si vous avez d\u00e9j\u00e0 un compte actif ;<\/li>\n<li>Demander l&rsquo;\u00ab Associazione Online \u00bb en cliquant sur \u00ab Anagrafe Consolare e AIRE \u00bb et ensuite sur \u00ab Visualizzare la propria scheda anagrafica \u00bb ;<\/li>\n<li>Dans les 2 jours ouvrables suivant votre demande, vous recevrez le message de r\u00e9ussite de l&rsquo;association dans votre bo\u00eete aux lettres.<\/li>\n<li>Connectez-vous \u00e0 nouveau au portail et t\u00e9l\u00e9chargez le certificat.<\/li>\n<\/ol>\n<p>Le d\u00e9marrage de la demande via le portail FAST IT est possible tant pour le demandeur que pour les enfants mineurs, qui sont \u00e9galement des citoyens italiens enregistr\u00e9s aupr\u00e8s de l&rsquo;AIRE, pr\u00e9sents dans le foyer du demandeur.<\/p>\n<p>Cette fonction n&rsquo;est pas disponible pour les <strong>citoyens italiens pas enregistr\u00e9s aupr\u00e8s de l&rsquo;AIRE<\/strong>, qui devront s&rsquo;adresser directement en Italie aux bureaux de l&rsquo;Agence fiscale italienne et pour les <strong>citoyens \u00e9trangers<\/strong> pas inscrits \u00e0 l&rsquo;AIRE qui devront s&rsquo;adresser directement \u00e0 la Chancellerie Consulaire pour l&rsquo;attribution du code fiscal avec le <a href=\"https:\/\/ambberna.esteri.it\/wp-content\/uploads\/2024\/07\/codice_fiscale.pdf\">formulaire disponible ici<\/a> selon la proc\u00e9dure indiqu\u00e9e sur le formulaire m\u00eame.<\/p>\n","protected":false},"excerpt":{"rendered":"Personnel du bureau Email T\u00e9l\u00e9phone Ciccolini Tancredi berna.anagrafe@esteri.it +41 31 390 10 26 Macr\u00ec Salvatore berna.anagrafe@esteri.it +41 31 390 10 13 &nbsp; Veuillez noter qu&rsquo;\u00e0 partir du 15 juillet 2024, les italiens enregistr\u00e9s aupr\u00e8s de l&rsquo;AIRE dans la circonscription consulaire de l&rsquo;Ambassade d&rsquo;Italie \u00e0 Berne pourront t\u00e9l\u00e9charger directement le certificat d&rsquo;attribution du code fiscal via [&hellip;]","protected":false},"author":1,"featured_media":0,"parent":3974,"menu_order":4,"comment_status":"closed","ping_status":"closed","template":"","meta":{"footnotes":""},"class_list":["post-4765","page","type-page","status-publish","hentry"],"_links":{"self":[{"href":"https:\/\/ambberna.esteri.it\/fr\/wp-json\/wp\/v2\/pages\/4765","targetHints":{"allow":["GET"]}}],"collection":[{"href":"https:\/\/ambberna.esteri.it\/fr\/wp-json\/wp\/v2\/pages"}],"about":[{"href":"https:\/\/ambberna.esteri.it\/fr\/wp-json\/wp\/v2\/types\/page"}],"author":[{"embeddable":true,"href":"https:\/\/ambberna.esteri.it\/fr\/wp-json\/wp\/v2\/users\/1"}],"replies":[{"embeddable":true,"href":"https:\/\/ambberna.esteri.it\/fr\/wp-json\/wp\/v2\/comments?post=4765"}],"version-history":[{"count":6,"href":"https:\/\/ambberna.esteri.it\/fr\/wp-json\/wp\/v2\/pages\/4765\/revisions"}],"predecessor-version":[{"id":6874,"href":"https:\/\/ambberna.esteri.it\/fr\/wp-json\/wp\/v2\/pages\/4765\/revisions\/6874"}],"up":[{"embeddable":true,"href":"https:\/\/ambberna.esteri.it\/fr\/wp-json\/wp\/v2\/pages\/3974"}],"wp:attachment":[{"href":"https:\/\/ambberna.esteri.it\/fr\/wp-json\/wp\/v2\/media?parent=4765"}],"curies":[{"name":"wp","href":"https:\/\/api.w.org\/{rel}","templated":true}]}}