{"id":4810,"date":"2023-06-19T13:12:14","date_gmt":"2023-06-19T11:12:14","guid":{"rendered":"https:\/\/ambberna.esteri.it\/servizi-consolari-e-visti\/servizi-per-il-cittadino-italiano\/istruzione\/"},"modified":"2025-09-23T10:34:43","modified_gmt":"2025-09-23T08:34:43","slug":"istruzione","status":"publish","type":"page","link":"https:\/\/ambberna.esteri.it\/fr\/servizi-consolari-e-visti\/servizi-per-il-cittadino-italiano\/istruzione\/","title":{"rendered":"Enseignement"},"content":{"rendered":"<table style=\"background-color: #ffffe0; height: 137px;\" width=\"938\">\n<tbody>\n<tr style=\"background-color: #bdb76b; color: #ffffff;\">\n<td width=\"189\"><strong><b>Personnel du bureau<br \/>\n<\/b><\/strong><\/td>\n<td width=\"207\"><strong><b>Email<br \/>\n<\/b><\/strong><\/td>\n<td width=\"118\"><strong><b>T\u00e9l\u00e9phone<\/b><\/strong><\/td>\n<\/tr>\n<tr>\n<td width=\"189\">\u00a0Giuseppe Augello<\/td>\n<td width=\"207\"><a href=\"mailto:uffscuola.basilea@esteri.it\">uffscuola.basilea@esteri.it<\/a><\/td>\n<td width=\"118\">+41 61 690 98 58<\/p>\n<p>+31 3901017<\/td>\n<\/tr>\n<\/tbody>\n<\/table>\n<p>&nbsp;<\/p>\n<p>La section <strong>\u00c9ducation<\/strong> de la Chancellerie consulaire de Berne se compose d&rsquo;un <strong><a href=\"https:\/\/ambberna.esteri.it\/fr\/italia-e-svizzera\/diplomazia-culturale\/lingua-e-cultura-italiana\/\">bureau des \u00e9coles<\/a><\/strong>, qui s&rsquo;occupe de la promotion et de la diffusion de la langue et de la culture italiennes, et d&rsquo;un <a href=\"https:\/\/ambberna.esteri.it\/fr\/servizi-consolari-e-visti\/servizi-per-il-cittadino-italiano\/istruzione\/dichiarazioni-di-valore\/\"><strong>bureau des Qualifications<\/strong><\/a>, qui s&rsquo;occupe des certificats de qualification obtenus dans un syst\u00e8me d&rsquo;\u00e9ducation autre que le syst\u00e8me italien.<\/p>\n<p>&nbsp;<\/p>\n<p><strong>1) BUREAU DE L&rsquo;\u00c9COLE<\/strong><\/p>\n<p>Contacts : <a href=\"mailto:uffscuola.basilea@esteri.it\">uffscuola.basilea@esteri.it<\/a><\/p>\n<p>L&rsquo;Office Scolaire est charg\u00e9 de coordonner et de superviser les cours de langue et de culture italiennes, ainsi que toutes les initiatives y aff\u00e9rentes, pour les circonscriptions consulaires de Berne, Neuch\u00e2tel et Fribourg. A cet effet, elle soutient les \u00e9coles d\u00e9sireuses d&rsquo;int\u00e9grer l&rsquo;italien dans leur programme d&rsquo;\u00e9tudes. Les cours, propos\u00e9s dans le cadre des horaires scolaires et extrascolaires, s&rsquo;adressent aux \u00e9l\u00e8ves ne connaissant pas l&rsquo;italien et proposent des cours personnalis\u00e9s et individualis\u00e9s, \u00ab\u00a0sur mesure\u00a0\u00bb pour chaque \u00e9l\u00e8ve, en tenant compte de ses diff\u00e9rentes aptitudes.<\/p>\n<p>L&rsquo;objectif est de faire conna\u00eetre et appr\u00e9cier notre culture et notre langue au plus grand nombre. Les cours sont dispens\u00e9s par des enseignants italiens experts et qualifi\u00e9s, en partie directement s\u00e9lectionn\u00e9s par le Minist\u00e8re de l&rsquo;Education et de la Recherche, parmi les enseignants en service dans les \u00e9coles publiques en Italie, et en partie recrut\u00e9s en Suisse par les deux Autorit\u00e9s de Gestion, organisations \u00e0 but non lucratif reconnues par le Minist\u00e8re des Affaires Etrang\u00e8res et partenair du Consulat d&rsquo;Italie :\u00a0 le <a href=\"http:\/\/www.cipe-ne.ch\/\">CIPE<\/a> (Neuch\u00e2tel et Fribourg).<\/p>\n<p>&nbsp;<\/p>\n<p><strong>2) BUREAU DES QUALIFICATIONS<\/strong><\/p>\n<p>Pour contacter le Bureau des qualifications, vous pouvez<\/p>\n<ul>\n<li>envoyer un courriel \u00e0 <a href=\"mailto:berna.consolare@esteri.it\">berna.consolare@esteri.it<\/a><\/li>\n<li>\u00e9crire \u00e0 l&rsquo;Ambassade d&rsquo;Italie \u00e0 Berne &#8211; Ufficio Titoli di Studio, Willadingweg 23 &#8211; 3006 Bern<\/li>\n<\/ul>\n","protected":false},"excerpt":{"rendered":"Personnel du bureau Email T\u00e9l\u00e9phone \u00a0Giuseppe Augello uffscuola.basilea@esteri.it +41 61 690 98 58 +31 3901017 &nbsp; La section \u00c9ducation de la Chancellerie consulaire de Berne se compose d&rsquo;un bureau des \u00e9coles, qui s&rsquo;occupe de la promotion et de la diffusion de la langue et de la culture italiennes, et d&rsquo;un bureau des Qualifications, qui s&rsquo;occupe [&hellip;]","protected":false},"author":4,"featured_media":0,"parent":3974,"menu_order":6,"comment_status":"closed","ping_status":"closed","template":"","meta":{"footnotes":""},"class_list":["post-4810","page","type-page","status-publish","hentry"],"_links":{"self":[{"href":"https:\/\/ambberna.esteri.it\/fr\/wp-json\/wp\/v2\/pages\/4810","targetHints":{"allow":["GET"]}}],"collection":[{"href":"https:\/\/ambberna.esteri.it\/fr\/wp-json\/wp\/v2\/pages"}],"about":[{"href":"https:\/\/ambberna.esteri.it\/fr\/wp-json\/wp\/v2\/types\/page"}],"author":[{"embeddable":true,"href":"https:\/\/ambberna.esteri.it\/fr\/wp-json\/wp\/v2\/users\/4"}],"replies":[{"embeddable":true,"href":"https:\/\/ambberna.esteri.it\/fr\/wp-json\/wp\/v2\/comments?post=4810"}],"version-history":[{"count":6,"href":"https:\/\/ambberna.esteri.it\/fr\/wp-json\/wp\/v2\/pages\/4810\/revisions"}],"predecessor-version":[{"id":8252,"href":"https:\/\/ambberna.esteri.it\/fr\/wp-json\/wp\/v2\/pages\/4810\/revisions\/8252"}],"up":[{"embeddable":true,"href":"https:\/\/ambberna.esteri.it\/fr\/wp-json\/wp\/v2\/pages\/3974"}],"wp:attachment":[{"href":"https:\/\/ambberna.esteri.it\/fr\/wp-json\/wp\/v2\/media?parent=4810"}],"curies":[{"name":"wp","href":"https:\/\/api.w.org\/{rel}","templated":true}]}}