{"id":4824,"date":"2023-06-27T15:57:18","date_gmt":"2023-06-27T13:57:18","guid":{"rendered":"https:\/\/ambberna.esteri.it\/servizi-consolari-e-visti\/servizi-per-il-cittadino-italiano\/dichiarazione-di-accompagnamento\/"},"modified":"2023-12-01T15:00:51","modified_gmt":"2023-12-01T13:00:51","slug":"dichiarazione-di-accompagnamento","status":"publish","type":"page","link":"https:\/\/ambberna.esteri.it\/fr\/servizi-consolari-e-visti\/servizi-per-il-cittadino-italiano\/dichiarazione-di-accompagnamento\/","title":{"rendered":"D\u00e9claration d&rsquo;accompagnement"},"content":{"rendered":"<div>\n<table style=\"background-color: #ffffe0;\">\n<tbody>\n<tr style=\"background-color: #bdb76b; color: #ffffff;\">\n<td width=\"189\"><strong><b>Personnel du bureau <\/b><\/strong><\/td>\n<td width=\"207\"><strong><b>Email<br \/>\n<\/b><\/strong><\/td>\n<td width=\"118\"><strong><b>T\u00e9l\u00e9phone<\/b><\/strong><\/td>\n<\/tr>\n<tr>\n<td width=\"189\">Biella Andrea<\/td>\n<td width=\"207\"><a href=\"mailto:berna.passaporti@esteri.it\">berna.passaporti@esteri.it<\/a><\/td>\n<td width=\"118\">+41 31 390 10 28<\/td>\n<\/tr>\n<tr>\n<td width=\"189\">Saulli Alessio<\/td>\n<td width=\"207\"><a href=\"mailto:berna.passaporti@esteri.it\">berna.passaporti@esteri.it<\/a><\/td>\n<td width=\"118\">+41 31 390 10 23<\/td>\n<\/tr>\n<\/tbody>\n<\/table>\n<p>&nbsp;<\/p>\n<p>L&rsquo;int\u00e9ress\u00e9, qui est le parent de l&rsquo;enfant de moins de 14 ans, peut demander la d\u00e9livrance d&rsquo;une d\u00e9claration d&rsquo;accompagnement si l&rsquo;enfant de moins de 14 ans, qui est d\u00e9j\u00e0 en possession d&rsquo;un passeport ou d&rsquo;une carte d&rsquo;identit\u00e9 italienne, voyage avec un adulte autre que celui qui exerce l&rsquo;autorit\u00e9 parentale.<\/p>\n<p>La d\u00e9claration d&rsquo;accompagnement couvre normalement un seul voyage (aller et\/ou retour) du pays de r\u00e9sidence du mineur vers une destination d\u00e9termin\u00e9e et est valable pour une dur\u00e9e maximale de six mois.<\/p>\n<p>Les personnes exer\u00e7ant la responsabilit\u00e9 parentale peuvent indiquer jusqu&rsquo;\u00e0 deux accompagnateurs.<\/p>\n<p>Dans le cas o\u00f9 l&rsquo;enfant est confi\u00e9 \u00e0 une compagnie a\u00e9rienne, les parents doivent fournir une copie du billet d&rsquo;avion ou une d\u00e9claration de la compagnie a\u00e9rienne avec les d\u00e9tails du voyage.<\/p>\n<p>Le formulaire, d\u00fbment compl\u00e9t\u00e9 et accompagn\u00e9 des documents n\u00e9cessaires, peut \u00eatre pr\u00e9sent\u00e9 personnellement par les parents ou envoy\u00e9 par courrier ordinaire, bien avant le d\u00e9part, au Bureau des passeports ou au Bureau des cartes d&rsquo;identit\u00e9 du Registre consulaire.<\/p>\n<p>Dans le cas o\u00f9 l&rsquo;un des parents n&rsquo;est pas citoyen de l&rsquo;UE (c&rsquo;est-\u00e0-dire <strong>uniquement<\/strong> les citoyens suisses), la signature sur le formulaire doit \u00eatre notari\u00e9e au bureau du Registre consulaire ou dans la commune suisse de r\u00e9sidence.<\/p>\n<p>Les documents n\u00e9cessaires sont les suivants :<\/p>\n<ul>\n<li>le formulaire d\u00fbment compl\u00e9t\u00e9 qui peut \u00eatre <a href=\"https:\/\/ambberna.esteri.it\/wp-content\/uploads\/2023\/06\/dichiarazione_accompagnamento.pdf\">t\u00e9l\u00e9charg\u00e9 ici<\/a>:<\/li>\n<li>copie des documents des parents (passeport ou carte d&rsquo;identit\u00e9)<\/li>\n<li>copie du permis de s\u00e9jour des parents<\/li>\n<li>copie du document italien du mineur<\/li>\n<li>copie du document de l&rsquo;accompagnateur (passeport ou carte d&rsquo;identit\u00e9).<\/li>\n<li>si la d\u00e9claration d&rsquo;accompagnement est demand\u00e9e par courrier, vous devez joindre une enveloppe pr\u00e9remplie et affranchie avec l&rsquo;adresse de retour, qui sera utilis\u00e9e pour le renvoi de la d\u00e9claration d&rsquo;accompagnement.<\/li>\n<\/ul>\n<p><strong>Tous les documents doivent \u00eatre en cours de validit\u00e9.<\/strong><\/p>\n<p><strong>Les parents demandeurs, ainsi que le mineur accompagnant, doivent \u00eatre d\u00fbment enregistr\u00e9s aupr\u00e8s de l&rsquo;AIRE avec des donn\u00e9es \u00e0 jour.<\/strong><\/p>\n<\/div>\n","protected":false},"excerpt":{"rendered":"Personnel du bureau Email T\u00e9l\u00e9phone Biella Andrea berna.passaporti@esteri.it +41 31 390 10 28 Saulli Alessio berna.passaporti@esteri.it +41 31 390 10 23 &nbsp; L&rsquo;int\u00e9ress\u00e9, qui est le parent de l&rsquo;enfant de moins de 14 ans, peut demander la d\u00e9livrance d&rsquo;une d\u00e9claration d&rsquo;accompagnement si l&rsquo;enfant de moins de 14 ans, qui est d\u00e9j\u00e0 en possession d&rsquo;un passeport [&hellip;]","protected":false},"author":4,"featured_media":0,"parent":3974,"menu_order":5,"comment_status":"closed","ping_status":"closed","template":"","meta":{"footnotes":""},"class_list":["post-4824","page","type-page","status-publish","hentry"],"_links":{"self":[{"href":"https:\/\/ambberna.esteri.it\/fr\/wp-json\/wp\/v2\/pages\/4824","targetHints":{"allow":["GET"]}}],"collection":[{"href":"https:\/\/ambberna.esteri.it\/fr\/wp-json\/wp\/v2\/pages"}],"about":[{"href":"https:\/\/ambberna.esteri.it\/fr\/wp-json\/wp\/v2\/types\/page"}],"author":[{"embeddable":true,"href":"https:\/\/ambberna.esteri.it\/fr\/wp-json\/wp\/v2\/users\/4"}],"replies":[{"embeddable":true,"href":"https:\/\/ambberna.esteri.it\/fr\/wp-json\/wp\/v2\/comments?post=4824"}],"version-history":[{"count":2,"href":"https:\/\/ambberna.esteri.it\/fr\/wp-json\/wp\/v2\/pages\/4824\/revisions"}],"predecessor-version":[{"id":4835,"href":"https:\/\/ambberna.esteri.it\/fr\/wp-json\/wp\/v2\/pages\/4824\/revisions\/4835"}],"up":[{"embeddable":true,"href":"https:\/\/ambberna.esteri.it\/fr\/wp-json\/wp\/v2\/pages\/3974"}],"wp:attachment":[{"href":"https:\/\/ambberna.esteri.it\/fr\/wp-json\/wp\/v2\/media?parent=4824"}],"curies":[{"name":"wp","href":"https:\/\/api.w.org\/{rel}","templated":true}]}}