{"id":4839,"date":"2023-06-19T13:13:08","date_gmt":"2023-06-19T11:13:08","guid":{"rendered":"https:\/\/ambberna.esteri.it\/servizi-consolari-e-visti\/servizi-per-il-cittadino-italiano\/istruzione\/equipollenza-dei-titoli-di-studio\/"},"modified":"2023-12-12T10:22:15","modified_gmt":"2023-12-12T08:22:15","slug":"equipollenza-dei-titoli-di-studio","status":"publish","type":"page","link":"https:\/\/ambberna.esteri.it\/fr\/servizi-consolari-e-visti\/servizi-per-il-cittadino-italiano\/istruzione\/equipollenza-dei-titoli-di-studio\/","title":{"rendered":"\u00c9quivalence des dipl\u00f4mes"},"content":{"rendered":"<p>Les dipl\u00f4mes suisses sont reconnus en Italie en vertu de l&rsquo;accord bilat\u00e9ral du 7 d\u00e9cembre 2007. Les universit\u00e9s se r\u00e9servent le droit de proposer au membre des compl\u00e9ments en termes de cr\u00e9dits universitaires et de disciplines individuelles.<\/p>\n<p>Les personnes qui souhaitent obtenir une d\u00e9claration d&rsquo;\u00e9quivalence de leurs qualifications acad\u00e9miques \u00e0 des fins professionnelles doivent s&rsquo;adresser directement aux bureaux comp\u00e9tents en Italie. Pour en savoir plus, consultez les sites du MIUR et du CIMEA (Centre d&rsquo;information sur l&rsquo;\u00e9quivalence acad\u00e9mique et la mobilit\u00e9).<\/p>\n<p>Si, dans le cadre de la proc\u00e9dure de d\u00e9livrance d&rsquo;une telle attestation d&rsquo;\u00e9quivalence, une \u00ab\u00a0d\u00e9claration de valeur sur place\u00a0\u00bb est requise, elle est d\u00e9livr\u00e9e par la Chancellerie consulaire \u00e0 Berne. Pour plus d&rsquo;informations, <a href=\"https:\/\/ambberna.esteri.it\/fr\/servizi-consolari-e-visti\/servizi-per-il-cittadino-italiano\/istruzione\/dichiarazioni-di-valore\/\">cliquez ici.<\/a><\/p>\n<p>Les personnes souhaitant faire reconna\u00eetre leurs qualifications professionnelles italiennes en Suisse peuvent s&rsquo;adresser au Secr\u00e9tariat d&rsquo;Etat \u00e0 la formation, \u00e0 la recherche et \u00e0 l&rsquo;innovation.<\/p>\n<p>Des r\u00e8gles particuli\u00e8res r\u00e9gissent la reconnaissance des dipl\u00f4mes universitaires italiens en Suisse.<\/p>\n","protected":false},"excerpt":{"rendered":"Les dipl\u00f4mes suisses sont reconnus en Italie en vertu de l&rsquo;accord bilat\u00e9ral du 7 d\u00e9cembre 2007. Les universit\u00e9s se r\u00e9servent le droit de proposer au membre des compl\u00e9ments en termes de cr\u00e9dits universitaires et de disciplines individuelles. Les personnes qui souhaitent obtenir une d\u00e9claration d&rsquo;\u00e9quivalence de leurs qualifications acad\u00e9miques \u00e0 des fins professionnelles doivent s&rsquo;adresser [&hellip;]","protected":false},"author":4,"featured_media":0,"parent":4810,"menu_order":0,"comment_status":"closed","ping_status":"closed","template":"","meta":{"footnotes":""},"class_list":["post-4839","page","type-page","status-publish","hentry"],"_links":{"self":[{"href":"https:\/\/ambberna.esteri.it\/fr\/wp-json\/wp\/v2\/pages\/4839","targetHints":{"allow":["GET"]}}],"collection":[{"href":"https:\/\/ambberna.esteri.it\/fr\/wp-json\/wp\/v2\/pages"}],"about":[{"href":"https:\/\/ambberna.esteri.it\/fr\/wp-json\/wp\/v2\/types\/page"}],"author":[{"embeddable":true,"href":"https:\/\/ambberna.esteri.it\/fr\/wp-json\/wp\/v2\/users\/4"}],"replies":[{"embeddable":true,"href":"https:\/\/ambberna.esteri.it\/fr\/wp-json\/wp\/v2\/comments?post=4839"}],"version-history":[{"count":2,"href":"https:\/\/ambberna.esteri.it\/fr\/wp-json\/wp\/v2\/pages\/4839\/revisions"}],"predecessor-version":[{"id":5493,"href":"https:\/\/ambberna.esteri.it\/fr\/wp-json\/wp\/v2\/pages\/4839\/revisions\/5493"}],"up":[{"embeddable":true,"href":"https:\/\/ambberna.esteri.it\/fr\/wp-json\/wp\/v2\/pages\/4810"}],"wp:attachment":[{"href":"https:\/\/ambberna.esteri.it\/fr\/wp-json\/wp\/v2\/media?parent=4839"}],"curies":[{"name":"wp","href":"https:\/\/api.w.org\/{rel}","templated":true}]}}