{"id":4861,"date":"2023-06-19T13:16:16","date_gmt":"2023-06-19T11:16:16","guid":{"rendered":"https:\/\/ambberna.esteri.it\/servizi-consolari-e-visti\/servizi-per-il-cittadino-italiano\/istruzione\/dichiarazioni-di-valore\/"},"modified":"2023-12-01T15:39:00","modified_gmt":"2023-12-01T13:39:00","slug":"dichiarazioni-di-valore","status":"publish","type":"page","link":"https:\/\/ambberna.esteri.it\/fr\/servizi-consolari-e-visti\/servizi-per-il-cittadino-italiano\/istruzione\/dichiarazioni-di-valore\/","title":{"rendered":"D\u00e9clarations de valeur"},"content":{"rendered":"<p><strong>DOCUMENTS N\u00c9CESSAIRES \u00c0 L&rsquo;OBTENTION DE LA \u00ab\u00a0D\u00c9CLARATION DE VALEUR SUR PLACE<\/strong><\/p>\n<p>Documents n\u00e9cessaires pour obtenir la \u00ab\u00a0d\u00e9claration de valeur sur place\u00a0\u00bb des dipl\u00f4mes universitaires, baccalaur\u00e9ats, certificats de capacit\u00e9 et autres titres d\u00e9livr\u00e9s par les \u00e9tablissements d&rsquo;enseignement et les universit\u00e9s des cantons de Berne, Neuch\u00e2tel et Fribourg :<\/p>\n<ol>\n<li>demande de l&rsquo;int\u00e9ress\u00e9, accompagn\u00e9e du curriculum studiorum, motivant la demande de d\u00e9claration de valeur ; <a href=\"https:\/\/ambberna.esteri.it\/wp-content\/uploads\/2023\/06\/modulo_richiesta_dichiarazione_valore.pdf\">cliquez ici pour la demande<\/a><\/li>\n<li>dipl\u00f4me suisse original sur lequel l&rsquo;APOSTILLE doit \u00eatre appos\u00e9e par la Chancellerie d&rsquo;Etat du canton dans lequel le dipl\u00f4me a \u00e9t\u00e9 obtenu.<br \/>\nPour plus d&rsquo;informations :<br \/>\n<strong>BERNE :<\/strong> <a href=\"https:\/\/www.sta.be.ch\/fr\/start\/dienstleistungen\/dokumente-beglaubigen.html\">https:\/\/www.sta.be.ch\/de\/start\/dienstleistungen\/dokumente-beglaubigen.html<\/a><br \/>\n<strong>NEUCH\u00c2TEL :<\/strong><a href=\"https:\/\/www.ne.ch\/autorites\/CHAN\/Pages\/accueil.aspx\"> http:\/\/www.ne.ch\/autorites\/CHAN\/Pages\/accueil.aspx<\/a><br \/>\n<strong>FREIBURG :<\/strong> <a href=\"http:\/\/www.fr.ch\/cha\/fr\/pub\/index.cfm\">http:\/\/www.fr.ch\/cha\/fr\/pub\/index.cfm<\/a><br \/>\n<strong>pour les titres d\u00e9livr\u00e9s par les instituts f\u00e9d\u00e9raux, sur le site de la Chancellerie f\u00e9d\u00e9rale :<\/strong> <a href=\"https:\/\/www.bk.admin.ch\/bk\/fr\/home\/Service\/legalisations.html\">https:\/\/www.bk.admin.ch\/bk\/it\/home\/service\/legalizzazioni.html<\/a><\/li>\n<li>faire traduire l&rsquo;ensemble de la documentation en italien par un traducteur (si n\u00e9cessaire, cette Cancelleria Consolare dispose d&rsquo;une <a href=\"https:\/\/ambberna.esteri.it\/fr\/chi-siamo\/la-rete-consolare\/traduttori-di-riferimento\/\">liste de traducteurs<\/a> que vous pouvez contacter).<br \/>\nAttention : le traducteur doit d\u00e9clarer que la traduction est conforme \u00e0 l&rsquo;original, la dater, la signer, la faire l\u00e9galiser et faire apposer l&rsquo;apostille sur la traduction par la Chancellerie d&rsquo;Etat comp\u00e9tente, \u00e9ventuellement en italien.<\/li>\n<li>photocopie d&rsquo;un document d&rsquo;identit\u00e9 sur lequel la date et le lieu de naissance sont lisibles.<\/li>\n<\/ol>\n<p>La d\u00e9claration d\u00e9livr\u00e9e \u00e0 des fins d&rsquo;\u00e9tudes est gratuite (art. 66 lett. D.Lgs. 71\/2011) ; pour les autres cas, il y a une taxe consulaire d&rsquo;environ CHF 50.00 \u00e0 payer en esp\u00e8ces lors du retrait de la d\u00e9claration. Dans le cas d&rsquo;une demande de renvoi de la d\u00e9claration par voie postale, il est n\u00e9cessaire de joindre une enveloppe pr\u00e9affranchie et pr\u00e9remplie. Les documents doivent \u00eatre soumis en original, mais peuvent \u00eatre pr\u00e9-remplis par e-mail (<a href=\"mailto:berna.consolare@esteri.it\">berna.consolare@esteri.it<\/a>). Les originaux seront renvoy\u00e9s avec la d\u00e9claration de valeur.<\/p>\n","protected":false},"excerpt":{"rendered":"DOCUMENTS N\u00c9CESSAIRES \u00c0 L&rsquo;OBTENTION DE LA \u00ab\u00a0D\u00c9CLARATION DE VALEUR SUR PLACE Documents n\u00e9cessaires pour obtenir la \u00ab\u00a0d\u00e9claration de valeur sur place\u00a0\u00bb des dipl\u00f4mes universitaires, baccalaur\u00e9ats, certificats de capacit\u00e9 et autres titres d\u00e9livr\u00e9s par les \u00e9tablissements d&rsquo;enseignement et les universit\u00e9s des cantons de Berne, Neuch\u00e2tel et Fribourg : demande de l&rsquo;int\u00e9ress\u00e9, accompagn\u00e9e du curriculum studiorum, motivant [&hellip;]","protected":false},"author":4,"featured_media":0,"parent":4810,"menu_order":0,"comment_status":"closed","ping_status":"closed","template":"","meta":{"footnotes":""},"class_list":["post-4861","page","type-page","status-publish","hentry"],"_links":{"self":[{"href":"https:\/\/ambberna.esteri.it\/fr\/wp-json\/wp\/v2\/pages\/4861","targetHints":{"allow":["GET"]}}],"collection":[{"href":"https:\/\/ambberna.esteri.it\/fr\/wp-json\/wp\/v2\/pages"}],"about":[{"href":"https:\/\/ambberna.esteri.it\/fr\/wp-json\/wp\/v2\/types\/page"}],"author":[{"embeddable":true,"href":"https:\/\/ambberna.esteri.it\/fr\/wp-json\/wp\/v2\/users\/4"}],"replies":[{"embeddable":true,"href":"https:\/\/ambberna.esteri.it\/fr\/wp-json\/wp\/v2\/comments?post=4861"}],"version-history":[{"count":1,"href":"https:\/\/ambberna.esteri.it\/fr\/wp-json\/wp\/v2\/pages\/4861\/revisions"}],"predecessor-version":[{"id":4867,"href":"https:\/\/ambberna.esteri.it\/fr\/wp-json\/wp\/v2\/pages\/4861\/revisions\/4867"}],"up":[{"embeddable":true,"href":"https:\/\/ambberna.esteri.it\/fr\/wp-json\/wp\/v2\/pages\/4810"}],"wp:attachment":[{"href":"https:\/\/ambberna.esteri.it\/fr\/wp-json\/wp\/v2\/media?parent=4861"}],"curies":[{"name":"wp","href":"https:\/\/api.w.org\/{rel}","templated":true}]}}