{"id":4878,"date":"2023-06-19T13:19:27","date_gmt":"2023-06-19T11:19:27","guid":{"rendered":"https:\/\/ambberna.esteri.it\/servizi-consolari-e-visti\/servizi-per-il-cittadino-italiano\/istruzione\/universita\/"},"modified":"2023-12-01T15:55:07","modified_gmt":"2023-12-01T13:55:07","slug":"universita","status":"publish","type":"page","link":"https:\/\/ambberna.esteri.it\/fr\/servizi-consolari-e-visti\/servizi-per-il-cittadino-italiano\/istruzione\/universita\/","title":{"rendered":"Universit\u00e9s"},"content":{"rendered":"<p>Des informations d&rsquo;int\u00e9r\u00eat g\u00e9n\u00e9ral sur l&rsquo;organisation et le fonctionnement des universit\u00e9s italiennes sont disponibles dans la section du site du <a href=\"http:\/\/www.miur.it\/0002Univer\/index_cf2.htm\"><strong>Minist\u00e8re de l&rsquo;\u00c9ducation et du M\u00e9rite<\/strong><\/a><strong>.<\/strong><\/p>\n<p>Des listes compl\u00e8tes d&rsquo;universit\u00e9s peuvent \u00eatre consult\u00e9es \u00e0 l&rsquo;aide du moteur de recherche sp\u00e9cial <a href=\"https:\/\/www.cineca.it\/en\"><strong>CINECA<\/strong><\/a>.<\/p>\n<p>Le site de la <strong><a href=\"https:\/\/www.crui.it\/highlights.html\">CRUI &#8211; Conf\u00e9rence des recteurs des universit\u00e9s italiennes<\/a><\/strong> &#8211; comporte \u00e9galement une page consacr\u00e9e aux universit\u00e9s.<\/p>\n<p>Les \u00e9tudiants \u00e9trangers int\u00e9ress\u00e9s par des \u00e9tudes dans les universit\u00e9s italiennes peuvent trouver des informations utiles sur les places qui leur sont r\u00e9serv\u00e9es sur le site du <strong><a href=\"https:\/\/off270.miur.it\/\">MIUR<\/a><\/strong>, \u00e0 la page consacr\u00e9e \u00e0 l&rsquo;offre \u00e9ducative.<\/p>\n","protected":false},"excerpt":{"rendered":"Des informations d&rsquo;int\u00e9r\u00eat g\u00e9n\u00e9ral sur l&rsquo;organisation et le fonctionnement des universit\u00e9s italiennes sont disponibles dans la section du site du Minist\u00e8re de l&rsquo;\u00c9ducation et du M\u00e9rite. Des listes compl\u00e8tes d&rsquo;universit\u00e9s peuvent \u00eatre consult\u00e9es \u00e0 l&rsquo;aide du moteur de recherche sp\u00e9cial CINECA. Le site de la CRUI &#8211; Conf\u00e9rence des recteurs des universit\u00e9s italiennes &#8211; comporte [&hellip;]","protected":false},"author":4,"featured_media":0,"parent":4810,"menu_order":0,"comment_status":"closed","ping_status":"closed","template":"","meta":{"footnotes":""},"class_list":["post-4878","page","type-page","status-publish","hentry"],"_links":{"self":[{"href":"https:\/\/ambberna.esteri.it\/fr\/wp-json\/wp\/v2\/pages\/4878","targetHints":{"allow":["GET"]}}],"collection":[{"href":"https:\/\/ambberna.esteri.it\/fr\/wp-json\/wp\/v2\/pages"}],"about":[{"href":"https:\/\/ambberna.esteri.it\/fr\/wp-json\/wp\/v2\/types\/page"}],"author":[{"embeddable":true,"href":"https:\/\/ambberna.esteri.it\/fr\/wp-json\/wp\/v2\/users\/4"}],"replies":[{"embeddable":true,"href":"https:\/\/ambberna.esteri.it\/fr\/wp-json\/wp\/v2\/comments?post=4878"}],"version-history":[{"count":1,"href":"https:\/\/ambberna.esteri.it\/fr\/wp-json\/wp\/v2\/pages\/4878\/revisions"}],"predecessor-version":[{"id":4882,"href":"https:\/\/ambberna.esteri.it\/fr\/wp-json\/wp\/v2\/pages\/4878\/revisions\/4882"}],"up":[{"embeddable":true,"href":"https:\/\/ambberna.esteri.it\/fr\/wp-json\/wp\/v2\/pages\/4810"}],"wp:attachment":[{"href":"https:\/\/ambberna.esteri.it\/fr\/wp-json\/wp\/v2\/media?parent=4878"}],"curies":[{"name":"wp","href":"https:\/\/api.w.org\/{rel}","templated":true}]}}