{"id":4897,"date":"2023-06-19T13:22:10","date_gmt":"2023-06-19T11:22:10","guid":{"rendered":"https:\/\/ambberna.esteri.it\/servizi-consolari-e-visti\/servizi-per-il-cittadino-italiano\/istruzione\/scuole-in-italia\/"},"modified":"2023-12-01T16:14:37","modified_gmt":"2023-12-01T14:14:37","slug":"scuole-in-italia","status":"publish","type":"page","link":"https:\/\/ambberna.esteri.it\/fr\/servizi-consolari-e-visti\/servizi-per-il-cittadino-italiano\/istruzione\/scuole-in-italia\/","title":{"rendered":"\u00c9coles en Italie"},"content":{"rendered":"<p>Une liste compl\u00e8te des \u00e9coles de tous niveaux (\u00e9coles maternelles, primaires et secondaires de premi\u00e8re et deuxi\u00e8me ann\u00e9e, publiques et priv\u00e9es) est disponible sur le site du minist\u00e8re de l&rsquo;\u00e9ducation et du m\u00e9rite \u00e0 l&rsquo;adresse suivante : <a href=\"http:\/\/cercalatuascuola.istruzione.it\/cercalatuascuola\/\">http:\/\/cercalatuascuola.istruzione.it\/cercalatuascuola\/<\/a>.<\/p>\n","protected":false},"excerpt":{"rendered":"Une liste compl\u00e8te des \u00e9coles de tous niveaux (\u00e9coles maternelles, primaires et secondaires de premi\u00e8re et deuxi\u00e8me ann\u00e9e, publiques et priv\u00e9es) est disponible sur le site du minist\u00e8re de l&rsquo;\u00e9ducation et du m\u00e9rite \u00e0 l&rsquo;adresse suivante : http:\/\/cercalatuascuola.istruzione.it\/cercalatuascuola\/.","protected":false},"author":4,"featured_media":0,"parent":4810,"menu_order":0,"comment_status":"closed","ping_status":"closed","template":"","meta":{"footnotes":""},"class_list":["post-4897","page","type-page","status-publish","hentry"],"_links":{"self":[{"href":"https:\/\/ambberna.esteri.it\/fr\/wp-json\/wp\/v2\/pages\/4897","targetHints":{"allow":["GET"]}}],"collection":[{"href":"https:\/\/ambberna.esteri.it\/fr\/wp-json\/wp\/v2\/pages"}],"about":[{"href":"https:\/\/ambberna.esteri.it\/fr\/wp-json\/wp\/v2\/types\/page"}],"author":[{"embeddable":true,"href":"https:\/\/ambberna.esteri.it\/fr\/wp-json\/wp\/v2\/users\/4"}],"replies":[{"embeddable":true,"href":"https:\/\/ambberna.esteri.it\/fr\/wp-json\/wp\/v2\/comments?post=4897"}],"version-history":[{"count":1,"href":"https:\/\/ambberna.esteri.it\/fr\/wp-json\/wp\/v2\/pages\/4897\/revisions"}],"predecessor-version":[{"id":4902,"href":"https:\/\/ambberna.esteri.it\/fr\/wp-json\/wp\/v2\/pages\/4897\/revisions\/4902"}],"up":[{"embeddable":true,"href":"https:\/\/ambberna.esteri.it\/fr\/wp-json\/wp\/v2\/pages\/4810"}],"wp:attachment":[{"href":"https:\/\/ambberna.esteri.it\/fr\/wp-json\/wp\/v2\/media?parent=4897"}],"curies":[{"name":"wp","href":"https:\/\/api.w.org\/{rel}","templated":true}]}}