{"id":4917,"date":"2023-06-27T15:50:05","date_gmt":"2023-06-27T13:50:05","guid":{"rendered":"https:\/\/ambberna.esteri.it\/servizi-consolari-e-visti\/servizi-per-il-cittadino-italiano\/leva\/"},"modified":"2026-02-03T10:47:27","modified_gmt":"2026-02-03T08:47:27","slug":"leva","status":"publish","type":"page","link":"https:\/\/ambberna.esteri.it\/fr\/servizi-consolari-e-visti\/servizi-per-il-cittadino-italiano\/leva\/","title":{"rendered":"Service militaire"},"content":{"rendered":"<table style=\"background-color: #ffffe0;\">\n<tbody>\n<tr style=\"background-color: #bdb76b; color: #ffffff;\">\n<td width=\"189\"><strong><b>Personnel au bureau<br \/>\n<\/b><\/strong><\/td>\n<td width=\"207\"><strong><b>Email<br \/>\n<\/b><\/strong><\/td>\n<td width=\"118\"><strong><b>T\u00e9l\u00e9phone<\/b><\/strong><\/td>\n<\/tr>\n<tr>\n<td width=\"189\"><\/td>\n<td width=\"207\"><a href=\"mailto:berna.notarile@esteri.it\">berna.notarile@esteri.it<\/a><\/td>\n<td width=\"118\">+41 31 390 10 24<\/td>\n<\/tr>\n<\/tbody>\n<\/table>\n<p>&nbsp;<\/p>\n<p>La loi n\u00b0 226 du 23 ao\u00fbt 2004 (G.U. n\u00b0 204 du 31 ao\u00fbt 2004) pr\u00e9voit, \u00e0 partir du 1er janvier 2005, la suspension anticip\u00e9e du service militaire obligatoire et l&rsquo;institution du service militaire professionnel.<\/p>\n<p>Les citoyens italiens qui ont l&rsquo;intention de se rapatrier pour effectuer le service militaire volontaire ne peuvent pas b\u00e9n\u00e9ficier des avantages pr\u00e9vus par la loi 433\/66, qui r\u00e9glemente le rapatriement aux frais de l&rsquo;\u00c9tat exclusivement pour le service militaire.<\/p>\n","protected":false},"excerpt":{"rendered":"Personnel au bureau Email T\u00e9l\u00e9phone berna.notarile@esteri.it +41 31 390 10 24 &nbsp; La loi n\u00b0 226 du 23 ao\u00fbt 2004 (G.U. n\u00b0 204 du 31 ao\u00fbt 2004) pr\u00e9voit, \u00e0 partir du 1er janvier 2005, la suspension anticip\u00e9e du service militaire obligatoire et l&rsquo;institution du service militaire professionnel. Les citoyens italiens qui ont l&rsquo;intention de se [&hellip;]","protected":false},"author":4,"featured_media":0,"parent":3974,"menu_order":7,"comment_status":"closed","ping_status":"closed","template":"","meta":{"footnotes":""},"class_list":["post-4917","page","type-page","status-publish","hentry"],"_links":{"self":[{"href":"https:\/\/ambberna.esteri.it\/fr\/wp-json\/wp\/v2\/pages\/4917","targetHints":{"allow":["GET"]}}],"collection":[{"href":"https:\/\/ambberna.esteri.it\/fr\/wp-json\/wp\/v2\/pages"}],"about":[{"href":"https:\/\/ambberna.esteri.it\/fr\/wp-json\/wp\/v2\/types\/page"}],"author":[{"embeddable":true,"href":"https:\/\/ambberna.esteri.it\/fr\/wp-json\/wp\/v2\/users\/4"}],"replies":[{"embeddable":true,"href":"https:\/\/ambberna.esteri.it\/fr\/wp-json\/wp\/v2\/comments?post=4917"}],"version-history":[{"count":3,"href":"https:\/\/ambberna.esteri.it\/fr\/wp-json\/wp\/v2\/pages\/4917\/revisions"}],"predecessor-version":[{"id":8567,"href":"https:\/\/ambberna.esteri.it\/fr\/wp-json\/wp\/v2\/pages\/4917\/revisions\/8567"}],"up":[{"embeddable":true,"href":"https:\/\/ambberna.esteri.it\/fr\/wp-json\/wp\/v2\/pages\/3974"}],"wp:attachment":[{"href":"https:\/\/ambberna.esteri.it\/fr\/wp-json\/wp\/v2\/media?parent=4917"}],"curies":[{"name":"wp","href":"https:\/\/api.w.org\/{rel}","templated":true}]}}