{"id":4926,"date":"2023-04-11T18:13:11","date_gmt":"2023-04-11T16:13:11","guid":{"rendered":"https:\/\/ambberna.esteri.it\/servizi-consolari-e-visti\/servizi-per-il-cittadino-italiano\/passaporti\/"},"modified":"2025-11-10T12:20:03","modified_gmt":"2025-11-10T10:20:03","slug":"passaporti","status":"publish","type":"page","link":"https:\/\/ambberna.esteri.it\/fr\/servizi-consolari-e-visti\/servizi-per-il-cittadino-italiano\/passaporti\/","title":{"rendered":"Passeports"},"content":{"rendered":"<table style=\"background-color: #ffffe0;\">\n<tbody>\n<tr style=\"background-color: #bdb76b; color: #ffffff;\">\n<td width=\"189\"><strong><b>Personnel du bureau <\/b><\/strong><\/td>\n<td width=\"207\"><strong><b>Email<br \/>\n<\/b><\/strong><\/td>\n<td width=\"118\"><strong><b>T\u00e9l\u00e9phone<\/b><\/strong><\/td>\n<\/tr>\n<tr>\n<td width=\"189\">Biella Andrea<\/td>\n<td width=\"207\"><a href=\"mailto:berna.passaporti@esteri.it\">berna.passaporti@esteri.it<\/a><\/td>\n<td width=\"118\">+41 31 390 10 23<\/td>\n<\/tr>\n<tr>\n<td width=\"189\">Saulli Alessio<\/td>\n<td width=\"207\"><a href=\"mailto:berna.passaporti@esteri.it\">berna.passaporti@esteri.it<\/a><\/td>\n<td width=\"118\">+41 31 390 10 28<\/td>\n<\/tr>\n<\/tbody>\n<\/table>\n<p>&nbsp;<\/p>\n<p><strong>I.<\/strong> <strong>A QUI S&rsquo;ADRESSE LE SERVICE DES PASSEPORTS ?<\/strong><\/p>\n<p>Les passeports ne peuvent \u00eatre d\u00e9livr\u00e9s qu&rsquo;aux citoyens italiens r\u00e9sidant dans l&rsquo;arrondissement consulaire, d\u00e9j\u00e0 inscrits aupr\u00e8s de l&rsquo;AIRE et disposant d&rsquo;une adresse de r\u00e9sidence \u00e0 jour. Le Registre consulaire de l&rsquo;Ambassade d&rsquo;Italie \u00e0 Berne n&rsquo;est comp\u00e9tent que pour les ressortissants italiens r\u00e9sidant et inscrits dans les cantons de Berne, Neuch\u00e2tel et Fribourg.<\/p>\n<p>Pour r\u00e9sider et voyager dans les pays de l&rsquo;Union europ\u00e9enne et en Suisse, une carte d&rsquo;identit\u00e9 valable pour l&rsquo;expatriation, d\u00e9livr\u00e9e par les repr\u00e9sentations consulaires italiennes \u00e0 l&rsquo;\u00e9tranger pour tous les citoyens italiens inscrits aupr\u00e8s de l&rsquo;A.I.R.E., est suffisante (voir <a href=\"https:\/\/ambberna.esteri.it\/fr\/servizi-consolari-e-visti\/servizi-per-il-cittadino-italiano\/carta-didentita-elettronica\/\">Cartes d&rsquo;identit\u00e9<\/a>).<\/p>\n<p><strong>II. EST-IL NECESSAIRE D&rsquo;ETRE INSCRIT A L&rsquo;AIRE POUR OBTENIR UN PASSEPORT ?<\/strong><\/p>\n<p>OUI ! <strong>ATTENTION !!<\/strong> La d\u00e9livrance du passeport est subordonn\u00e9e \u00e0 l&rsquo;<strong>inscription \u00e0 l&rsquo;AIRE<\/strong> (Anagrafe degli Italiani Residenti all&rsquo;Estero &#8211; Registre des Italiens r\u00e9sidant \u00e0 l&rsquo;\u00e9tranger) e<strong>t \u00e0 la mise \u00e0 jour correcte de la r\u00e9sidence<\/strong>. Les personnes qui ne sont pas inscrites \u00e0 l&rsquo;AIRE ou qui doivent mettre \u00e0 jour leur adresse doivent d&rsquo;abord r\u00e9gulariser leur inscription \u00e0 l&rsquo;\u00e9tat civil par le biais du portail <a href=\"https:\/\/serviziconsolari.esteri.it\/ScoFE\/index.sco;jsessionid=A93A07B71A82A9CBB4F825895E752A0A\">Fast It<\/a>. Pour plus d&rsquo;informations : <a href=\"https:\/\/ambberna.esteri.it\/fr\/chi-siamo\/la-sede\/la-sede-consolare\/informazioni-e-servizi\/\">https:\/\/ambberna.esteri.it\/chi-siamo\/la-sede\/la-sede-consolare\/informazioni-e-servizi\/<\/a><\/p>\n<p><strong>III. COMMENT DEMANDER UN PASSEPORT ?<\/strong><\/p>\n<p>Pour demander un passeport, vous devez prendre rendez-vous en ligne sur notre site officiel via le service <a href=\"https:\/\/prenotami.esteri.it\/\"><strong>PRENOT@MI<\/strong><\/a> (service GRATUIT) : <a href=\"https:\/\/prenotami.esteri.it\/\">https:\/\/prenotami.esteri.it\/<\/a><\/p>\n<p><a href=\"https:\/\/ambberna.esteri.it\/wp-content\/uploads\/2023\/06\/guida_al_prenotmi.pdf\">Ici<\/a> vous trouverez toutes les informations sur <strong><a href=\"https:\/\/prenotami.esteri.it\/\">PRENOT@MI<\/a><\/strong> et apprendrez comment prendre un rendez-vous en ligne<\/p>\n<p>Apr\u00e8s avoir cr\u00e9\u00e9 votre profil personnel, vous pouvez demander un rendez-vous en choisissant parmi les dates et heures disponibles.<\/p>\n<p>S\u00e9lectionnez \u00ab\u00a0R\u00e9servation unique\u00a0\u00bb si le nombre de passeports requis est de 1 ; s\u00e9lectionnez \u00ab\u00a0R\u00e9servation multiple\u00a0\u00bb si le nombre de passeports requis est sup\u00e9rieur \u00e0 1.<\/p>\n<p>Un maximum de 3 rendez-vous peut \u00eatre demand\u00e9 pour un m\u00eame profil.<\/p>\n<p>Si le rendez-vous est pour un autre membre de la famille, choisissez \u00ab\u00a0r\u00e9servation unique\u00a0\u00bb et indiquez dans les notes (au bas du formulaire dans le champ vide) le pr\u00e9nom, le nom et la date de naissance du demandeur.<\/p>\n<p>Si le rendez-vous est pour plus d&rsquo;une personne, choisissez \u00ab\u00a0r\u00e9servation multiple\u00a0\u00bb et s\u00e9lectionnez le nombre de rendez-vous souhait\u00e9s, en indiquant pour chacun le pr\u00e9nom, le nom, la date de naissance et l&rsquo;adresse des personnes concern\u00e9es.<\/p>\n<p><strong>REMARQUE :<\/strong> si le demandeur est une personne ayant des probl\u00e8mes de mobilit\u00e9 ou des difficult\u00e9s \u00e0 acc\u00e9der \u00e0 des pi\u00e8ces comportant des marches, veuillez contacter directement le bureau des passeports par courrier \u00e9lectronique pour convenir d&rsquo;un rendez-vous : <a href=\"mailto:berna.passaporti@esteri.it\">berna.passaporti@esteri.it<\/a>. Le bureau fera tout son possible pour faciliter la proc\u00e9dure.<\/p>\n<p><a href=\"https:\/\/ambberna.esteri.it\/wp-content\/uploads\/2024\/10\/Canali-ad-hoc-categorie-protette-passaporti.pdf\"><strong><u>Canaux ad hoc pour les cat\u00e9gories prot\u00e9g\u00e9es<\/u><\/strong><\/a><\/p>\n<p><strong>IV. QUELS SONT LES DOCUMENTS N\u00c9CESSAIRES POUR OBTENIR UN PASSEPORT ?<\/strong><\/p>\n<p>Le jour du rendez-vous (au <strong>Chancellerie Consulaire, Willadingweg 23, 3006 Berne<\/strong>), les documents suivants sont n\u00e9cessaires<\/p>\n<ol>\n<li><strong>Passeport en possession ou, en cas d&rsquo;absence, carte d&rsquo;identit\u00e9<\/strong> (en cas de vol ou de perte, une d\u00e9claration doit \u00eatre faite \u00e0 la police, qui doit indiquer les d\u00e9tails du document perdu ou vol\u00e9). Si vous \u00eates un double citoyen italo-suisse sans documents d&rsquo;identit\u00e9 italiens, vous pourrez pr\u00e9senter le document d&rsquo;identit\u00e9 de votre pays d&rsquo;origine.<\/li>\n<li><strong><span lang=\"FR-CH\">Pour les citoyens uniquement italiens:<\/span><\/strong><span lang=\"FR-CH\">\u00a0permis de s\u00e9jour suisse en cours de validit\u00e9 (si expir\u00e9 et\/ou en cours de renouvellement, joindre l&rsquo;Attestation de domicile, valable six mois \u00e0 compter de la date de d\u00e9livrance).\u00a0<strong>Pour les citoyens avec la doubles nationalit\u00e9:<\/strong>\u00a0attestation de r\u00e9sidence ou attestation de domicile de la commune suisse (valable six mois \u00e0 compter de la date de d\u00e9livrance);<\/span><\/li>\n<\/ol>\n<p><strong>Les photographies ne seront plus exig\u00e9es<\/strong> (\u00e0 l&rsquo;exception des mineurs de moins de 12 ans) puisqu&rsquo;elles seront acquises directement au guichet par un dispositif sp\u00e9cial.<\/p>\n<p><strong>V. LES MINEURS PEUVENT-ILS OBTENIR UN PASSEPORT ?<\/strong><\/p>\n<p>OUI, en effet : \u00e0 partir du 26 juin 2012, tous les mineurs italiens qui voyagent devront \u00eatre munis d&rsquo;un document de voyage individuel.<\/p>\n<p>Le mineur doit d\u00e9j\u00e0 \u00eatre inscrit \u00e0 AIRE (comme les adultes), \u00eatre pr\u00e9sent au moment de la demande et les documents suivants sont n\u00e9cessaires:<\/p>\n<ol>\n<li>Une pi\u00e8ce d&rsquo;identit\u00e9 (comme au point 1 pour les adultes)<\/li>\n<li>Un permis de s\u00e9jour (comme au point 2 pour les adultes)<\/li>\n<li><strong><span style=\"color: #ff0000;\">Consentement des deux parents <\/span><\/strong><span style=\"text-decoration: underline;\"> en faveur du mineur<\/span> par la signature de la <a href=\"https:\/\/ambberna.esteri.it\/wp-content\/uploads\/2024\/04\/Dichiarazione_di_assenso_a_favore_di_richiedente_minorenne.pdf\">d\u00e9claration sous serment<\/a> suivante<br \/>\na) si l&rsquo;autre parent est citoyen italien ou ressortissant d&rsquo;un pays de l&rsquo;Union europ\u00e9enne, il peut produire le formulaire prescrit en y joignant une copie de son document d&rsquo;identit\u00e9 sans se pr\u00e9senter n\u00e9cessairement \u00e0 l&rsquo;Ambassade ;<br \/>\nb) si, par contre, le parent est suisse ou, en tout cas, ressortissant d&rsquo;un pays non membre de l&rsquo;Union europ\u00e9enne, il peut remplir le formulaire susmentionn\u00e9 et il sera n\u00e9cessaire d&rsquo;authentifier la signature : soit en se pr\u00e9sentant en personne \u00e0 ce Bureau du Registre consulaire le jour du rendez-vous, soit en apportant l&rsquo;authentification de la signature par un fonctionnaire municipal de sa Commune suisse de r\u00e9sidence ou par un notaire ou au commissariat de police local.<\/li>\n<li><strong>Photos UNIQUEMENT pour les mineurs de moins de 12 ans<\/strong> : n. 1 photo couleur r\u00e9cente conforme aux normes de l&rsquo;OACI fond blanc, sans lunettes, visage d\u00e9couvert et sans cheveux couvrant le visage, bouche ferm\u00e9e (dimensions cm 4 x 3,5 cm), tandis que pour les enfants en bas \u00e2ge, il est recommand\u00e9 de contacter un photographe professionnel.<\/li>\n<\/ol>\n<p>Si le mineur voyage avec une autre personne, cette <a href=\"https:\/\/ambberna.esteri.it\/fr\/servizi-consolari-e-visti\/servizi-per-il-cittadino-italiano\/dichiarazione-di-accompagnamento\/\">d\u00e9claration d&rsquo;accompagnement pour les mineurs de moins de 14 ans<\/a> sera n\u00e9cessaire.<\/p>\n<p><strong>VI. QUE SE PASSE-T-IL LE JOUR DU RENDEZ-VOUS ?<\/strong><\/p>\n<p>L&rsquo;op\u00e9rateur consulaire se procure les documents indiqu\u00e9s, proc\u00e8de \u00e0 la reconnaissance et prend la photo, les empreintes digitales et la signature \u00e0 l&rsquo;aide d&rsquo;une machine.<\/p>\n<p>Les mineurs de moins de 12 ans sont dispens\u00e9s de la signature et de la prise d&#8217;empreintes digitales.<\/p>\n<p>Dans tous les cas, les mineurs de moins de 12 ans doivent \u00eatre pr\u00e9sents et toujours accompagn\u00e9s de l&rsquo;un de leurs parents ou du titulaire de la responsabilit\u00e9 parentale.<\/p>\n<p><strong>VII. QUELS SONT LES CO\u00dbTS ?<\/strong><\/p>\n<p>Le co\u00fbt du passeport est d&rsquo;environ 113.90 CHF, bien que le co\u00fbt r\u00e9el d\u00e9pende du taux de change trimestriel. Le passeport est payable par carte (circuits Maestro, Postfinance ou Vpay) et peut \u00eatre pay\u00e9 en esp\u00e8ces CHF 113.40 UNIQUEMENT EN L&rsquo;ABSENCE DE CARTE. Le passeport est imprim\u00e9 et d\u00e9livr\u00e9 lors du m\u00eame rendez-vous, sauf cas particuliers.<\/p>\n<p><strong>VIII. QUELLE EST LA DUR\u00c9E DE VALIDIT\u00c9 DU PASSEPORT ?<\/strong><\/p>\n<p>&#8211; 10 ans pour les adultes et ne peut \u00eatre renouvel\u00e9 \u00e0 l&rsquo;\u00e9ch\u00e9ance ;<br \/>\n&#8211; 5 ans pour les mineurs de 3 \u00e0 18 ans ;<br \/>\n&#8211; 3 ans pour les mineurs de 0 \u00e0 3 ans.<\/p>\n<p><strong>IX. QUE DOIS-JE FAIRE SI J&rsquo;AI PERDU OU \u00c9GAR\u00c9 MON PASSEPORT ?<\/strong><\/p>\n<p>En cas de vol ou de perte, nous distinguons deux situations diff\u00e9rentes :<\/p>\n<p>-&gt;Situation 1 : Vol ou perte du passeport <strong>pour les r\u00e9sidents \u00e9trangers<\/strong>.<\/p>\n<p>Le citoyen doit se pr\u00e9senter au bureau des passeports du registre consulaire avec les documents suivants<\/p>\n<ul>\n<li>d\u00e9claration de vol ou de perte du passeport faite aupr\u00e8s de l&rsquo;autorit\u00e9 de police locale comp\u00e9tente ;<\/li>\n<li>pi\u00e8ce d&rsquo;identit\u00e9 en cours de validit\u00e9 avec photographie<\/li>\n<li>permis de s\u00e9jour ou attestation de r\u00e9sidence effective dans la commune (livret B ou C \u00ab\u00a0Attestation d&rsquo;\u00e9tablissement\u00a0\u00bb).<\/li>\n<\/ul>\n<p>-&gt;Situation 2 : Vol ou perte du passeport <strong>pour les r\u00e9sidents italiens<\/strong><\/p>\n<p>Si un citoyen italien perd son passeport ou se le fait voler (par exemple, un touriste en transit qui doit partir rapidement), la Cancelleria Consolare d\u00e9livre un document appel\u00e9 \u00ab\u00a0ETD (Emergency Travel Document)\u00a0\u00bb qui n&rsquo;est valable que pour le voyage de retour vers l&rsquo;Italie ou vers une autre r\u00e9sidence \u00e0 l&rsquo;\u00e9tranger. Pour l&rsquo;obtenir, vous devez pr\u00e9senter les documents suivants<\/p>\n<ul>\n<li>la d\u00e9claration de vol ou de perte du passeport faite aupr\u00e8s de l&rsquo;autorit\u00e9 de police locale comp\u00e9tente ;<\/li>\n<li>2 photographies (identiques, de face, en couleur) ;<\/li>\n<li>le billet d&rsquo;avion ou de train pour le retour en Italie ;<\/li>\n<li>les copies \u00e9ventuelles du document perdu ou vol\u00e9 ;<\/li>\n<li>si possible, les documents prouvant l&rsquo;identit\u00e9.<\/li>\n<\/ul>\n<p><strong>ATTENTION :<\/strong> avant d&rsquo;entreprendre un voyage, il est conseill\u00e9 de consulter le site<a href=\"http:\/\/www.viaggiaresicuri.it\/\"> Viaggiare Sicuri<\/a> o\u00f9 il sera possible de consulter, pour chaque pays de destination, des informations mises \u00e0 jour sur le(s) document(s) de voyage n\u00e9cessaire(s) pour l&rsquo;entr\u00e9e dans le pays et sur les \u00e9ventuelles restrictions et\/ou exigences sp\u00e9cifiques.<\/p>\n","protected":false},"excerpt":{"rendered":"Personnel du bureau Email T\u00e9l\u00e9phone Biella Andrea berna.passaporti@esteri.it +41 31 390 10 23 Saulli Alessio berna.passaporti@esteri.it +41 31 390 10 28 &nbsp; I. A QUI S&rsquo;ADRESSE LE SERVICE DES PASSEPORTS ? Les passeports ne peuvent \u00eatre d\u00e9livr\u00e9s qu&rsquo;aux citoyens italiens r\u00e9sidant dans l&rsquo;arrondissement consulaire, d\u00e9j\u00e0 inscrits aupr\u00e8s de l&rsquo;AIRE et disposant d&rsquo;une adresse de r\u00e9sidence [&hellip;]","protected":false},"author":1,"featured_media":0,"parent":3974,"menu_order":8,"comment_status":"closed","ping_status":"closed","template":"","meta":{"footnotes":""},"class_list":["post-4926","page","type-page","status-publish","hentry"],"_links":{"self":[{"href":"https:\/\/ambberna.esteri.it\/fr\/wp-json\/wp\/v2\/pages\/4926","targetHints":{"allow":["GET"]}}],"collection":[{"href":"https:\/\/ambberna.esteri.it\/fr\/wp-json\/wp\/v2\/pages"}],"about":[{"href":"https:\/\/ambberna.esteri.it\/fr\/wp-json\/wp\/v2\/types\/page"}],"author":[{"embeddable":true,"href":"https:\/\/ambberna.esteri.it\/fr\/wp-json\/wp\/v2\/users\/1"}],"replies":[{"embeddable":true,"href":"https:\/\/ambberna.esteri.it\/fr\/wp-json\/wp\/v2\/comments?post=4926"}],"version-history":[{"count":7,"href":"https:\/\/ambberna.esteri.it\/fr\/wp-json\/wp\/v2\/pages\/4926\/revisions"}],"predecessor-version":[{"id":8353,"href":"https:\/\/ambberna.esteri.it\/fr\/wp-json\/wp\/v2\/pages\/4926\/revisions\/8353"}],"up":[{"embeddable":true,"href":"https:\/\/ambberna.esteri.it\/fr\/wp-json\/wp\/v2\/pages\/3974"}],"wp:attachment":[{"href":"https:\/\/ambberna.esteri.it\/fr\/wp-json\/wp\/v2\/media?parent=4926"}],"curies":[{"name":"wp","href":"https:\/\/api.w.org\/{rel}","templated":true}]}}