{"id":4967,"date":"2023-04-11T18:18:56","date_gmt":"2023-04-11T16:18:56","guid":{"rendered":"https:\/\/ambberna.esteri.it\/servizi-consolari-e-visti\/servizi-per-il-cittadino-italiano\/servizi-elettorali\/"},"modified":"2023-12-04T14:35:12","modified_gmt":"2023-12-04T12:35:12","slug":"servizi-elettorali","status":"publish","type":"page","link":"https:\/\/ambberna.esteri.it\/fr\/servizi-consolari-e-visti\/servizi-per-il-cittadino-italiano\/servizi-elettorali\/","title":{"rendered":"Services \u00e9lectoraux"},"content":{"rendered":"<table style=\"background-color: #ffffe0;\">\n<tbody>\n<tr style=\"background-color: #bdb76b; color: #ffffff;\">\n<td width=\"189\"><strong><b>Personnel du bureau<br \/>\n<\/b><\/strong><\/td>\n<td width=\"207\"><strong><b>Email<br \/>\n<\/b><\/strong><\/td>\n<td width=\"118\"><strong><b>T\u00e9l\u00e9phone<\/b><\/strong><\/td>\n<\/tr>\n<tr>\n<td width=\"189\">Macr\u00ec Salvatore<\/td>\n<td width=\"207\"><a href=\"mailto:berna.elettorale@esteri.it\">berna.elettorale@esteri.it<\/a><\/td>\n<td width=\"118\">+41 31 390 10 13<\/td>\n<\/tr>\n<\/tbody>\n<\/table>\n<p>&nbsp;<\/p>\n<p>Le bureau des services \u00e9lectoraux est responsable de la gestion de toutes les \u00e9lections nationales et europ\u00e9ennes auxquelles les \u00e9lecteurs r\u00e9sidant dans la circonscription sont appel\u00e9s \u00e0 participer.<\/p>\n<p>&nbsp;<\/p>\n","protected":false},"excerpt":{"rendered":"Personnel du bureau Email T\u00e9l\u00e9phone Macr\u00ec Salvatore berna.elettorale@esteri.it +41 31 390 10 13 &nbsp; Le bureau des services \u00e9lectoraux est responsable de la gestion de toutes les \u00e9lections nationales et europ\u00e9ennes auxquelles les \u00e9lecteurs r\u00e9sidant dans la circonscription sont appel\u00e9s \u00e0 participer. &nbsp;","protected":false},"author":1,"featured_media":0,"parent":3974,"menu_order":11,"comment_status":"closed","ping_status":"closed","template":"","meta":{"footnotes":""},"class_list":["post-4967","page","type-page","status-publish","hentry"],"_links":{"self":[{"href":"https:\/\/ambberna.esteri.it\/fr\/wp-json\/wp\/v2\/pages\/4967","targetHints":{"allow":["GET"]}}],"collection":[{"href":"https:\/\/ambberna.esteri.it\/fr\/wp-json\/wp\/v2\/pages"}],"about":[{"href":"https:\/\/ambberna.esteri.it\/fr\/wp-json\/wp\/v2\/types\/page"}],"author":[{"embeddable":true,"href":"https:\/\/ambberna.esteri.it\/fr\/wp-json\/wp\/v2\/users\/1"}],"replies":[{"embeddable":true,"href":"https:\/\/ambberna.esteri.it\/fr\/wp-json\/wp\/v2\/comments?post=4967"}],"version-history":[{"count":1,"href":"https:\/\/ambberna.esteri.it\/fr\/wp-json\/wp\/v2\/pages\/4967\/revisions"}],"predecessor-version":[{"id":4972,"href":"https:\/\/ambberna.esteri.it\/fr\/wp-json\/wp\/v2\/pages\/4967\/revisions\/4972"}],"up":[{"embeddable":true,"href":"https:\/\/ambberna.esteri.it\/fr\/wp-json\/wp\/v2\/pages\/3974"}],"wp:attachment":[{"href":"https:\/\/ambberna.esteri.it\/fr\/wp-json\/wp\/v2\/media?parent=4967"}],"curies":[{"name":"wp","href":"https:\/\/api.w.org\/{rel}","templated":true}]}}